{"id":16410,"date":"2025-12-18T13:49:17","date_gmt":"2025-12-18T13:49:17","guid":{"rendered":"https:\/\/loshaitisescayolevantado.com\/?post_type=product&#038;p=16410"},"modified":"2026-01-09T05:51:58","modified_gmt":"2026-01-09T05:51:58","slug":"-347","status":"publish","type":"product","link":"https:\/\/loshaitisescayolevantado.com\/it\/tours\/-347\/","title":{"rendered":"Tour di un giorno di Altos de Chav\u00f3n e shopping a La Romana"},"content":{"rendered":"<p>Scopri i panorami impeccabili e la bellezza rustica della Repubblica Dominicana con un tour di 5 ore nelle citt\u00e0 di Altos de Chav\u00f3n e La Romana. Scopri le credenze e le usanze locali di un contesto caraibico ineguagliabile.<\/p>\n<p>Dopo un trasferimento in comodo autobus all'alba, inizia la tua memorabile spedizione con viste selvagge su uno sfondo appartato sulla costa orientale di Hispaniola. Ammira dove il Mar dei Caraibi ammira lo skyline con celesti blu turchese e onde delicate.<\/p>\n<p>Scopri un villaggio artigianale a strapiombo sul fianco di una collina e meravigliati di come sembri essersi fermato bruscamente poco prima di precipitare. Altos de Chav\u00f3n \u00e8 una meraviglia architettonica; una replica accurata di un villaggio mediterraneo del XVI secolo eretto nei Caraibi. Ammira le sue ampie terrazze con sfondi campestri.<\/p>\n<p>Creati dal regista Robert Coppa, i suoi vicoli acciottolati e l'arredamento rustico sono affascinanti. Scoprite l'artigianato della citt\u00e0, le sue strade lastricate e i suoi edifici pittoreschi. Passeggiando, sarete risvegliati da ricordi di un passato mitico, scolpiti dall'arte contemporanea.<\/p>\n<p>Visita il Museo Archeologico Regionale, arricchito da manufatti precolombiani che illustrano il passato dell'isola. Ammira una ricchezza di oggetti antichi e reperti archeologici. Ammira la cupola geodetica dell'anfiteatro di Altos de Chav\u00f3n, la pi\u00f9 grande sede all'aperto nella Repubblica Dominicana.<\/p>\n<div class=\"toggle-content__content toggle-content__content--expanded toggle-content__content--packable\" data-v-59485d64=\"\">\n<div data-test-id=\"activity-full-description-text\" data-v-5835c99c=\"\">Guarda maestri artigiani che arrotolano sigari nella fabbrica di sigari pi\u00f9 grande del mondo. Lasciati sedurre dall'aroma invecchiato del tabacco, prima di recarti da Jumbo, il pi\u00f9 grande supermercato della citt\u00e0, per setacciare i corridoi alla ricerca di souvenir autentici. Termina con una visita a Plaza Col\u00f3n e acquista artigianato artistico e prodotti locali nel centro commerciale.<\/div>\n<\/div>\n<div class=\"toggle-content__label-placeholder\" data-v-59485d64=\"\"><\/div>","protected":false},"excerpt":{"rendered":"<p>Scopri i panorami impeccabili della Repubblica Dominicana con un tour di 5 ore di Altos de Chav\u00f3n e La Romana. Scopri le credenze e le usanze locali di un'ambientazione caraibica ineguagliabile. Poi, acquista souvenir unici in un autentico centro commerciale caraibico.<\/p>","protected":false},"featured_media":16425,"template":"","meta":[],"product_brand":[],"product_cat":[97],"product_tag":[101,102],"class_list":{"0":"post-16410","1":"product","2":"type-product","3":"status-publish","4":"has-post-thumbnail","6":"product_cat-dominican-republic","7":"product_tag-excursion","8":"product_tag-tour","10":"first","11":"instock","12":"shipping-taxable","13":"product-type-external"},"_links":{"self":[{"href":"https:\/\/loshaitisescayolevantado.com\/it\/wp-json\/wp\/v2\/product\/16410","targetHints":{"allow":["GET"]}}],"collection":[{"href":"https:\/\/loshaitisescayolevantado.com\/it\/wp-json\/wp\/v2\/product"}],"about":[{"href":"https:\/\/loshaitisescayolevantado.com\/it\/wp-json\/wp\/v2\/types\/product"}],"wp:featuredmedia":[{"embeddable":true,"href":"https:\/\/loshaitisescayolevantado.com\/it\/wp-json\/wp\/v2\/media\/16425"}],"wp:attachment":[{"href":"https:\/\/loshaitisescayolevantado.com\/it\/wp-json\/wp\/v2\/media?parent=16410"}],"wp:term":[{"taxonomy":"product_brand","embeddable":true,"href":"https:\/\/loshaitisescayolevantado.com\/it\/wp-json\/wp\/v2\/product_brand?post=16410"},{"taxonomy":"product_cat","embeddable":true,"href":"https:\/\/loshaitisescayolevantado.com\/it\/wp-json\/wp\/v2\/product_cat?post=16410"},{"taxonomy":"product_tag","embeddable":true,"href":"https:\/\/loshaitisescayolevantado.com\/it\/wp-json\/wp\/v2\/product_tag?post=16410"}],"curies":[{"name":"wp","href":"https:\/\/api.w.org\/{rel}","templated":true}]}}