{"id":14994,"date":"2025-12-18T12:43:04","date_gmt":"2025-12-18T12:43:04","guid":{"rendered":"https:\/\/loshaitisescayolevantado.com\/?post_type=product&#038;p=14994"},"modified":"2026-01-07T12:06:13","modified_gmt":"2026-01-07T12:06:13","slug":"da-punta-cana-tour-della-citta-di-santo-domingo-2","status":"publish","type":"product","link":"https:\/\/loshaitisescayolevantado.com\/it\/tours\/da-punta-cana-tour-della-citta-di-santo-domingo-2\/","title":{"rendered":"Da Punta Cana: Tour della citt\u00e0 di Santo Domingo"},"content":{"rendered":"<p>Santo Domingo \u00e8 una citt\u00e0 magica, ricca di storia, cultura e paesaggi sorprendenti. Esplorate la pi\u00f9 antica capitale del \u201cNuovo\u201d Mondo, Santo Domingo, la prima citt\u00e0 fondata in America.<\/p>\n<p>Questo tour turistico vi mostra una citt\u00e0 ricca di storia e cultura. Un'attivit\u00e0 ideale per tutta la famiglia.<\/p>\n<p>- Verremo a prendervi al vostro hotel per iniziare un incredibile viaggio a Santo Domingo, durante il quale vedrete incredibili dettagli sulla cultura della Repubblica Dominicana.<\/p>\n<p>- All'arrivo a Santo Domingo visiterete gli incredibili cenotes del Parco Nazionale Los Tres Ojos, particolarmente naturali e magici.<\/p>\n<p>- Faremo una passeggiata attraverso la Zona Coloniale, una strada romantica, la prima in America, \u201cThe Ladies\u201d. Godendo di una vista panoramica antica ma pittoresca.<\/p>\n<div class=\"toggle-content__content toggle-content__content--expanded toggle-content__content--packable\" data-v-59485d64=\"\">\n<div data-test-id=\"activity-full-description-text\" data-v-5835c99c=\"\">It operates every day. Its approximate total duration is 10 hours.<\/div>\n<\/div>\n<div class=\"toggle-content__label-placeholder\" data-v-59485d64=\"\"><\/div>","protected":false},"excerpt":{"rendered":"<div data-track=\"overview\" data-v-83a2b402=\"\">\n<section id=\"activity-overview\" class=\"activity-overview\" data-component=\"overview\" data-v-83a2b402=\"\" data-v-f3236c42=\"\">\n<p class=\"activity-overview__content\" data-test-id=\"activity-overview-content\" data-v-f3236c42=\"\">Discover the magical city of Santa Domingo with a guide on this all-inclusive tour. Explore the city and visit famous landmarks like the Colonial Zone, the Cenotes of Los Tres Ojos National Park, and much more.<\/p>\n<\/section>\n<\/div>\n<div data-track=\"key-details\" data-v-83a2b402=\"\"><\/div>","protected":false},"featured_media":13942,"template":"","meta":[],"product_brand":[],"product_cat":[97],"product_tag":[101,102],"class_list":{"0":"post-14994","1":"product","2":"type-product","3":"status-publish","4":"has-post-thumbnail","6":"product_cat-dominican-republic","7":"product_tag-excursion","8":"product_tag-tour","10":"first","11":"instock","12":"shipping-taxable","13":"product-type-external"},"_links":{"self":[{"href":"https:\/\/loshaitisescayolevantado.com\/it\/wp-json\/wp\/v2\/product\/14994","targetHints":{"allow":["GET"]}}],"collection":[{"href":"https:\/\/loshaitisescayolevantado.com\/it\/wp-json\/wp\/v2\/product"}],"about":[{"href":"https:\/\/loshaitisescayolevantado.com\/it\/wp-json\/wp\/v2\/types\/product"}],"wp:featuredmedia":[{"embeddable":true,"href":"https:\/\/loshaitisescayolevantado.com\/it\/wp-json\/wp\/v2\/media\/13942"}],"wp:attachment":[{"href":"https:\/\/loshaitisescayolevantado.com\/it\/wp-json\/wp\/v2\/media?parent=14994"}],"wp:term":[{"taxonomy":"product_brand","embeddable":true,"href":"https:\/\/loshaitisescayolevantado.com\/it\/wp-json\/wp\/v2\/product_brand?post=14994"},{"taxonomy":"product_cat","embeddable":true,"href":"https:\/\/loshaitisescayolevantado.com\/it\/wp-json\/wp\/v2\/product_cat?post=14994"},{"taxonomy":"product_tag","embeddable":true,"href":"https:\/\/loshaitisescayolevantado.com\/it\/wp-json\/wp\/v2\/product_tag?post=14994"}],"curies":[{"name":"wp","href":"https:\/\/api.w.org\/{rel}","templated":true}]}}