{"id":14315,"date":"2025-12-18T12:10:59","date_gmt":"2025-12-18T12:10:59","guid":{"rendered":"https:\/\/loshaitisescayolevantado.com\/?post_type=product&#038;p=14315"},"modified":"2026-04-14T08:52:06","modified_gmt":"2026-04-14T08:52:06","slug":"-290","status":"publish","type":"product","link":"https:\/\/loshaitisescayolevantado.com\/it\/tour-2\/-290\/","title":{"rendered":"Tour dell'isola di Saona con pranzo da Punta Cana"},"content":{"rendered":"<p>Tour dell'isola di Saona con pranzo da Punta Cana<\/p>\n<p>Unisciti a noi per l'avventura caraibica definitiva con il nostro accattivante tour dell'isola di Saona, progettato per immergerti nella bellezza mozzafiato e nella vibrante cultura della Repubblica Dominicana!<\/p>\n<p>Il tuo viaggio inizia con un comodo imbarco dalla pittoresca Bayahibe, dove salirai a bordo di un comodo motoscafo per un'entusiasmante corsa attraverso le scintillanti acque del Mar dei Caraibi. Senti l'emozione crescere mentre il vento ti sfiora e la costa panoramica appare, con la promessa di avventure future.<\/p>\n<p>Mentre ti dirigi verso la Piscina Naturale, avrai la possibilit\u00e0 di tuffarti in acque cristalline, dove potrai galleggiare e rilassarti circondato dallo splendido scenario del mare. Questa area unica, annidata tra l'isola di Saona e Bayahibe, \u00e8 perfetta per nuotare e scattare foto memorabili con lo sfondo idilliaco.<\/p>\n<p>Arrivati all'Isola Saona, preparatevi ad essere incantati dalle sue spiagge di sabbia bianca incontaminata e dai lussureggianti paesaggi tropicali. Prenditi il tuo tempo esplorando la costa, raccogliendo conchiglie uniche e godendo della tranquillit\u00e0 di questo paradiso. Mentre ti godi il sole e la brezza marina, ti verr\u00e0 offerto un sontuoso pranzo a buffet in stile dominicano con una variet\u00e0 di piatti locali, il tutto servito con vista panoramica sull'oceano che arricchir\u00e0 la tua esperienza culinaria.<\/p>\n<p>Dopo pranzo, \u00e8 tempo di scatenarsi e godersi l'atmosfera vibrante a bordo del catamarano. Ballate per il pomeriggio con musica vivace e concedetevi il nostro open bar, dove potrete gustare rinfrescanti cocktail tropicali e bevande mentre tornate indietro. Questa vivace festa creer\u00e0 ricordi indelebili mentre vi rilassate con amici e altri viaggiatori.<\/p>\n<p>Non perdere questa incredibile opportunit\u00e0 di sperimentare la bellezza e la cultura della Repubblica Dominicana. Prenota ora il tuo tour dell'isola di Saona per una vacanza caraibica indimenticabile ricca di avventura, relax e momenti indimenticabili!<\/p>","protected":false},"excerpt":{"rendered":"<div data-track=\"overview\" data-v-83a2b402=\"\">\n<section id=\"activity-overview\" class=\"activity-overview\" data-component=\"overview\" data-v-83a2b402=\"\" data-v-f3236c42=\"\">\n<p class=\"activity-overview__content\" data-test-id=\"activity-overview-content\" data-v-f3236c42=\"\">Partite per un viaggio emozionante verso l'isola di Saona, dove sfreccerete sul Mar dei Caraibi.<\/p>\n<\/section>\n<\/div>\n<div data-track=\"key-details\" data-v-83a2b402=\"\"><\/div>","protected":false},"featured_media":14555,"template":"","meta":[],"product_brand":[],"product_cat":[97,98],"product_tag":[101,102],"class_list":{"0":"post-14315","1":"product","2":"type-product","3":"status-publish","4":"has-post-thumbnail","6":"product_cat-dominican-republic","7":"product_cat-saona-island","8":"product_tag-excursion","9":"product_tag-tour","11":"first","12":"instock","13":"sale","14":"shipping-taxable","15":"product-type-external"},"_links":{"self":[{"href":"https:\/\/loshaitisescayolevantado.com\/it\/wp-json\/wp\/v2\/product\/14315","targetHints":{"allow":["GET"]}}],"collection":[{"href":"https:\/\/loshaitisescayolevantado.com\/it\/wp-json\/wp\/v2\/product"}],"about":[{"href":"https:\/\/loshaitisescayolevantado.com\/it\/wp-json\/wp\/v2\/types\/product"}],"wp:featuredmedia":[{"embeddable":true,"href":"https:\/\/loshaitisescayolevantado.com\/it\/wp-json\/wp\/v2\/media\/14555"}],"wp:attachment":[{"href":"https:\/\/loshaitisescayolevantado.com\/it\/wp-json\/wp\/v2\/media?parent=14315"}],"wp:term":[{"taxonomy":"product_brand","embeddable":true,"href":"https:\/\/loshaitisescayolevantado.com\/it\/wp-json\/wp\/v2\/product_brand?post=14315"},{"taxonomy":"product_cat","embeddable":true,"href":"https:\/\/loshaitisescayolevantado.com\/it\/wp-json\/wp\/v2\/product_cat?post=14315"},{"taxonomy":"product_tag","embeddable":true,"href":"https:\/\/loshaitisescayolevantado.com\/it\/wp-json\/wp\/v2\/product_tag?post=14315"}],"curies":[{"name":"wp","href":"https:\/\/api.w.org\/{rel}","templated":true}]}}