{"id":13503,"date":"2025-12-18T11:35:33","date_gmt":"2025-12-18T11:35:33","guid":{"rendered":"https:\/\/loshaitisescayolevantado.com\/?post_type=product&#038;p=13503"},"modified":"2026-02-11T10:56:01","modified_gmt":"2026-02-11T10:56:01","slug":"tour-davventura-in-buggy-con-cioccolato-e-caffe-a-punta-cana","status":"publish","type":"product","link":"https:\/\/loshaitisescayolevantado.com\/it\/tour-2\/tour-davventura-in-buggy-con-cioccolato-e-caffe-a-punta-cana\/","title":{"rendered":"Tour d'avventura in buggy con cioccolato e caff\u00e8 a Punta Cana"},"content":{"rendered":"<div class=\"toggle-content__content toggle-content__content--expanded toggle-content__content--packable\" data-v-59485d64=\"\">\n<div data-test-id=\"activity-full-description-text\" data-v-5835c99c=\"\">Dopo il prelievo e il trasporto al ranch dei buggy, il vostro gruppo si riunir\u00e0 per ricevere brevi istruzioni sulla salute e sicurezza dalla nostra guida turistica cordiale e competente. Poi salite sul vostro buggy e allacciate le cinture perch\u00e9 \u00e8 ora di divertirsi! In stile rally in carovana, viaggerete su strade dissestate tra foreste e lussureggianti giardini tropicali, con una sosta in una fattoria biologica. L\u00ec, avrete l'opportunit\u00e0 di assaggiare e conoscere tesori domenicani come caff\u00e8, t\u00e8 verde, cioccolato, mamajuana e sigari. Guiderete poi alla sosta successiva del tour: una grotta d'acqua profonda 25 piedi. Dopo aver goduto di questo gioiello nascosto e delle sue acque rinfrescanti, seguirete la vostra guida mentre vi condurr\u00e0 alla spettacolare spiaggia di Macao. Rilassatevi e godetevi le onde e la sabbia, circondati da scogliere calcaree, prima di tornare al ranch dei buggy dove il trasporto sar\u00e0 in attesa per riportarvi al vostro punto di prelievo.<\/div>\n<\/div>\n<div class=\"toggle-content__label-placeholder\" data-v-59485d64=\"\"><\/div>","protected":false},"excerpt":{"rendered":"<div data-track=\"overview\" data-v-83a2b402=\"\">\n<section id=\"activity-overview\" class=\"activity-overview\" data-component=\"overview\" data-v-83a2b402=\"\" data-v-f3236c42=\"\">\n<p class=\"activity-overview__content\" data-test-id=\"activity-overview-content\" data-v-f3236c42=\"\">Senti l'adrenalina mentre esplori la campagna di Punta Cana su un buggy. Scopri luoghi impressionanti, come la spiaggia di Macao e la Grotta-Cenote Naturale, e goditi un'avventura.<\/p>\n<\/section>\n<\/div>\n<div data-track=\"key-details\" data-v-83a2b402=\"\"><\/div>","protected":false},"featured_media":13775,"template":"","meta":[],"product_brand":[],"product_cat":[97],"product_tag":[101,102],"class_list":{"0":"post-13503","1":"product","2":"type-product","3":"status-publish","4":"has-post-thumbnail","6":"product_cat-dominican-republic","7":"product_tag-excursion","8":"product_tag-tour","10":"first","11":"instock","12":"shipping-taxable","13":"product-type-external"},"_links":{"self":[{"href":"https:\/\/loshaitisescayolevantado.com\/it\/wp-json\/wp\/v2\/product\/13503","targetHints":{"allow":["GET"]}}],"collection":[{"href":"https:\/\/loshaitisescayolevantado.com\/it\/wp-json\/wp\/v2\/product"}],"about":[{"href":"https:\/\/loshaitisescayolevantado.com\/it\/wp-json\/wp\/v2\/types\/product"}],"wp:featuredmedia":[{"embeddable":true,"href":"https:\/\/loshaitisescayolevantado.com\/it\/wp-json\/wp\/v2\/media\/13775"}],"wp:attachment":[{"href":"https:\/\/loshaitisescayolevantado.com\/it\/wp-json\/wp\/v2\/media?parent=13503"}],"wp:term":[{"taxonomy":"product_brand","embeddable":true,"href":"https:\/\/loshaitisescayolevantado.com\/it\/wp-json\/wp\/v2\/product_brand?post=13503"},{"taxonomy":"product_cat","embeddable":true,"href":"https:\/\/loshaitisescayolevantado.com\/it\/wp-json\/wp\/v2\/product_cat?post=13503"},{"taxonomy":"product_tag","embeddable":true,"href":"https:\/\/loshaitisescayolevantado.com\/it\/wp-json\/wp\/v2\/product_tag?post=13503"}],"curies":[{"name":"wp","href":"https:\/\/api.w.org\/{rel}","templated":true}]}}