{"id":12959,"date":"2025-12-18T11:13:19","date_gmt":"2025-12-18T11:13:19","guid":{"rendered":"https:\/\/loshaitisescayolevantado.com\/?post_type=product&#038;p=12959"},"modified":"2026-02-11T03:59:09","modified_gmt":"2026-02-11T03:59:09","slug":"-184","status":"publish","type":"product","link":"https:\/\/loshaitisescayolevantado.com\/it\/tours\/-184\/","title":{"rendered":"Saman\u00e1 Cayo Levantado e Cascada El Lim\u00f3n Da Punta Cana"},"content":{"rendered":"<p>Dopo il prelievo dal tuo hotel a Santo Domingo o Punta Cana alle 6:00 del mattino, ci recheremo al porto di Saman\u00e1, imbarcheremo su un catamarano e indosseremo un giubbotto di salvataggio per entrare nella baia di Saman\u00e1.<\/p>\n<p>Durante il viaggio, godremo di una delle esperienze pi\u00f9 entusiasmanti che si possano fare nel nord della Repubblica Dominicana. Indovinate un po'? Whale watching! Ci fermeremo in mezzo al mare in attesa che le megattere emergano in superficie.<\/p>\n<p>Sai perch\u00e9 questo angolo dei Caraibi \u00e8 uno dei luoghi ideali per svolgere questa attivit\u00e0? Ogni anno, tra gennaio e marzo, circa 3.000 megattere si riproducono in queste acque calde. Rimarrai a bocca aperta!<\/p>\n<p>Successivamente, proseguiremo con la rotta che porta a Cayo Levantado, un piccolo isolotto che sembra uscito da un sogno. Una volta arrivati, sbarcheremo e vi lasceremo cinque ore di tempo libero per rilassarvi su una delle sue spiagge paradisiache. Acqua cristallina, sabbia bianca, cosa si pu\u00f2 volere di pi\u00f9?<\/p>\n<p>E dopo un pranzo a buffet in spiaggia, rientreremo al catamarano. Saremo tornati al punto di partenza tra le 17:45 e le 18:00.<\/p>","protected":false},"excerpt":{"rendered":"<div data-track=\"overview\" data-v-83a2b402=\"\">\n<section id=\"activity-overview\" class=\"activity-overview\" data-component=\"overview\" data-v-83a2b402=\"\" data-v-f3236c42=\"\">\n<p class=\"activity-overview__content\" data-test-id=\"activity-overview-content\" data-v-f3236c42=\"\">L'osservazione delle megattere \u00e8 una delle grandi attrazioni turistiche di Saman\u00e1. Ora puoi vederla con questo tour e rilassarti sulle spiagge di Cayo Levantado.<\/p>\n<\/section>\n<\/div>\n<div data-track=\"key-details\" data-v-83a2b402=\"\"><\/div>","protected":false},"featured_media":13202,"template":"","meta":[],"product_brand":[],"product_cat":[97],"product_tag":[101,102],"class_list":{"0":"post-12959","1":"product","2":"type-product","3":"status-publish","4":"has-post-thumbnail","6":"product_cat-dominican-republic","7":"product_tag-excursion","8":"product_tag-tour","10":"first","11":"instock","12":"shipping-taxable","13":"product-type-external"},"_links":{"self":[{"href":"https:\/\/loshaitisescayolevantado.com\/it\/wp-json\/wp\/v2\/product\/12959","targetHints":{"allow":["GET"]}}],"collection":[{"href":"https:\/\/loshaitisescayolevantado.com\/it\/wp-json\/wp\/v2\/product"}],"about":[{"href":"https:\/\/loshaitisescayolevantado.com\/it\/wp-json\/wp\/v2\/types\/product"}],"wp:featuredmedia":[{"embeddable":true,"href":"https:\/\/loshaitisescayolevantado.com\/it\/wp-json\/wp\/v2\/media\/13202"}],"wp:attachment":[{"href":"https:\/\/loshaitisescayolevantado.com\/it\/wp-json\/wp\/v2\/media?parent=12959"}],"wp:term":[{"taxonomy":"product_brand","embeddable":true,"href":"https:\/\/loshaitisescayolevantado.com\/it\/wp-json\/wp\/v2\/product_brand?post=12959"},{"taxonomy":"product_cat","embeddable":true,"href":"https:\/\/loshaitisescayolevantado.com\/it\/wp-json\/wp\/v2\/product_cat?post=12959"},{"taxonomy":"product_tag","embeddable":true,"href":"https:\/\/loshaitisescayolevantado.com\/it\/wp-json\/wp\/v2\/product_tag?post=12959"}],"curies":[{"name":"wp","href":"https:\/\/api.w.org\/{rel}","templated":true}]}}