{"id":10376,"date":"2025-12-18T09:33:21","date_gmt":"2025-12-18T09:33:21","guid":{"rendered":"https:\/\/loshaitisescayolevantado.com\/?post_type=product&#038;p=10376"},"modified":"2026-02-09T06:15:06","modified_gmt":"2026-02-09T06:15:06","slug":"-11","status":"publish","type":"product","link":"https:\/\/loshaitisescayolevantado.com\/it\/tour-2\/-11\/","title":{"rendered":"Santo Domingo: Tour guidato in bicicletta del quartiere Ciudad Colonial"},"content":{"rendered":"<p>Siete pronti per un'avventura indimenticabile nel cuore di Santo Domingo? Unitevi a noi nel tour pi\u00f9 divertente e autentico della Zona Coloniale, dove storia e cultura prendono vita, creando ricordi indelebili!<\/p>\n<p>Preparatevi a coprire pi\u00f9 terreno e a sfruttare al meglio il vostro tempo in questa vibrante citt\u00e0. Il nostro tour \u00e8 stato progettato per portarvi negli angoli pi\u00f9 belli e nascosti, perfetti per quegli scatti degni di Insta che faranno invidia ai vostri amici!<\/p>\n<p>Questo tour non \u00e8 solo una visita turistica, ma un'immersione nell'anima di Santo Domingo. Dalle viste panoramiche sul Mar dei Caraibi, alla sensazione della brezza rinfrescante sul viso, fino all'esplorazione dei parchi principali, delle piazze e delle rovine secolari, avrete un assaggio della ricca storia e del patrimonio della citt\u00e0.<\/p>\n<p>Ma non \u00e8 tutto! Vi porteremo a visitare affascinanti attivit\u00e0 locali che mostrano il meglio della nostra cultura. Avrete l'opportunit\u00e0 di vivere Santo Domingo come un abitante del luogo, scoprendo tutti i posti migliori dove mangiare, bere, ballare e fare shopping. Alla fine del tour, vi sembrer\u00e0 di vivere qui da sempre!<\/p>\n<p>Non preoccupatevi delle limitazioni di et\u00e0: questo tour di 7 km \u00e8 adatto a tutte le et\u00e0, quindi tutti possono partecipare al divertimento. Basta presentarsi 15 minuti prima dell'inizio del tour e al resto pensiamo noi.<\/p>","protected":false},"excerpt":{"rendered":"<div data-track=\"overview\" data-v-83a2b402=\"\">\n<section id=\"activity-overview\" class=\"activity-overview\" data-component=\"overview\" data-v-83a2b402=\"\" data-v-f3236c42=\"\">\n<p class=\"activity-overview__content\" data-test-id=\"activity-overview-content\" data-v-f3236c42=\"\">Esplorate il quartiere Ciudad Colonial di Santo Domingo con un tour guidato in bicicletta attraverso la citt\u00e0. Godetevi le viste pittoresche del Mar dei Caraibi e scoprite i migliori locali per ballare e bere.<\/p>\n<\/section>\n<\/div>\n<div data-track=\"key-details\" data-v-83a2b402=\"\"><\/div>","protected":false},"featured_media":10739,"template":"","meta":[],"product_brand":[],"product_cat":[97],"product_tag":[101,102],"class_list":{"0":"post-10376","1":"product","2":"type-product","3":"status-publish","4":"has-post-thumbnail","6":"product_cat-dominican-republic","7":"product_tag-excursion","8":"product_tag-tour","10":"first","11":"instock","12":"shipping-taxable","13":"product-type-external"},"_links":{"self":[{"href":"https:\/\/loshaitisescayolevantado.com\/it\/wp-json\/wp\/v2\/product\/10376","targetHints":{"allow":["GET"]}}],"collection":[{"href":"https:\/\/loshaitisescayolevantado.com\/it\/wp-json\/wp\/v2\/product"}],"about":[{"href":"https:\/\/loshaitisescayolevantado.com\/it\/wp-json\/wp\/v2\/types\/product"}],"wp:featuredmedia":[{"embeddable":true,"href":"https:\/\/loshaitisescayolevantado.com\/it\/wp-json\/wp\/v2\/media\/10739"}],"wp:attachment":[{"href":"https:\/\/loshaitisescayolevantado.com\/it\/wp-json\/wp\/v2\/media?parent=10376"}],"wp:term":[{"taxonomy":"product_brand","embeddable":true,"href":"https:\/\/loshaitisescayolevantado.com\/it\/wp-json\/wp\/v2\/product_brand?post=10376"},{"taxonomy":"product_cat","embeddable":true,"href":"https:\/\/loshaitisescayolevantado.com\/it\/wp-json\/wp\/v2\/product_cat?post=10376"},{"taxonomy":"product_tag","embeddable":true,"href":"https:\/\/loshaitisescayolevantado.com\/it\/wp-json\/wp\/v2\/product_tag?post=10376"}],"curies":[{"name":"wp","href":"https:\/\/api.w.org\/{rel}","templated":true}]}}