{"id":17737,"date":"2025-12-18T14:49:54","date_gmt":"2025-12-18T14:49:54","guid":{"rendered":"https:\/\/loshaitisescayolevantado.com\/?post_type=product&#038;p=17737"},"modified":"2025-12-18T14:58:43","modified_gmt":"2025-12-18T14:58:43","slug":"transferts-prives-punta-cana-taxi-bavaro-punta-cana","status":"publish","type":"product","link":"https:\/\/loshaitisescayolevantado.com\/fr\/tours\/transferts-prives-punta-cana-taxi-bavaro-punta-cana\/","title":{"rendered":"Punta Cana : Transferts priv\u00e9s Taxi Bavaro Punta Cana"},"content":{"rendered":"<div class=\"toggle-content__content toggle-content__content--expanded toggle-content__content--packable\" data-v-59485d64=\"\">\n<div data-test-id=\"activity-full-description-text\" data-v-5835c99c=\"\">Come and enjoy an unforgettable experience at the highest level of safety, comfort and convenience in the area of Punta Cana and Dominican Republic, your safe and timely transportation to your destination, we have a variety of vehicles with capacity from 1 to 60 people, we also have Vip Suburban service for customers who need more comfort and an unforgettable experience.<\/div>\n<\/div>\n<div class=\"toggle-content__label-placeholder\" data-v-59485d64=\"\"><\/div>","protected":false},"excerpt":{"rendered":"<div data-track=\"overview\" data-v-83a2b402=\"\">\n<section id=\"activity-overview\" class=\"activity-overview\" data-component=\"overview\" data-v-83a2b402=\"\" data-v-f3236c42=\"\">\n<p class=\"activity-overview__content\" data-test-id=\"activity-overview-content\" data-v-f3236c42=\"\">Nous sommes la compagnie officielle de taxis, de transferts et de transports touristiques au plus haut niveau dans la r\u00e9gion de Punta Cana et dans toute la R\u00e9publique dominicaine. R\u00e9servez maintenant pour vivre la meilleure exp\u00e9rience.<\/p>\n<\/section>\n<\/div>\n<div data-track=\"key-details\" data-v-83a2b402=\"\"><\/div>","protected":false},"featured_media":17934,"template":"","meta":[],"product_brand":[],"product_cat":[97],"product_tag":[101,102],"class_list":{"0":"post-17737","1":"product","2":"type-product","3":"status-publish","4":"has-post-thumbnail","6":"product_cat-dominican-republic","7":"product_tag-excursion","8":"product_tag-tour","10":"first","11":"instock","12":"shipping-taxable","13":"product-type-external"},"_links":{"self":[{"href":"https:\/\/loshaitisescayolevantado.com\/fr\/wp-json\/wp\/v2\/product\/17737","targetHints":{"allow":["GET"]}}],"collection":[{"href":"https:\/\/loshaitisescayolevantado.com\/fr\/wp-json\/wp\/v2\/product"}],"about":[{"href":"https:\/\/loshaitisescayolevantado.com\/fr\/wp-json\/wp\/v2\/types\/product"}],"wp:featuredmedia":[{"embeddable":true,"href":"https:\/\/loshaitisescayolevantado.com\/fr\/wp-json\/wp\/v2\/media\/17934"}],"wp:attachment":[{"href":"https:\/\/loshaitisescayolevantado.com\/fr\/wp-json\/wp\/v2\/media?parent=17737"}],"wp:term":[{"taxonomy":"product_brand","embeddable":true,"href":"https:\/\/loshaitisescayolevantado.com\/fr\/wp-json\/wp\/v2\/product_brand?post=17737"},{"taxonomy":"product_cat","embeddable":true,"href":"https:\/\/loshaitisescayolevantado.com\/fr\/wp-json\/wp\/v2\/product_cat?post=17737"},{"taxonomy":"product_tag","embeddable":true,"href":"https:\/\/loshaitisescayolevantado.com\/fr\/wp-json\/wp\/v2\/product_tag?post=17737"}],"curies":[{"name":"wp","href":"https:\/\/api.w.org\/{rel}","templated":true}]}}