{"id":17120,"date":"2025-12-18T14:23:51","date_gmt":"2025-12-18T14:23:51","guid":{"rendered":"https:\/\/loshaitisescayolevantado.com\/?post_type=product&#038;p=17120"},"modified":"2026-01-09T14:17:02","modified_gmt":"2026-01-09T14:17:02","slug":"-386","status":"publish","type":"product","link":"https:\/\/loshaitisescayolevantado.com\/fr\/tours\/-386\/","title":{"rendered":"Los Haitises &amp; Esmeralda Beach + Montana Redonda"},"content":{"rendered":"<p>Take a small group trip to Los Haitises national park staring from Punta Cana. Boat ride at the mangroves in Cano Hondo river. By foot, traverse the unique landscape of Los Haitises with its limestone karst plateau, conical hills, sinkholes, and caverns.<\/p>\n<p>Explorez les \u00eelots et les mangroves de la baie de San Lorenzo et observez les oiseaux volant \u00e0 basse altitude \u00e0 Cayo de los P\u00e1jaros, entre la Boca del Infierno et El Naranjo Arriba. Arr\u00eatez-vous dans de nombreux mogotes et atolls dispers\u00e9s le long de la c\u00f4te qui entoure le parc, et identifiez des dizaines d'oiseaux indig\u00e8nes en chemin.<\/p>\n<p>D\u00e9couvrez les arbres cupey et les oiseaux qui peuplent leurs branches horizontales, ainsi que les bananiers sauvages et les amandiers tropicaux. Observez les crustac\u00e9s, les poissons et les oiseaux indig\u00e8nes qui prosp\u00e8rent gr\u00e2ce \u00e0 l'eau de rivi\u00e8re impeccable et \u00e0 la v\u00e9g\u00e9tation luxuriante.<\/p>\n<p>Continuez vers un terrain plus rocailleux o\u00f9 vous visiterez deux cavernes d\u00e9cor\u00e9es de p\u00e9troglyphes et de gravures murales \u2013 les traces laiss\u00e9es par les Ta\u00efnos qui y vivaient il y a longtemps. Faites attention aux chauves-souris et aux autres oiseaux nocturnes qui habitent ces grottes.<\/p>\n<p>After this visiting local Cuisine restaurant for lunch and travel to Esmeralda beach for Free time. Esmeralda bay is one of the last Birgin Beaches in the Dominican Republic. Take time to explore!<\/p>\n<div class=\"toggle-content__content toggle-content__content--expanded toggle-content__content--packable\" data-v-59485d64=\"\">\n<div data-test-id=\"activity-full-description-text\" data-v-5835c99c=\"\">Using Safari to the mountain hills up to Montana Redonda for feel amazed with the views to the ocean and mountains around the nature. Find the best views in a special location between Laguna Lim\u00f3n and Laguna Redonda and see as far as the Bay of Samana, the Cordillera Oriental, and the Atlantic Ocean.<\/div>\n<\/div>\n<div class=\"toggle-content__label-placeholder\" data-v-59485d64=\"\"><\/div>","protected":false},"excerpt":{"rendered":"<div data-track=\"overview\" data-v-83a2b402=\"\">\n<section id=\"activity-overview\" class=\"activity-overview\" data-component=\"overview\" data-v-83a2b402=\"\" data-v-f3236c42=\"\">\n<p class=\"activity-overview__content\" data-test-id=\"activity-overview-content\" data-v-f3236c42=\"\">Visiting Los Haitises Park , Mangroves and islands by Boat trip and hiking the caves. After Lunch with locals visit one of the most virgin beaches around the east cost &amp; Safari to Montana redonda<\/p>\n<\/section>\n<\/div>\n<div data-track=\"key-details\" data-v-83a2b402=\"\"><\/div>","protected":false},"featured_media":17149,"template":"","meta":[],"product_brand":[],"product_cat":[97,103],"product_tag":[101,102],"class_list":{"0":"post-17120","1":"product","2":"type-product","3":"status-publish","4":"has-post-thumbnail","6":"product_cat-dominican-republic","7":"product_cat-los-haitises","8":"product_tag-excursion","9":"product_tag-tour","11":"first","12":"instock","13":"sale","14":"shipping-taxable","15":"product-type-external"},"_links":{"self":[{"href":"https:\/\/loshaitisescayolevantado.com\/fr\/wp-json\/wp\/v2\/product\/17120","targetHints":{"allow":["GET"]}}],"collection":[{"href":"https:\/\/loshaitisescayolevantado.com\/fr\/wp-json\/wp\/v2\/product"}],"about":[{"href":"https:\/\/loshaitisescayolevantado.com\/fr\/wp-json\/wp\/v2\/types\/product"}],"wp:featuredmedia":[{"embeddable":true,"href":"https:\/\/loshaitisescayolevantado.com\/fr\/wp-json\/wp\/v2\/media\/17149"}],"wp:attachment":[{"href":"https:\/\/loshaitisescayolevantado.com\/fr\/wp-json\/wp\/v2\/media?parent=17120"}],"wp:term":[{"taxonomy":"product_brand","embeddable":true,"href":"https:\/\/loshaitisescayolevantado.com\/fr\/wp-json\/wp\/v2\/product_brand?post=17120"},{"taxonomy":"product_cat","embeddable":true,"href":"https:\/\/loshaitisescayolevantado.com\/fr\/wp-json\/wp\/v2\/product_cat?post=17120"},{"taxonomy":"product_tag","embeddable":true,"href":"https:\/\/loshaitisescayolevantado.com\/fr\/wp-json\/wp\/v2\/product_tag?post=17120"}],"curies":[{"name":"wp","href":"https:\/\/api.w.org\/{rel}","templated":true}]}}