{"id":16990,"date":"2025-12-18T14:17:25","date_gmt":"2025-12-18T14:17:25","guid":{"rendered":"https:\/\/loshaitisescayolevantado.com\/?post_type=product&#038;p=16990"},"modified":"2026-01-09T13:14:26","modified_gmt":"2026-01-09T13:14:26","slug":"-376","status":"publish","type":"product","link":"https:\/\/loshaitisescayolevantado.com\/fr\/tours\/-376\/","title":{"rendered":"Miches : Los Haitises, Transfert, Visite \u00e0 pied et en bateau."},"content":{"rendered":"<p>Voyagez dans le nord-est recul\u00e9 de la R\u00e9publique dominicaine jusqu'au parc national Los Haitises. Visitez la rivi\u00e8re Ca\u00f1o Hondo, San Lorenzo et Cayo de los P\u00e1jaros, et admirez l'oc\u00e9an Atlantique depuis le sommet de la montagne. Profitez des transferts aller-retour depuis votre h\u00f4tel et d'un d\u00e9jeuner pour vous d\u00e9tendre entre vos aventures.<\/p>\n<p>Commencez la visite en bateau sur le fleuve Ca\u00f1o Hondo, un cours d'eau qui traverse la plus grande mangrove des Cara\u00efbes. \u00c0 pied, parcourez le paysage unique des Los Haitises avec son plateau karstique calcaire, ses collines coniques, ses dolines et ses cavernes.<\/p>\n<p>Explorez les \u00eelots et les mangroves de la baie de San Lorenzo et observez les oiseaux volant \u00e0 basse altitude \u00e0 Cayo de los P\u00e1jaros, entre la Boca del Infierno et El Naranjo Arriba. Arr\u00eatez-vous dans de nombreux mogotes et atolls dispers\u00e9s le long de la c\u00f4te qui entoure le parc, et identifiez des dizaines d'oiseaux indig\u00e8nes en chemin.<\/p>\n<p>D\u00e9couvrez les arbres cupey et les oiseaux qui peuplent leurs branches horizontales, ainsi que les bananiers sauvages et les amandiers tropicaux. Observez les crustac\u00e9s, les poissons et les oiseaux indig\u00e8nes qui prosp\u00e8rent gr\u00e2ce \u00e0 l'eau de rivi\u00e8re impeccable et \u00e0 la v\u00e9g\u00e9tation luxuriante.<\/p>\n<p>Continuez vers un terrain plus rocailleux o\u00f9 vous visiterez deux cavernes d\u00e9cor\u00e9es de p\u00e9troglyphes et de gravures murales \u2013 les traces laiss\u00e9es par les Ta\u00efnos qui y vivaient il y a longtemps. Faites attention aux chauves-souris et aux autres oiseaux nocturnes qui habitent ces grottes.<\/p>\n<div class=\"toggle-content__content toggle-content__content--expanded toggle-content__content--packable\" data-v-59485d64=\"\">\n<div data-test-id=\"activity-full-description-text\" data-v-5835c99c=\"\">Enfin, prenez le bus pour rentrer \u00e0 votre destination \u00e0 Miches.<\/div>\n<\/div>\n<div class=\"toggle-content__label-placeholder\" data-v-59485d64=\"\"><\/div>","protected":false},"excerpt":{"rendered":"<div data-track=\"overview\" data-v-83a2b402=\"\">\n<section id=\"activity-overview\" class=\"activity-overview\" data-component=\"overview\" data-v-83a2b402=\"\" data-v-f3236c42=\"\">\n<p class=\"activity-overview__content\" data-test-id=\"activity-overview-content\" data-v-f3236c42=\"\">Explorez le parc national Los Haitises et les sites visit\u00e9s par les habitants en partant de Miches. Profitez de la nature lors de visites en petits groupes dans ce parc incroyable. Visitez des grottes, des mangroves et les \u00eeles environnantes.<\/p>\n<\/section>\n<\/div>\n<div data-track=\"key-details\" data-v-83a2b402=\"\"><\/div>","protected":false},"featured_media":17035,"template":"","meta":[],"product_brand":[],"product_cat":[97,103],"product_tag":[101,102],"class_list":{"0":"post-16990","1":"product","2":"type-product","3":"status-publish","4":"has-post-thumbnail","6":"product_cat-dominican-republic","7":"product_cat-los-haitises","8":"product_tag-excursion","9":"product_tag-tour","11":"first","12":"instock","13":"sale","14":"shipping-taxable","15":"product-type-external"},"_links":{"self":[{"href":"https:\/\/loshaitisescayolevantado.com\/fr\/wp-json\/wp\/v2\/product\/16990","targetHints":{"allow":["GET"]}}],"collection":[{"href":"https:\/\/loshaitisescayolevantado.com\/fr\/wp-json\/wp\/v2\/product"}],"about":[{"href":"https:\/\/loshaitisescayolevantado.com\/fr\/wp-json\/wp\/v2\/types\/product"}],"wp:featuredmedia":[{"embeddable":true,"href":"https:\/\/loshaitisescayolevantado.com\/fr\/wp-json\/wp\/v2\/media\/17035"}],"wp:attachment":[{"href":"https:\/\/loshaitisescayolevantado.com\/fr\/wp-json\/wp\/v2\/media?parent=16990"}],"wp:term":[{"taxonomy":"product_brand","embeddable":true,"href":"https:\/\/loshaitisescayolevantado.com\/fr\/wp-json\/wp\/v2\/product_brand?post=16990"},{"taxonomy":"product_cat","embeddable":true,"href":"https:\/\/loshaitisescayolevantado.com\/fr\/wp-json\/wp\/v2\/product_cat?post=16990"},{"taxonomy":"product_tag","embeddable":true,"href":"https:\/\/loshaitisescayolevantado.com\/fr\/wp-json\/wp\/v2\/product_tag?post=16990"}],"curies":[{"name":"wp","href":"https:\/\/api.w.org\/{rel}","templated":true}]}}