{"id":16960,"date":"2025-12-18T14:15:57","date_gmt":"2025-12-18T14:15:57","guid":{"rendered":"https:\/\/loshaitisescayolevantado.com\/?post_type=product&#038;p=16960"},"modified":"2026-01-09T13:13:12","modified_gmt":"2026-01-09T13:13:12","slug":"de-puerto-plata-santo-domingo-visite-complete","status":"publish","type":"product","link":"https:\/\/loshaitisescayolevantado.com\/fr\/tours\/de-puerto-plata-santo-domingo-visite-complete\/","title":{"rendered":"Depuis Puerto Plata : Visite compl\u00e8te de Saint-Domingue"},"content":{"rendered":"<p>Cette visite vous fera remonter le temps et vous montrera Saint-Domingue \u00e0 l'\u00e9poque de la colonie espagnole. Vous admirerez l'architecture du XVIe si\u00e8cle et ressentirez l'ambiance des si\u00e8cles pass\u00e9s. Pour ne pas vous laisser submerger par les monuments, vous explorerez \u00e9galement les c\u00e9notes dans le paysage tropical, vous approcherez du phare g\u00e9ant de Columbus et vous prendrez le t\u00e9l\u00e9ph\u00e9rique pour survoler la ville.<\/p>\n<p>Vous partirez t\u00f4t le matin (vers 6h) et prendrez un petit d\u00e9jeuner emball\u00e9 en cours de route. Le transfert vers la capitale dure environ 3,5 heures.<\/p>\n<p>Une fois arriv\u00e9 \u00e0 Saint-Domingue, vous verrez d'abord le c\u00e9l\u00e8bre boulevard Malecon au bord de la mer des Cara\u00efbes. Ensuite, vous suivrez la partie est de la ville, o\u00f9 vous aurez un coup d'\u0153il sur l'\u00e9norme monument \u00e0 Christophe Colomb. A proximit\u00e9 se trouvent les magnifiques cenotes Les Trois Yeux. Vous explorerez les grottes de calcaire et ferez un tour en petit bateau \u00e0 l'int\u00e9rieur de la caverne.<\/p>\n<p>Votre prochaine attraction sera le t\u00e9l\u00e9ph\u00e9rique au-dessus de la ville, qui relie diff\u00e9rents quartiers de la capitale. Vous serez surpris de voir \u00e0 quel point les conditions de vie des habitants peuvent \u00eatre diff\u00e9rentes...<\/p>\n<p>Vers midi, vous vous dirigerez vers la vieille ville, pour une promenade d'environ une heure. Vous suivrez l'itin\u00e9raire du premier gouverneur de Saint-Domingue, Nicol\u00e1s de Ovando. Les b\u00e2timents datant de son \u00e9poque sont les premi\u00e8res cr\u00e9ations espagnoles dans le Nouveau Monde. Saint-Domingue \u00e9tait alors le quartier g\u00e9n\u00e9ral de toutes les colonies espagnoles. Vous d\u00e9couvrirez les monuments les plus importants : Alcazar de Col\u00f3n, Casas Reales, forteresse d'Ozama, cath\u00e9drale, monast\u00e8re de Santo Domingo et autres.<\/p>\n<p>Apr\u00e8s la visite, vous profiterez d'un d\u00e9jeuner dominicain sous forme de buffet savoureux avec boisson non alcoolis\u00e9e incluse. Vous aurez ensuite du temps libre pour explorer la vieille ville \u00e0 votre guise. C'est l'occasion id\u00e9ale pour faire quelques achats de souvenirs ou simplement se promener.<\/p>\n<p>Nous quitterons la ville vers 16-17 heures et reviendrons sur la c\u00f4te nord vers 20-21 heures.<\/p>","protected":false},"excerpt":{"rendered":"<div data-track=\"overview\" data-v-83a2b402=\"\">\n<section id=\"activity-overview\" class=\"activity-overview\" data-component=\"overview\" data-v-83a2b402=\"\" data-v-f3236c42=\"\">\n<p class=\"activity-overview__content\" data-test-id=\"activity-overview-content\" data-v-f3236c42=\"\">D\u00e9couvrez la plus grande et la plus ancienne ville de la R\u00e9publique dominicaine, la capitale Saint-Domingue. Cette visite d'une journ\u00e9e vous permettra de d\u00e9couvrir la ville coloniale et ses principales attractions. Ressentez l'ambiance de l'ancien temps !<\/p>\n<\/section>\n<\/div>\n<div data-track=\"key-details\" data-v-83a2b402=\"\"><\/div>","protected":false},"featured_media":17004,"template":"","meta":[],"product_brand":[],"product_cat":[97],"product_tag":[101,102],"class_list":{"0":"post-16960","1":"product","2":"type-product","3":"status-publish","4":"has-post-thumbnail","6":"product_cat-dominican-republic","7":"product_tag-excursion","8":"product_tag-tour","10":"first","11":"instock","12":"shipping-taxable","13":"product-type-external"},"_links":{"self":[{"href":"https:\/\/loshaitisescayolevantado.com\/fr\/wp-json\/wp\/v2\/product\/16960","targetHints":{"allow":["GET"]}}],"collection":[{"href":"https:\/\/loshaitisescayolevantado.com\/fr\/wp-json\/wp\/v2\/product"}],"about":[{"href":"https:\/\/loshaitisescayolevantado.com\/fr\/wp-json\/wp\/v2\/types\/product"}],"wp:featuredmedia":[{"embeddable":true,"href":"https:\/\/loshaitisescayolevantado.com\/fr\/wp-json\/wp\/v2\/media\/17004"}],"wp:attachment":[{"href":"https:\/\/loshaitisescayolevantado.com\/fr\/wp-json\/wp\/v2\/media?parent=16960"}],"wp:term":[{"taxonomy":"product_brand","embeddable":true,"href":"https:\/\/loshaitisescayolevantado.com\/fr\/wp-json\/wp\/v2\/product_brand?post=16960"},{"taxonomy":"product_cat","embeddable":true,"href":"https:\/\/loshaitisescayolevantado.com\/fr\/wp-json\/wp\/v2\/product_cat?post=16960"},{"taxonomy":"product_tag","embeddable":true,"href":"https:\/\/loshaitisescayolevantado.com\/fr\/wp-json\/wp\/v2\/product_tag?post=16960"}],"curies":[{"name":"wp","href":"https:\/\/api.w.org\/{rel}","templated":true}]}}