{"id":14654,"date":"2025-12-18T12:27:55","date_gmt":"2025-12-18T12:27:55","guid":{"rendered":"https:\/\/loshaitisescayolevantado.com\/?post_type=product&#038;p=14654"},"modified":"2026-02-11T13:12:20","modified_gmt":"2026-02-11T13:12:20","slug":"party-boat-in-catamaran-trinity-snorkeling-private-beach","status":"publish","type":"product","link":"https:\/\/loshaitisescayolevantado.com\/fr\/tours\/party-boat-in-catamaran-trinity-snorkeling-private-beach\/","title":{"rendered":"Party boat en catamaran trinity| snorkeling| plage priv\u00e9e"},"content":{"rendered":"<p>Bienvenue dans le plaisir<\/p>\n<p>Si vous cherchez \u00e0 passer un excellent moment \u00e0 Punta Cana avec une bonne ambiance, une bonne musique et des gens pr\u00eats \u00e0 vous divertir car nous sommes l\u00e0 ; plus que pr\u00eats \u00e0 faire de vos vacances les meilleures de votre vie. R\u00e9servez avec nous cette excursion sur l'un de nos catamarans o\u00f9 vous pourrez profiter des magnifiques plages priv\u00e9es de Bavaro, un voyage qui vous m\u00e8nera le long de la c\u00f4te tout en profitant du meilleur divertissement de notre personnel.<\/p>\n<p>Je vous invite \u00e0 vivre cette Aventure. Les activit\u00e9s \u00e0 r\u00e9aliser sont les suivantes : La premi\u00e8re chose est que nous proc\u00e9dons \u00e0 la prise en charge de nos clients \u00e0 leur destination et qu'ils sont emmen\u00e9s \u00e0 la plage o\u00f9 notre bateau les attend. Notre \u00e9quipe sera l\u00e0 \u00e0 les attendre et pendant que nous sortons, la visite pourra se faire en se faisant des amis avant d'embarquer.<\/p>\n<p>2. Apr\u00e8s avoir embarqu\u00e9 sur notre catamaran, pr\u00e9parez-vous \u00e0 passer une journ\u00e9e inoubliable et profitez de bonne musique et d'un bar \u00e0 volont\u00e9. Notre \u00e9quipe est pr\u00eate \u00e0 vous faire vivre la meilleure exp\u00e9rience.<\/p>\n<p>3\u00e8me. Avant d'ouvrir le Bar, nous faisons une halte pour faire de la plong\u00e9e avec tuba, une exp\u00e9rience que vous n'oublierez jamais. Nos guides prendront soin de vous pr\u00e9parer \u00e0 appr\u00e9cier la beaut\u00e9 de l'oc\u00e9an dans ces eaux cristallines merveilleuses.<\/p>\n<p>et quand nous sommes de retour \u00e0 bord, nous ouvrons notre bar et ici vous pourrez profiter de tout ce que nous avons \u00e0 vous offrir (danses, boissons, snacks) Mais tout le plaisir que vous pouvez imaginer.<\/p>\n<p>5\u00e8me. Notre prochaine \u00e9tape est au bassin naturel, un paradis trop beau, avec vue sur des palmiers et o\u00f9 vous pourrez prendre un bain r\u00e9parateur et nouer de nouvelles amiti\u00e9s. Je vous assure que vous n'oublierez pas cet endroit.<\/p>\n<p>Apr\u00e8s avoir tout rassembl\u00e9, nous allons \u00e0 l'endroit o\u00f9 nous avons commenc\u00e9 et nous nous occupons d'emmener chaque client \u00e0 sa destination.<\/p>\n<p>\u0152il : Parfois nous faisons un arr\u00eat technique pour voir les dauphins mais ce n'est pas toujours le cas.<\/p>","protected":false},"excerpt":{"rendered":"<div data-track=\"overview\" data-v-83a2b402=\"\">\n<section id=\"activity-overview\" class=\"activity-overview\" data-component=\"overview\" data-v-83a2b402=\"\" data-v-f3236c42=\"\">\n<p class=\"activity-overview__content\" data-test-id=\"activity-overview-content\" data-v-f3236c42=\"\">Profitez de l'exp\u00e9rience de la voile dans les eaux cristallines des magnifiques plages priv\u00e9es de Bavaro \u00e0 bord d'un catamaran luxueux o\u00f9 le divertissement fait partie de l'aventure et o\u00f9 vous pouvez faire de la plong\u00e9e avec tuba.<\/p>\n<\/section>\n<\/div>\n<div data-track=\"key-details\" data-v-83a2b402=\"\"><\/div>","protected":false},"featured_media":14884,"template":"","meta":[],"product_brand":[],"product_cat":[97],"product_tag":[101,102],"class_list":{"0":"post-14654","1":"product","2":"type-product","3":"status-publish","4":"has-post-thumbnail","6":"product_cat-dominican-republic","7":"product_tag-excursion","8":"product_tag-tour","10":"first","11":"instock","12":"shipping-taxable","13":"product-type-external"},"_links":{"self":[{"href":"https:\/\/loshaitisescayolevantado.com\/fr\/wp-json\/wp\/v2\/product\/14654","targetHints":{"allow":["GET"]}}],"collection":[{"href":"https:\/\/loshaitisescayolevantado.com\/fr\/wp-json\/wp\/v2\/product"}],"about":[{"href":"https:\/\/loshaitisescayolevantado.com\/fr\/wp-json\/wp\/v2\/types\/product"}],"wp:featuredmedia":[{"embeddable":true,"href":"https:\/\/loshaitisescayolevantado.com\/fr\/wp-json\/wp\/v2\/media\/14884"}],"wp:attachment":[{"href":"https:\/\/loshaitisescayolevantado.com\/fr\/wp-json\/wp\/v2\/media?parent=14654"}],"wp:term":[{"taxonomy":"product_brand","embeddable":true,"href":"https:\/\/loshaitisescayolevantado.com\/fr\/wp-json\/wp\/v2\/product_brand?post=14654"},{"taxonomy":"product_cat","embeddable":true,"href":"https:\/\/loshaitisescayolevantado.com\/fr\/wp-json\/wp\/v2\/product_cat?post=14654"},{"taxonomy":"product_tag","embeddable":true,"href":"https:\/\/loshaitisescayolevantado.com\/fr\/wp-json\/wp\/v2\/product_tag?post=14654"}],"curies":[{"name":"wp","href":"https:\/\/api.w.org\/{rel}","templated":true}]}}