{"id":14541,"date":"2025-12-18T12:22:01","date_gmt":"2025-12-18T12:22:01","guid":{"rendered":"https:\/\/loshaitisescayolevantado.com\/?post_type=product&#038;p=14541"},"modified":"2026-01-09T02:57:09","modified_gmt":"2026-01-09T02:57:09","slug":"catalina-island-daytrip-great-snorkeling","status":"publish","type":"product","link":"https:\/\/loshaitisescayolevantado.com\/fr\/tours\/catalina-island-daytrip-great-snorkeling\/","title":{"rendered":"Excursion d'une journ\u00e9e sur l'\u00eele de Catalina + plong\u00e9e en apn\u00e9e"},"content":{"rendered":"<p>Nous partons aux premi\u00e8res heures du matin des h\u00f4tels de Punta Cana et Bayahibe, dans des bus confortables et climatis\u00e9s, pour rejoindre la merveilleuse ville de La Romana. En arrivant au port, nous embarquons dans le multicoque et nos guides nous emm\u00e8neront vers l'un des plus beaux r\u00e9cifs coralliens de la R\u00e9publique dominicaine, o\u00f9 vous pourrez faire de la plong\u00e9e et du snorkeling si vous le souhaitez.<\/p>\n<p>Ensuite, nous continuons vers l'\u00eele de Catalina pour profiter d'une baignade rafra\u00eechissante, tandis que ceux qui le souhaitent peuvent \u00e9galement faire de la plong\u00e9e avec masque et tuba. Nous mangeons un copieux buffet et buvons de d\u00e9licieuses boissons.<\/p>\n<div class=\"toggle-content__content toggle-content__content--expanded toggle-content__content--packable\" data-v-59485d64=\"\">\n<div data-test-id=\"activity-full-description-text\" data-v-5835c99c=\"\">Dans l'apr\u00e8s-midi, retour en catamaran au port de La Romana pour retourner \u00e0 l'h\u00f4tel.<\/div>\n<\/div>\n<div class=\"toggle-content__label-placeholder\" data-v-59485d64=\"\"><\/div>","protected":false},"excerpt":{"rendered":"<div data-track=\"overview\" data-v-83a2b402=\"\">\n<section id=\"activity-overview\" class=\"activity-overview\" data-component=\"overview\" data-v-83a2b402=\"\" data-v-f3236c42=\"\">\n<p class=\"activity-overview__content\" data-test-id=\"activity-overview-content\" data-v-f3236c42=\"\">Nous partons aux premi\u00e8res heures du matin des h\u00f4tels de Punta Cana et de Bayahibe, dans des bus confortables et climatis\u00e9s, pour rejoindre la merveilleuse ville de La Romana.<\/p>\n<\/section>\n<\/div>\n<div data-track=\"key-details\" data-v-83a2b402=\"\"><\/div>","protected":false},"featured_media":14774,"template":"","meta":[],"product_brand":[],"product_cat":[97],"product_tag":[101,102],"class_list":{"0":"post-14541","1":"product","2":"type-product","3":"status-publish","4":"has-post-thumbnail","6":"product_cat-dominican-republic","7":"product_tag-excursion","8":"product_tag-tour","10":"first","11":"instock","12":"shipping-taxable","13":"product-type-external"},"_links":{"self":[{"href":"https:\/\/loshaitisescayolevantado.com\/fr\/wp-json\/wp\/v2\/product\/14541","targetHints":{"allow":["GET"]}}],"collection":[{"href":"https:\/\/loshaitisescayolevantado.com\/fr\/wp-json\/wp\/v2\/product"}],"about":[{"href":"https:\/\/loshaitisescayolevantado.com\/fr\/wp-json\/wp\/v2\/types\/product"}],"wp:featuredmedia":[{"embeddable":true,"href":"https:\/\/loshaitisescayolevantado.com\/fr\/wp-json\/wp\/v2\/media\/14774"}],"wp:attachment":[{"href":"https:\/\/loshaitisescayolevantado.com\/fr\/wp-json\/wp\/v2\/media?parent=14541"}],"wp:term":[{"taxonomy":"product_brand","embeddable":true,"href":"https:\/\/loshaitisescayolevantado.com\/fr\/wp-json\/wp\/v2\/product_brand?post=14541"},{"taxonomy":"product_cat","embeddable":true,"href":"https:\/\/loshaitisescayolevantado.com\/fr\/wp-json\/wp\/v2\/product_cat?post=14541"},{"taxonomy":"product_tag","embeddable":true,"href":"https:\/\/loshaitisescayolevantado.com\/fr\/wp-json\/wp\/v2\/product_tag?post=14541"}],"curies":[{"name":"wp","href":"https:\/\/api.w.org\/{rel}","templated":true}]}}