{"id":14259,"date":"2025-12-18T12:08:14","date_gmt":"2025-12-18T12:08:14","guid":{"rendered":"https:\/\/loshaitisescayolevantado.com\/?post_type=product&#038;p=14259"},"modified":"2026-02-11T04:05:48","modified_gmt":"2026-02-11T04:05:48","slug":"-285","status":"publish","type":"product","link":"https:\/\/loshaitisescayolevantado.com\/fr\/tours\/-285\/","title":{"rendered":"Party boat catamaran trinity| snorkeling| plage priv\u00e9e"},"content":{"rendered":"<p>Bienvenue dans le plaisir<\/p>\n<p>If you are looking to have a great time in puntacana with a good atmosphere, Good music and people ready to entertain you because here we are; more than ready to make Your vacation the best of Your life.<\/p>\n<p>Book with us this excursion in one of our catamarans where you can enjoy the beautiful private beaches of bavaro, a trip that will take you throughout the coastal area while enjoying the best entertainment of our staff.<\/p>\n<p>I invite you to live this Adventure.<\/p>\n<p>The activities to be carried out are the following:<\/p>\n<p>The first thing is that we proceed to pick up our clients at their destination and they are taken to the beach where our boat is waiting. There will be waiting for our team and in what comes out The tour can be making friends before boarding.<\/p>\n<p>2. Apr\u00e8s avoir embarqu\u00e9 sur notre catamaran, pr\u00e9parez-vous \u00e0 passer une journ\u00e9e inoubliable et profitez de bonne musique et d'un bar \u00e0 volont\u00e9. Notre \u00e9quipe est pr\u00eate \u00e0 vous faire vivre la meilleure exp\u00e9rience.<\/p>\n<p>3\u00e8me. Avant d'ouvrir le Bar, nous faisons une halte pour faire de la plong\u00e9e avec tuba, une exp\u00e9rience que vous n'oublierez jamais. Nos guides prendront soin de vous pr\u00e9parer \u00e0 appr\u00e9cier la beaut\u00e9 de l'oc\u00e9an dans ces eaux cristallines merveilleuses.<\/p>\n<p>et quand nous sommes de retour \u00e0 bord, nous ouvrons notre bar et ici vous pourrez profiter de tout ce que nous avons \u00e0 vous offrir (danses, boissons, snacks) Mais tout le plaisir que vous pouvez imaginer.<\/p>\n<p>5\u00e8me. Notre prochaine \u00e9tape est au bassin naturel, un paradis trop beau, avec vue sur des palmiers et o\u00f9 vous pourrez prendre un bain r\u00e9parateur et nouer de nouvelles amiti\u00e9s. Je vous assure que vous n'oublierez pas cet endroit.<\/p>\n<p>Apr\u00e8s avoir tout rassembl\u00e9, nous allons \u00e0 l'endroit o\u00f9 nous avons commenc\u00e9 et nous nous occupons d'emmener chaque client \u00e0 sa destination.<\/p>\n<p>\u0152il : Parfois nous faisons un arr\u00eat technique pour voir les dauphins mais ce n'est pas toujours le cas.<\/p>","protected":false},"excerpt":{"rendered":"<div data-track=\"overview\" data-v-83a2b402=\"\">\n<section id=\"activity-overview\" class=\"activity-overview\" data-component=\"overview\" data-v-83a2b402=\"\" data-v-f3236c42=\"\">\n<p class=\"activity-overview__content\" data-test-id=\"activity-overview-content\" data-v-f3236c42=\"\">Enjoy the experience of sailing in the crystal clear waters of the beautiful private beaches of bavaro in luxurious catamaran where entertainment is part of the Adventure! Come with us and you will not regret it<\/p>\n<\/section>\n<\/div>\n<div data-track=\"key-details\" data-v-83a2b402=\"\"><\/div>","protected":false},"featured_media":13267,"template":"","meta":[],"product_brand":[],"product_cat":[97],"product_tag":[101,102],"class_list":{"0":"post-14259","1":"product","2":"type-product","3":"status-publish","4":"has-post-thumbnail","6":"product_cat-dominican-republic","7":"product_tag-excursion","8":"product_tag-tour","10":"first","11":"instock","12":"shipping-taxable","13":"product-type-external"},"_links":{"self":[{"href":"https:\/\/loshaitisescayolevantado.com\/fr\/wp-json\/wp\/v2\/product\/14259","targetHints":{"allow":["GET"]}}],"collection":[{"href":"https:\/\/loshaitisescayolevantado.com\/fr\/wp-json\/wp\/v2\/product"}],"about":[{"href":"https:\/\/loshaitisescayolevantado.com\/fr\/wp-json\/wp\/v2\/types\/product"}],"wp:featuredmedia":[{"embeddable":true,"href":"https:\/\/loshaitisescayolevantado.com\/fr\/wp-json\/wp\/v2\/media\/13267"}],"wp:attachment":[{"href":"https:\/\/loshaitisescayolevantado.com\/fr\/wp-json\/wp\/v2\/media?parent=14259"}],"wp:term":[{"taxonomy":"product_brand","embeddable":true,"href":"https:\/\/loshaitisescayolevantado.com\/fr\/wp-json\/wp\/v2\/product_brand?post=14259"},{"taxonomy":"product_cat","embeddable":true,"href":"https:\/\/loshaitisescayolevantado.com\/fr\/wp-json\/wp\/v2\/product_cat?post=14259"},{"taxonomy":"product_tag","embeddable":true,"href":"https:\/\/loshaitisescayolevantado.com\/fr\/wp-json\/wp\/v2\/product_tag?post=14259"}],"curies":[{"name":"wp","href":"https:\/\/api.w.org\/{rel}","templated":true}]}}