{"id":13990,"date":"2025-12-18T11:57:38","date_gmt":"2025-12-18T11:57:38","guid":{"rendered":"https:\/\/loshaitisescayolevantado.com\/?post_type=product&#038;p=13990"},"modified":"2026-02-11T11:23:50","modified_gmt":"2026-02-11T11:23:50","slug":"-254","status":"publish","type":"product","link":"https:\/\/loshaitisescayolevantado.com\/fr\/tours\/-254\/","title":{"rendered":"Une exp\u00e9rience m\u00e9morable de la vie nocturne dans le meilleur club de Punta Cana"},"content":{"rendered":"<p>Cette exp\u00e9rience inoubliable de 5 heures est ce qu'il vous faut pour profiter pleinement de la vie nocturne de Punta Cana.<\/p>\n<p>Rejoignez-nous pour une soir\u00e9e pour visiter l'une des meilleures discoth\u00e8ques de Punta Cana. Nous viendrons vous chercher \u00e0 votre h\u00f4tel\/resort ou Airbnb \u00e0 23h00 et de l\u00e0, nous sillonnerons les magnifiques rues de Punta Cana en jouant les morceaux les plus chauds pour vous mettre dans l'ambiance de la f\u00eate (des shots de bienvenue seront offerts).<\/p>\n<p>Une fois arriv\u00e9s \u00e0 la discoth\u00e8que, une table r\u00e9serv\u00e9e vous attendra. Le forfait suivant sera propos\u00e9 :<\/p>\n<p>-1 bouteille de Rhum, Whisky ou Vodka<\/p>\n<p>- Jus ou sodas \u00e0 m\u00e9langer<\/p>\n<p>-1 chicha<\/p>\n<p>Cette exp\u00e9rience unique est disponible les jeudis, vendredis, samedis et dimanches pour un groupe de 3 personnes minimum et le transport aller-retour vers votre h\u00e9bergement est inclus. Les DJ de l'\u00e9tablissement sont incroyables et jouent un m\u00e9lange de musique latine, d'Afrobeats et de Dembow.<\/p>\n<p>Soyez assur\u00e9, nous sommes des Canadiens vivant \u00e0 Punta Cana. Vous serez entre d'EXCELLENTES mains \ud83d\ude0e<\/p>\n<p>Es-tu pr\u00eat \u00e0 faire la f\u00eate comme un animal ? Lan\u00e7ons cette f\u00eate !<\/p>","protected":false},"excerpt":{"rendered":"<div data-track=\"overview\" data-v-83a2b402=\"\">\n<section id=\"activity-overview\" class=\"activity-overview\" data-component=\"overview\" data-v-83a2b402=\"\" data-v-f3236c42=\"\">\n<p class=\"activity-overview__content\" data-test-id=\"activity-overview-content\" data-v-f3236c42=\"\">Une exp\u00e9rience inoubliable de 5 heures dans la vie nocturne de Punta Cana. Le forfait comprend le transport aller-retour, une table r\u00e9serv\u00e9e avec une bouteille d'alcool, des m\u00e9langeurs et une chicha.<\/p>\n<\/section>\n<\/div>\n<div data-track=\"key-details\" data-v-83a2b402=\"\"><\/div>","protected":false},"featured_media":14197,"template":"","meta":[],"product_brand":[],"product_cat":[97],"product_tag":[101,102],"class_list":{"0":"post-13990","1":"product","2":"type-product","3":"status-publish","4":"has-post-thumbnail","6":"product_cat-dominican-republic","7":"product_tag-excursion","8":"product_tag-tour","10":"first","11":"instock","12":"shipping-taxable","13":"product-type-external"},"_links":{"self":[{"href":"https:\/\/loshaitisescayolevantado.com\/fr\/wp-json\/wp\/v2\/product\/13990","targetHints":{"allow":["GET"]}}],"collection":[{"href":"https:\/\/loshaitisescayolevantado.com\/fr\/wp-json\/wp\/v2\/product"}],"about":[{"href":"https:\/\/loshaitisescayolevantado.com\/fr\/wp-json\/wp\/v2\/types\/product"}],"wp:featuredmedia":[{"embeddable":true,"href":"https:\/\/loshaitisescayolevantado.com\/fr\/wp-json\/wp\/v2\/media\/14197"}],"wp:attachment":[{"href":"https:\/\/loshaitisescayolevantado.com\/fr\/wp-json\/wp\/v2\/media?parent=13990"}],"wp:term":[{"taxonomy":"product_brand","embeddable":true,"href":"https:\/\/loshaitisescayolevantado.com\/fr\/wp-json\/wp\/v2\/product_brand?post=13990"},{"taxonomy":"product_cat","embeddable":true,"href":"https:\/\/loshaitisescayolevantado.com\/fr\/wp-json\/wp\/v2\/product_cat?post=13990"},{"taxonomy":"product_tag","embeddable":true,"href":"https:\/\/loshaitisescayolevantado.com\/fr\/wp-json\/wp\/v2\/product_tag?post=13990"}],"curies":[{"name":"wp","href":"https:\/\/api.w.org\/{rel}","templated":true}]}}