{"id":13519,"date":"2025-12-18T11:36:16","date_gmt":"2025-12-18T11:36:16","guid":{"rendered":"https:\/\/loshaitisescayolevantado.com\/?post_type=product&#038;p=13519"},"modified":"2026-01-07T11:04:48","modified_gmt":"2026-01-07T11:04:48","slug":"27-chutes-deau-avec-entree-et-dejeuner","status":"publish","type":"product","link":"https:\/\/loshaitisescayolevantado.com\/fr\/tours\/27-chutes-deau-avec-entree-et-dejeuner\/","title":{"rendered":"27 Chutes d'eau avec droit d'entr\u00e9e et d\u00e9jeuner"},"content":{"rendered":"<p>Obtenez vos billets pour une excursion d'une demi-journ\u00e9e dans les 27 chutes d'eau de la rivi\u00e8re Majagua. Billets d'entr\u00e9e, d\u00e9jeuner et excursion inclus pour sauter et nager dans les plus belles chutes d'eau de la R\u00e9publique Dominicaine. Randonn\u00e9e et natation avec \u00e9quipement de s\u00e9curit\u00e9 pour vivre la meilleure exp\u00e9rience possible !<\/p>\n<p>Apr\u00e8s cette exp\u00e9rience, vous retournerez sur place o\u00f9 vous retrouverez le guide. Veuillez noter que s'il n'y a pas assez d'eau, le parc aquatique n'ouvrira que 7 cascades.<\/p>\n<p>Perch\u00e9 dans les collines ondulantes de la cha\u00eene de montagnes du nord de la R\u00e9publique dominicaine, c'est un tr\u00e9sor naturel que vous ne trouverez nulle part ailleurs dans le monde. En effet, M\u00e8re Nature a produit 27 magnifiques piscines, sculpt\u00e9es par le calcaire. Pr\u00e9parez-vous \u00e0 vous amuser !<\/p>\n<p>Bien que les 27 chutes d'eau existent depuis des mill\u00e9naires, elles n'ont \u00e9t\u00e9 d\u00e9couvertes que r\u00e9cemment par le monde ext\u00e9rieur. C'est donc en 1994 que les premiers touristes ont commenc\u00e9 \u00e0 arriver aux chutes, et peu \u00e0 peu, la nouvelle s'est r\u00e9pandue au sujet de cet incroyable tr\u00e9sor naturel et a donn\u00e9 naissance \u00e0 une industrie de guides pour les jeunes hommes de la r\u00e9gion. Dix ans plus tard, pr\u00e8s de 50 000 touristes viennent chaque ann\u00e9e \u00e0 Rio Damajagua pour profiter de ce que les Dominicains connaissent depuis des si\u00e8cles.<\/p>","protected":false},"excerpt":{"rendered":"<div data-track=\"overview\" data-v-83a2b402=\"\">\n<section id=\"activity-overview\" class=\"activity-overview\" data-component=\"overview\" data-v-83a2b402=\"\" data-v-f3236c42=\"\">\n<p class=\"activity-overview__content\" data-test-id=\"activity-overview-content\" data-v-f3236c42=\"\">D\u00e9couvrez les merveilles naturelles cach\u00e9es de Damajagua lors d'une visite guid\u00e9e des 27 chutes d'eau. Faites une randonn\u00e9e dans la r\u00e9gion pour explorer des chutes \u00e9poustouflantes, sautez dans les eaux bleues profondes et d\u00e9gustez un d\u00e9licieux d\u00e9jeuner.<\/p>\n<\/section>\n<\/div>\n<div data-track=\"key-details\" data-v-83a2b402=\"\"><\/div>","protected":false},"featured_media":13794,"template":"","meta":[],"product_brand":[],"product_cat":[97],"product_tag":[101,102],"class_list":{"0":"post-13519","1":"product","2":"type-product","3":"status-publish","4":"has-post-thumbnail","6":"product_cat-dominican-republic","7":"product_tag-excursion","8":"product_tag-tour","10":"first","11":"instock","12":"shipping-taxable","13":"product-type-external"},"_links":{"self":[{"href":"https:\/\/loshaitisescayolevantado.com\/fr\/wp-json\/wp\/v2\/product\/13519","targetHints":{"allow":["GET"]}}],"collection":[{"href":"https:\/\/loshaitisescayolevantado.com\/fr\/wp-json\/wp\/v2\/product"}],"about":[{"href":"https:\/\/loshaitisescayolevantado.com\/fr\/wp-json\/wp\/v2\/types\/product"}],"wp:featuredmedia":[{"embeddable":true,"href":"https:\/\/loshaitisescayolevantado.com\/fr\/wp-json\/wp\/v2\/media\/13794"}],"wp:attachment":[{"href":"https:\/\/loshaitisescayolevantado.com\/fr\/wp-json\/wp\/v2\/media?parent=13519"}],"wp:term":[{"taxonomy":"product_brand","embeddable":true,"href":"https:\/\/loshaitisescayolevantado.com\/fr\/wp-json\/wp\/v2\/product_brand?post=13519"},{"taxonomy":"product_cat","embeddable":true,"href":"https:\/\/loshaitisescayolevantado.com\/fr\/wp-json\/wp\/v2\/product_cat?post=13519"},{"taxonomy":"product_tag","embeddable":true,"href":"https:\/\/loshaitisescayolevantado.com\/fr\/wp-json\/wp\/v2\/product_tag?post=13519"}],"curies":[{"name":"wp","href":"https:\/\/api.w.org\/{rel}","templated":true}]}}