{"id":13518,"date":"2025-12-18T11:36:16","date_gmt":"2025-12-18T11:36:16","guid":{"rendered":"https:\/\/loshaitisescayolevantado.com\/?post_type=product&#038;p=13518"},"modified":"2026-02-11T10:57:17","modified_gmt":"2026-02-11T10:57:17","slug":"excursion-dune-journee-en-immersion-dans-la-culture-dominicaine","status":"publish","type":"product","link":"https:\/\/loshaitisescayolevantado.com\/fr\/tours\/excursion-dune-journee-en-immersion-dans-la-culture-dominicaine\/","title":{"rendered":"Immersion dans la culture dominicaine : Excursion d'une journ\u00e9e tout compris"},"content":{"rendered":"<p>La R\u00e9publique dominicaine a bien plus \u00e0 offrir que des plages de sable blanc et des stations baln\u00e9aires luxueuses, et quelle meilleure fa\u00e7on de la d\u00e9couvrir en camion safari ?<\/p>\n<p>Lors de cette excursion d'une journ\u00e9e avec un guide exp\u00e9riment\u00e9, nous viendrons vous chercher \u00e0 votre h\u00f4tel et nous nous dirigerons vers la campagne pour visiter des plantations de caf\u00e9, de cacao et de canne \u00e0 sucre. Vous go\u00fbterez \u00e0 la canne \u00e0 sucre authentique, aux fruits frais, au mamajuana (rhum local) et vous essaierez des cigares faits \u00e0 la main. Vous d\u00e9couvrirez \u00e9galement l'importance \u00e9conomique vitale de ces plantations.<\/p>\n<p>Nous nous dirigerons ensuite vers les montagnes dominicaines o\u00f9 vous rencontrerez une famille de fermiers locaux pour d\u00e9couvrir leur mode de vie. Ils vous montreront leur maison, vous parleront de leur travail et de leurs plats typiques. Nous passerons \u00e9galement devant une \u00e9cole rurale pour saluer les \u00e9coliers et d\u00e9couvrir le syst\u00e8me \u00e9ducatif dominicain.<\/p>\n<p>Nous nous arr\u00eaterons ensuite dans la ville de Hig\u00fcey pour visiter la basilique-cath\u00e9drale de Nuestra Se\u00f1ora de la Altagracia. Il s'agit du site religieux le plus important de toutes les Cara\u00efbes, avec son arche impressionnante qui s'\u00e9l\u00e8ve \u00e0 pr\u00e8s de 250 pieds au-dessus du sol.<\/p>\n<p>Le Rancho Valencia sera notre prochaine visite pour rencontrer les meilleurs artisans de la r\u00e9gion. Dans ce vaste ranch, vous pourrez \u00e9galement profiter de la rivi\u00e8re Anamuya et vous y baigner.<\/p>\n<p>L'excursion se terminera sur la majestueuse plage de Macao, o\u00f9 les possibilit\u00e9s sont infinies. Vous pouvez prendre un bain de soleil, vous baigner dans les eaux turquoises ou simplement profiter de la vue \u00e0 couper le souffle.<\/p>\n<p>Un d\u00e9licieux d\u00e9jeuner dominicain vous sera offert ainsi qu'un transport aller-retour vers votre h\u00f4tel\/station baln\u00e9aire pour une exp\u00e9rience locale dominicaine m\u00e9morable.<\/p>\n<div class=\"toggle-content__content toggle-content__content--expanded toggle-content__content--packable\" data-v-59485d64=\"\">\n<div data-test-id=\"activity-full-description-text\" data-v-5835c99c=\"\">***Pour les Airbnbs, nous avons plusieurs lieux de ramassage.<\/div>\n<\/div>\n<div class=\"toggle-content__label-placeholder\" data-v-59485d64=\"\"><\/div>","protected":false},"excerpt":{"rendered":"<div data-track=\"overview\" data-v-83a2b402=\"\">\n<section id=\"activity-overview\" class=\"activity-overview\" data-component=\"overview\" data-v-83a2b402=\"\" data-v-f3236c42=\"\">\n<p class=\"activity-overview__content\" data-test-id=\"activity-overview-content\" data-v-f3236c42=\"\">Ce circuit unique est un must pour tous ceux qui souhaitent s'immerger dans la culture dominicaine. Il comprend des visites de plantations, un arr\u00eat sur un site religieux important, des interactions avec les habitants et plus encore...<\/p>\n<\/section>\n<\/div>\n<div data-track=\"key-details\" data-v-83a2b402=\"\"><\/div>","protected":false},"featured_media":13784,"template":"","meta":[],"product_brand":[],"product_cat":[97],"product_tag":[101,102],"class_list":{"0":"post-13518","1":"product","2":"type-product","3":"status-publish","4":"has-post-thumbnail","6":"product_cat-dominican-republic","7":"product_tag-excursion","8":"product_tag-tour","10":"first","11":"instock","12":"shipping-taxable","13":"product-type-external"},"_links":{"self":[{"href":"https:\/\/loshaitisescayolevantado.com\/fr\/wp-json\/wp\/v2\/product\/13518","targetHints":{"allow":["GET"]}}],"collection":[{"href":"https:\/\/loshaitisescayolevantado.com\/fr\/wp-json\/wp\/v2\/product"}],"about":[{"href":"https:\/\/loshaitisescayolevantado.com\/fr\/wp-json\/wp\/v2\/types\/product"}],"wp:featuredmedia":[{"embeddable":true,"href":"https:\/\/loshaitisescayolevantado.com\/fr\/wp-json\/wp\/v2\/media\/13784"}],"wp:attachment":[{"href":"https:\/\/loshaitisescayolevantado.com\/fr\/wp-json\/wp\/v2\/media?parent=13518"}],"wp:term":[{"taxonomy":"product_brand","embeddable":true,"href":"https:\/\/loshaitisescayolevantado.com\/fr\/wp-json\/wp\/v2\/product_brand?post=13518"},{"taxonomy":"product_cat","embeddable":true,"href":"https:\/\/loshaitisescayolevantado.com\/fr\/wp-json\/wp\/v2\/product_cat?post=13518"},{"taxonomy":"product_tag","embeddable":true,"href":"https:\/\/loshaitisescayolevantado.com\/fr\/wp-json\/wp\/v2\/product_tag?post=13518"}],"curies":[{"name":"wp","href":"https:\/\/api.w.org\/{rel}","templated":true}]}}