{"id":12959,"date":"2025-12-18T11:13:19","date_gmt":"2025-12-18T11:13:19","guid":{"rendered":"https:\/\/loshaitisescayolevantado.com\/?post_type=product&#038;p=12959"},"modified":"2026-02-11T03:59:09","modified_gmt":"2026-02-11T03:59:09","slug":"-187","status":"publish","type":"product","link":"https:\/\/loshaitisescayolevantado.com\/fr\/tours\/-187\/","title":{"rendered":"Saman\u00e1 Cayo Levantado et Cascada El Lim\u00f3n Depuis Punta Cana"},"content":{"rendered":"<p>Apr\u00e8s prise en charge \u00e0 votre h\u00f4tel \u00e0 Saint-Domingue ou \u00e0 Punta Cana \u00e0 6h00. Nous nous rendrons au port de Samana, monterons \u00e0 bord d'un catamaran et enfilerons un gilet de sauvetage pour entrer dans la baie de Samana.<\/p>\n<p>Au cours du voyage, nous profiterons de l'une des exp\u00e9riences les plus passionnantes que l'on puisse vivre dans le nord de la R\u00e9publique dominicaine. Pouvez-vous deviner laquelle ? L'observation des baleines ! Nous nous arr\u00eaterons en pleine mer en attendant que les baleines \u00e0 bosse remontent \u00e0 la surface.<\/p>\n<p>Savez-vous pourquoi ce coin des Cara\u00efbes est l'un des endroits id\u00e9aux pour pratiquer cette activit\u00e9 ? Chaque ann\u00e9e, entre janvier et mars, environ 3 000 baleines \u00e0 bosse se reproduisent dans ces eaux chaudes. Vous en resterez sans voix !<\/p>\n<p>Ensuite, nous continuerons notre route vers Cayo Levantado, un petit \u00eelot qui semble tout droit sorti d'un r\u00eave. Une fois sur place, nous d\u00e9barquerons et vous laisserons cinq heures de temps libre pour vous d\u00e9tendre sur l'une de ses plages paradisiaques. Eau cristalline, sable blanc, que demander de plus ?<\/p>\n<p>Et apr\u00e8s avoir profit\u00e9 d'un buffet d\u00e9jeunatoire sur la plage, nous retournerons au catamaran. Nous serons de retour au point de d\u00e9part entre 17h45 et 18h00.<\/p>","protected":false},"excerpt":{"rendered":"<div data-track=\"overview\" data-v-83a2b402=\"\">\n<section id=\"activity-overview\" class=\"activity-overview\" data-component=\"overview\" data-v-83a2b402=\"\" data-v-f3236c42=\"\">\n<p class=\"activity-overview__content\" data-test-id=\"activity-overview-content\" data-v-f3236c42=\"\">L'observation des baleines \u00e0 bosse est l'une des grandes attractions touristiques de Saman\u00e1. Vous pouvez maintenant la d\u00e9couvrir lors de cette excursion et vous d\u00e9tendre sur les plages de Cayo Levantado.<\/p>\n<\/section>\n<\/div>\n<div data-track=\"key-details\" data-v-83a2b402=\"\"><\/div>","protected":false},"featured_media":13202,"template":"","meta":[],"product_brand":[],"product_cat":[97],"product_tag":[101,102],"class_list":{"0":"post-12959","1":"product","2":"type-product","3":"status-publish","4":"has-post-thumbnail","6":"product_cat-dominican-republic","7":"product_tag-excursion","8":"product_tag-tour","10":"first","11":"instock","12":"shipping-taxable","13":"product-type-external"},"_links":{"self":[{"href":"https:\/\/loshaitisescayolevantado.com\/fr\/wp-json\/wp\/v2\/product\/12959","targetHints":{"allow":["GET"]}}],"collection":[{"href":"https:\/\/loshaitisescayolevantado.com\/fr\/wp-json\/wp\/v2\/product"}],"about":[{"href":"https:\/\/loshaitisescayolevantado.com\/fr\/wp-json\/wp\/v2\/types\/product"}],"wp:featuredmedia":[{"embeddable":true,"href":"https:\/\/loshaitisescayolevantado.com\/fr\/wp-json\/wp\/v2\/media\/13202"}],"wp:attachment":[{"href":"https:\/\/loshaitisescayolevantado.com\/fr\/wp-json\/wp\/v2\/media?parent=12959"}],"wp:term":[{"taxonomy":"product_brand","embeddable":true,"href":"https:\/\/loshaitisescayolevantado.com\/fr\/wp-json\/wp\/v2\/product_brand?post=12959"},{"taxonomy":"product_cat","embeddable":true,"href":"https:\/\/loshaitisescayolevantado.com\/fr\/wp-json\/wp\/v2\/product_cat?post=12959"},{"taxonomy":"product_tag","embeddable":true,"href":"https:\/\/loshaitisescayolevantado.com\/fr\/wp-json\/wp\/v2\/product_tag?post=12959"}],"curies":[{"name":"wp","href":"https:\/\/api.w.org\/{rel}","templated":true}]}}