{"id":12861,"date":"2025-12-18T11:09:04","date_gmt":"2025-12-18T11:09:04","guid":{"rendered":"https:\/\/loshaitisescayolevantado.com\/?post_type=product&#038;p=12861"},"modified":"2026-02-11T03:54:18","modified_gmt":"2026-02-11T03:54:18","slug":"sabana-de-la-mar-taxi-a-punta-cana-transfert-prive","status":"publish","type":"product","link":"https:\/\/loshaitisescayolevantado.com\/fr\/tours\/sabana-de-la-mar-taxi-a-punta-cana-transfert-prive\/","title":{"rendered":"Sabana de la Mar Taxi \u00e0 Punta Cana \/ Transfert Priv\u00e9"},"content":{"rendered":"<div class=\"wpb-content-wrapper\"><div class=\"vc_row wpb_row st bg-holder\"><div class='container '><div class='row'>\n\t<div class=\"wpb_column column_container col-md-12\"><div class=\"vc_column-inner wpb_wrapper\">\n\t\t\t\n\t<div class=\"wpb_text_column wpb_content_element\" >\n\t\t<div class=\"wpb_wrapper\">\n\t\t\t<p>[mkdf_section_title title_tag=&#8221;&#8221; disable_break_words=&#8221;no&#8221; subtitle_tag=&#8221;&#8221; text_font_weight=&#8221;&#8221; title=&#8221;Punta Cana to Sabana de la Mar Taxi \/ Transfer Private&#8221; subtitle=&#8221;From Punta Cana&#8221; text=&#8221;Note: This is a Private transfer option from Punta Cana to Sabana de la mar or From Sabana de la mar to Punta Cana. If you will like to add more visitors please feel free to contact us.&#8221;]<\/p>\n\n\t\t<\/div>\n\t<\/div>\n<\/div>\n\t<\/div> \n<\/div><!--End .row--><\/div><!--End .container--><\/div><div class=\"vc_row wpb_row st bg-holder\"><div class='container '><div class='row'>\n\t<div class=\"wpb_column column_container col-md-12\"><div class=\"vc_column-inner wpb_wrapper\">\n\t\t\t<div class=\"vc_empty_space\"   style=\"height: 32px\"><span class=\"vc_empty_space_inner\"><\/span><\/div><div class=\"vc_btn3-container vc_btn3-inline vc_do_btn\" ><a class=\"vc_general vc_btn3 vc_btn3-size-md vc_btn3-shape-rounded vc_btn3-style-modern vc_btn3-color-green\" href=\"https:\/\/bookingadventures.tours\/booking.php?tour_id=6c46b6d75497756d7ee194109970e87a\" title=\"\" target=\"_blank\" rel=\"noopener\">BOOK NOW<\/a><\/div><div class=\"woocommerce columns-4 \"><ul class=\"products columns-4\">\n<li class=\"product type-product post-11655 status-publish first instock product_cat-dominican-republic product_tag-excursion product_tag-tour has-post-thumbnail shipping-taxable product-type-external\">\r\n\t<a href=\"https:\/\/loshaitisescayolevantado.com\/fr\/tours\/-83\/\" class=\"woocommerce-LoopProduct-link woocommerce-loop-product__link\"><img loading=\"lazy\" decoding=\"async\" width=\"300\" height=\"300\" src=\"https:\/\/loshaitisescayolevantado.com\/wp-content\/uploads\/2025\/12\/99-39-300x300.jpg\" class=\"attachment-woocommerce_thumbnail size-woocommerce_thumbnail\" alt=\"Saman\u00e1: Monkeyland and Open-Air Safari Truck Tour\" srcset=\"https:\/\/loshaitisescayolevantado.com\/wp-content\/uploads\/2025\/12\/99-39-300x300.jpg 300w, https:\/\/loshaitisescayolevantado.com\/wp-content\/uploads\/2025\/12\/99-39-1536x1536.jpg 1536w, https:\/\/loshaitisescayolevantado.com\/wp-content\/uploads\/2025\/12\/99-39-2048x2048.jpg 2048w, https:\/\/loshaitisescayolevantado.com\/wp-content\/uploads\/2025\/12\/99-39-100x100.jpg 100w, https:\/\/loshaitisescayolevantado.com\/wp-content\/uploads\/2025\/12\/99-39-266x266.jpg 266w\" sizes=\"auto, (max-width: 300px) 100vw, 300px\" \/><h2 class=\"woocommerce-loop-product__title\">Saman\u00e1: Monkeyland and Open-Air Safari Truck Tour<\/h2>\n\t<span class=\"price\"><span class=\"woocs_price_code\" data-currency=\"\" data-redraw-id=\"69f5522735a08\"  data-product-id=\"11655\"><span class=\"woocommerce-Price-amount amount\"><bdi>65.00<span class=\"woocommerce-Price-currencySymbol\">&#36;<\/span><\/bdi><\/span><\/span><\/span>\n<\/a><a href=\"https:\/\/tourreservationlink.com\/en\/booking\/saman-monkeyland-and-open-air-safari-truck-tour\" aria-describedby=\"woocommerce_loop_add_to_cart_link_describedby_11655\" data-quantity=\"1\" class=\"button product_type_external\" data-product_id=\"11655\" data-product_sku=\"\" aria-label=\"BUY TICKETS\" rel=\"nofollow noopener\" target=\"_blank\">BUY TICKETS<\/a>\t<span id=\"woocommerce_loop_add_to_cart_link_describedby_11655\" class=\"screen-reader-text\">\n\t\t\t<\/span>\n<\/li>\r\n<\/ul>\n<\/div><div class=\"vc_empty_space\"   style=\"height: 32px\"><span class=\"vc_empty_space_inner\"><\/span><\/div><\/div>\n\t<\/div> \n<\/div><!--End .row--><\/div><!--End .container--><\/div><div class=\"vc_row wpb_row st bg-holder\"><div class='container '><div class='row'>\n\t<div class=\"wpb_column column_container col-md-12\"><div class=\"vc_column-inner wpb_wrapper\">\n\t\t\t\n\t<div class=\"wpb_text_column wpb_content_element\" >\n\t\t<div class=\"wpb_wrapper\">\n\t\t\t<h4>Contact us?<\/h4>\n<h5><em><strong>Booking Adventures<\/strong><\/em><\/h5>\n<p><em><strong>Locals<\/strong> and <strong>Nationals<\/strong> Tour Guides &amp; Guest Services<\/em><\/p>\n<p><span class=\"text-turquoise\">Reservations:<\/span> Tours &amp; Excursions in Dom. Rep.<\/p>\n<p>&nbsp;<\/p>\n<h4><b><i>Cancellation Policy<\/i><\/b><\/h4>\n<p>For a full refund, please read our Cancellations policies\u00a0<a href=\"https:\/\/ticketswhales.com\/online-booking\/\" target=\"_blank\" rel=\"noopener\" data-saferedirecturl=\"https:\/\/www.google.com\/url?q=https:\/\/ticketswhales.com\/online-booking\/&amp;source=gmail&amp;ust=1672449202351000&amp;usg=AOvVaw1yAeVAPktmaVCqDujgUn90\">Click here<\/a>. Funds will be lost if the reservation is cancelled the same day of the trip.<\/p>\n\n\t\t<\/div>\n\t<\/div>\n<div class=\"vc_btn3-container vc_btn3-inline vc_do_btn\" ><a class=\"vc_general vc_btn3 vc_btn3-size-md vc_btn3-shape-rounded vc_btn3-style-modern vc_btn3-color-green\" href=\"https:\/\/bookingadventures.tours\/booking.php?tour_id=6c46b6d75497756d7ee194109970e87a\" title=\"\" target=\"_blank\" rel=\"noopener\">BOOK NOW<\/a><\/div><\/div>\n\t<\/div> \n<\/div><!--End .row--><\/div><!--End .container--><\/div><div class=\"vc_row wpb_row st bg-holder\"><div class='container '><div class='row'>\n\t<div class=\"wpb_column column_container col-md-12\"><div class=\"vc_column-inner wpb_wrapper\">\n\t\t\t<div class=\"vc_empty_space\"   style=\"height: 32px\"><span class=\"vc_empty_space_inner\"><\/span><\/div>\n\t<div class=\"wpb_text_column wpb_content_element\" >\n\t\t<div class=\"wpb_wrapper\">\n\t\t\t<h4>Contact us?<\/h4>\n<h5>Booking Adventures<\/h5>\n<p><em><strong>Locals<\/strong>\u00a0and\u00a0<strong>Nationals<\/strong>\u00a0Tour Guides &amp; Guest Services<\/em><\/p>\n<p><span class=\"text-turquoise\">Reservations:<\/span>\u00a0Tours &amp; Excursions in Dom. Rep.<\/p>\n<p><img decoding=\"async\" class=\"emoji\" draggable=\"false\" src=\"https:\/\/s.w.org\/images\/core\/emoji\/11.2.0\/svg\/1f4de.svg\" alt=\"\ud83d\udcde\" \/>\u00a0Tel \/ Whatsapp\u00a0\u00a0<a href=\"tel:+1-809-720-6035\">+1-809-720-6035<\/a>.<\/p>\n<p><img decoding=\"async\" class=\"emoji\" draggable=\"false\" src=\"https:\/\/s.w.org\/images\/core\/emoji\/11.2.0\/svg\/1f4e9.svg\" alt=\"\ud83d\udce9\" \/>\u00a0<a href=\"mailto:info@bookingadventures.com.do\">info@bookingadventures.com.do<\/a><\/p>\n<p><strong>We are Flexible Setting Private Tours by Whatsapp:\u00a0<a href=\"tel:+18097206035\">+18097206035.<\/a><\/strong><\/p>\n\n\t\t<\/div>\n\t<\/div>\n<div class=\"vc_empty_space\"   style=\"height: 32px\"><span class=\"vc_empty_space_inner\"><\/span><\/div><\/div>\n\t<\/div> \n<\/div><!--End .row--><\/div><!--End .container--><\/div><div class=\"vc_row wpb_row st bg-holder\"><div class='container '><div class='row'>\n\t<div class=\"wpb_column column_container col-md-12\"><div class=\"vc_column-inner wpb_wrapper\">\n\t\t\t<div class=\"vc_btn3-container vc_btn3-inline vc_do_btn\" ><a class=\"vc_general vc_btn3 vc_btn3-size-md vc_btn3-shape-rounded vc_btn3-style-modern vc_btn3-color-green\" href=\"https:\/\/bookingadventures.tours\/booking.php?slug=\" title=\"\" target=\"_blank\" rel=\"noopener\">BOOK NOW<\/a><\/div><\/div>\n\t<\/div> \n<\/div><!--End .row--><\/div><!--End .container--><\/div>\n<\/div>","protected":false},"excerpt":{"rendered":"<p>Note : Il s'agit d'une option de transfert priv\u00e9 de Punta Cana \u00e0 Sabana de la mar ou de Sabana de la mar \u00e0 Punta Cana. Si vous souhaitez ajouter d'autres visiteurs, n'h\u00e9sitez pas \u00e0 nous contacter.<\/p>\n<p><strong>Dans la note de r\u00e9servation, ajoutez l'heure et le lieu o\u00f9 vous s\u00e9journerez, ainsi que la ville de Sabana de la mar ou Punta Cana que vous visiterez.<\/strong><\/p>\n<p>Lieu d'enl\u00e8vement :<\/p>\n<p>Lieu de d\u00e9p\u00f4t :<\/p>\n<p>Le temps :<\/p>\n<p><em><strong>Veuillez s\u00e9lectionner la date du transfert :\u00a0<\/strong><\/em><\/p>","protected":false},"featured_media":13096,"template":"","meta":[],"product_brand":[],"product_cat":[139,141,142,143,144,116,145],"product_tag":[147,148,150,154,155],"class_list":{"0":"post-12861","1":"product","2":"type-product","3":"status-publish","4":"has-post-thumbnail","6":"product_cat-1-punta-cana","7":"product_cat-punta-cana-buggy-tour","8":"product_cat-punta-cana-group-tours","9":"product_cat-punta-cana-buggies","10":"product_cat-tours-and-excursion-punta-cana","11":"product_cat-tours-and-excursions","12":"product_cat-tours-excursions-punta-cana-dominican-republic","13":"product_tag-de-aeropuerto-punta-cana-puj-a-sabana-de-la-mar","14":"product_tag-de-punta-cana-a-sabana-de-la-mar-en-2-horas","15":"product_tag-punta-cana-to-sabana-del-mar","16":"product_tag-shuttles-from-punta-cana-to-sabana-de-la-mar","17":"product_tag-taxi-punta-cana-sabana-de-la-mar-dominican-republic","19":"first","20":"instock","21":"sale","22":"sold-individually","23":"shipping-taxable","24":"product-type-external"},"_links":{"self":[{"href":"https:\/\/loshaitisescayolevantado.com\/fr\/wp-json\/wp\/v2\/product\/12861","targetHints":{"allow":["GET"]}}],"collection":[{"href":"https:\/\/loshaitisescayolevantado.com\/fr\/wp-json\/wp\/v2\/product"}],"about":[{"href":"https:\/\/loshaitisescayolevantado.com\/fr\/wp-json\/wp\/v2\/types\/product"}],"wp:featuredmedia":[{"embeddable":true,"href":"https:\/\/loshaitisescayolevantado.com\/fr\/wp-json\/wp\/v2\/media\/13096"}],"wp:attachment":[{"href":"https:\/\/loshaitisescayolevantado.com\/fr\/wp-json\/wp\/v2\/media?parent=12861"}],"wp:term":[{"taxonomy":"product_brand","embeddable":true,"href":"https:\/\/loshaitisescayolevantado.com\/fr\/wp-json\/wp\/v2\/product_brand?post=12861"},{"taxonomy":"product_cat","embeddable":true,"href":"https:\/\/loshaitisescayolevantado.com\/fr\/wp-json\/wp\/v2\/product_cat?post=12861"},{"taxonomy":"product_tag","embeddable":true,"href":"https:\/\/loshaitisescayolevantado.com\/fr\/wp-json\/wp\/v2\/product_tag?post=12861"}],"curies":[{"name":"wp","href":"https:\/\/api.w.org\/{rel}","templated":true}]}}