{"id":10661,"date":"2025-12-18T09:42:25","date_gmt":"2025-12-18T09:42:25","guid":{"rendered":"https:\/\/loshaitisescayolevantado.com\/?post_type=product&#038;p=10661"},"modified":"2026-02-14T05:28:30","modified_gmt":"2026-02-14T05:28:30","slug":"-24","status":"publish","type":"product","link":"https:\/\/loshaitisescayolevantado.com\/fr\/tours\/-24\/","title":{"rendered":"R\u00e9publique dominicaine : Randonn\u00e9e \u00e0 cheval \u00e0 la cascade d'El Lim\u00f3n"},"content":{"rendered":"<div class=\"toggle-content__content toggle-content__content--expanded toggle-content__content--packable\" data-v-59485d64=\"\">\n<div data-test-id=\"activity-full-description-text\" data-v-5835c99c=\"\">\n<div class=\"woocommerce-product-details__short-description\">\n<div data-track=\"overview\" data-v-83a2b402=\"\">\n<section id=\"activity-overview\" class=\"activity-overview\" data-component=\"overview\" data-v-83a2b402=\"\" data-v-f3236c42=\"\">\n<p data-test-id=\"activity-overview-content\" data-v-f3236c42=\"\"><strong>R\u00e9publique dominicaine : Randonn\u00e9e \u00e0 cheval \u00e0 la cascade d'El Lim\u00f3n<\/strong><\/p>\n<p class=\"activity-overview__content\" data-test-id=\"activity-overview-content\" data-v-f3236c42=\"\">Profitez d'une excursion \u00e0 cheval jusqu'\u00e0 la cascade El Lim\u00f3n. Chevauchez \u00e0 travers la for\u00eat tropicale et les paysages de campagne, et admirez la beaut\u00e9 naturelle de la cascade.<\/p>\n<\/section>\n<\/div>\n<\/div>\n<\/div>\n<div data-test-id=\"activity-full-description-text\" data-v-5835c99c=\"\">Profitez d'une excursion inoubliable vers les magnifiques eaux cristallines de la cascade El Lim\u00f3n. Chevauchez \u00e0 cheval tout en p\u00e9n\u00e9trant dans les impressionnants paysages champ\u00eatres des for\u00eats tropicales lors de l'ascension de 60 m\u00e8tres menant \u00e0 la cascade. \u00c0 la cascade, admirez la beaut\u00e9 naturelle et immergez-vous dans une piscine naturelle rafra\u00eechissante tout en ressentant la force des eaux. Au retour, d\u00e9gustez un d\u00e9licieux d\u00e9jeuner typiquement dominicain et ayez la chance d'acheter des souvenirs typiques dominicains de Mamajuana.<\/div>\n<div data-test-id=\"activity-full-description-text\" data-v-5835c99c=\"\"><\/div>\n<div data-test-id=\"activity-full-description-text\" data-v-5835c99c=\"\">Rencontrez votre guide au point de rendez-vous et commencez votre aventure. Chevauchez un cheval et p\u00e9n\u00e9trez dans les paysages impressionnants du pays, parcourez les paysages incroyables jusqu'\u00e0 approcher la cascade Salto El Lim\u00f3n. Entamez une ascension choquante de 197 pieds.<\/div>\n<div data-test-id=\"activity-full-description-text\" data-v-5835c99c=\"\">Laissez-vous surprendre par sa beaut\u00e9 incommensurable, entour\u00e9 d'une for\u00eat tropicale s\u00e8che et naissante, plongez dans une piscine naturelle rafra\u00eechissante. Ressentez la f\u00e9rocit\u00e9 des eaux cristallines qui d\u00e9ferlent d'une cascade remarquable.<\/div>\n<div data-test-id=\"activity-full-description-text\" data-v-5835c99c=\"\"><\/div>\n<div data-test-id=\"activity-full-description-text\" data-v-5835c99c=\"\">Apr\u00e8s votre aventure, savourez un d\u00e9licieux d\u00e9jeuner dominicain typique et ayez la chance d'acheter des souvenirs typiques dominicains de Mamajuana.<\/div>\n<\/div>\n<div class=\"toggle-content__label-placeholder\" data-v-59485d64=\"\"><\/div>","protected":false},"excerpt":{"rendered":"<div data-track=\"overview\" data-v-83a2b402=\"\">\n<section id=\"activity-overview\" class=\"activity-overview\" data-component=\"overview\" data-v-83a2b402=\"\" data-v-f3236c42=\"\">\n<p class=\"activity-overview__content\" data-test-id=\"activity-overview-content\" data-v-f3236c42=\"\">Profitez d'une excursion \u00e0 cheval jusqu'\u00e0 la cascade El Lim\u00f3n. Chevauchez \u00e0 travers la for\u00eat tropicale et les paysages de campagne, et admirez la beaut\u00e9 naturelle de la cascade.<\/p>\n<\/section>\n<\/div>\n<div data-track=\"key-details\" data-v-83a2b402=\"\"><\/div>","protected":false},"featured_media":10951,"template":"","meta":[],"product_brand":[],"product_cat":[97],"product_tag":[101,102],"class_list":{"0":"post-10661","1":"product","2":"type-product","3":"status-publish","4":"has-post-thumbnail","6":"product_cat-dominican-republic","7":"product_tag-excursion","8":"product_tag-tour","10":"first","11":"instock","12":"sale","13":"shipping-taxable","14":"product-type-external"},"_links":{"self":[{"href":"https:\/\/loshaitisescayolevantado.com\/fr\/wp-json\/wp\/v2\/product\/10661","targetHints":{"allow":["GET"]}}],"collection":[{"href":"https:\/\/loshaitisescayolevantado.com\/fr\/wp-json\/wp\/v2\/product"}],"about":[{"href":"https:\/\/loshaitisescayolevantado.com\/fr\/wp-json\/wp\/v2\/types\/product"}],"wp:featuredmedia":[{"embeddable":true,"href":"https:\/\/loshaitisescayolevantado.com\/fr\/wp-json\/wp\/v2\/media\/10951"}],"wp:attachment":[{"href":"https:\/\/loshaitisescayolevantado.com\/fr\/wp-json\/wp\/v2\/media?parent=10661"}],"wp:term":[{"taxonomy":"product_brand","embeddable":true,"href":"https:\/\/loshaitisescayolevantado.com\/fr\/wp-json\/wp\/v2\/product_brand?post=10661"},{"taxonomy":"product_cat","embeddable":true,"href":"https:\/\/loshaitisescayolevantado.com\/fr\/wp-json\/wp\/v2\/product_cat?post=10661"},{"taxonomy":"product_tag","embeddable":true,"href":"https:\/\/loshaitisescayolevantado.com\/fr\/wp-json\/wp\/v2\/product_tag?post=10661"}],"curies":[{"name":"wp","href":"https:\/\/api.w.org\/{rel}","templated":true}]}}