{"id":10376,"date":"2025-12-18T09:33:21","date_gmt":"2025-12-18T09:33:21","guid":{"rendered":"https:\/\/loshaitisescayolevantado.com\/?post_type=product&#038;p=10376"},"modified":"2026-02-09T06:15:06","modified_gmt":"2026-02-09T06:15:06","slug":"-15","status":"publish","type":"product","link":"https:\/\/loshaitisescayolevantado.com\/fr\/tours\/-15\/","title":{"rendered":"Saint-Domingue : Visite guid\u00e9e \u00e0 v\u00e9lo du quartier de la Ciudad Colonial"},"content":{"rendered":"<p>\u00cates-vous pr\u00eat pour une aventure inoubliable au c\u0153ur de Saint-Domingue ? Rejoignez-nous pour la visite la plus amusante et la plus authentique de la Zone Coloniale, o\u00f9 l'histoire et la culture prennent vie, tout en cr\u00e9ant des souvenirs imp\u00e9rissables !<\/p>\n<p>Pr\u00e9parez-vous \u00e0 couvrir plus de terrain et \u00e0 profiter au maximum de votre temps dans cette ville anim\u00e9e. Notre visite est con\u00e7ue pour vous emmener dans les recoins les plus beaux et les plus cach\u00e9s, parfaits pour ces clich\u00e9s dignes d'Instagram qui rendront vos amis jaloux !<\/p>\n<p>Ce circuit n'est pas juste une visite touristique ; c'est une immersion dans l'\u00e2me de Saint-Domingue. Des vues panoramiques sur la mer des Cara\u00efbes, en sentant la brise rafra\u00eechissante sur votre visage, \u00e0 l'exploration des principaux parcs, places et ruines s\u00e9culaires, vous aurez un aper\u00e7u de la riche histoire et du patrimoine de la ville.<\/p>\n<p>Mais ce n'est pas tout ! Nous vous emm\u00e8nerons visiter de charmantes entreprises locales qui mettent vraiment en valeur le meilleur de notre culture. Vous aurez l'occasion de d\u00e9couvrir Saint-Domingue comme un local, en d\u00e9couvrant les meilleurs endroits pour manger, boire, danser et faire du shopping. \u00c0 la fin de la visite, vous aurez l'impression d'y avoir v\u00e9cu depuis toujours !<\/p>\n<p>Ne vous souciez pas des restrictions d'\u00e2ge ; ce circuit de 7 km est adapt\u00e9 \u00e0 tous les \u00e2ges, donc tout le monde peut participer \u00e0 l'amusement. Pr\u00e9sentez-vous simplement 15 minutes avant le d\u00e9but de la visite, et nous nous occuperons du reste.<\/p>","protected":false},"excerpt":{"rendered":"<div data-track=\"overview\" data-v-83a2b402=\"\">\n<section id=\"activity-overview\" class=\"activity-overview\" data-component=\"overview\" data-v-83a2b402=\"\" data-v-f3236c42=\"\">\n<p class=\"activity-overview__content\" data-test-id=\"activity-overview-content\" data-v-f3236c42=\"\">Explorez le quartier de la Zone Coloniale \u00e0 Saint-Domingue lors d'une visite guid\u00e9e \u00e0 v\u00e9lo \u00e0 travers la ville. Profitez de vues pittoresques sur la mer des Cara\u00efbes et d\u00e9couvrez les meilleurs endroits locaux pour danser et boire.<\/p>\n<\/section>\n<\/div>\n<div data-track=\"key-details\" data-v-83a2b402=\"\"><\/div>","protected":false},"featured_media":10739,"template":"","meta":[],"product_brand":[],"product_cat":[97],"product_tag":[101,102],"class_list":{"0":"post-10376","1":"product","2":"type-product","3":"status-publish","4":"has-post-thumbnail","6":"product_cat-dominican-republic","7":"product_tag-excursion","8":"product_tag-tour","10":"first","11":"instock","12":"shipping-taxable","13":"product-type-external"},"_links":{"self":[{"href":"https:\/\/loshaitisescayolevantado.com\/fr\/wp-json\/wp\/v2\/product\/10376","targetHints":{"allow":["GET"]}}],"collection":[{"href":"https:\/\/loshaitisescayolevantado.com\/fr\/wp-json\/wp\/v2\/product"}],"about":[{"href":"https:\/\/loshaitisescayolevantado.com\/fr\/wp-json\/wp\/v2\/types\/product"}],"wp:featuredmedia":[{"embeddable":true,"href":"https:\/\/loshaitisescayolevantado.com\/fr\/wp-json\/wp\/v2\/media\/10739"}],"wp:attachment":[{"href":"https:\/\/loshaitisescayolevantado.com\/fr\/wp-json\/wp\/v2\/media?parent=10376"}],"wp:term":[{"taxonomy":"product_brand","embeddable":true,"href":"https:\/\/loshaitisescayolevantado.com\/fr\/wp-json\/wp\/v2\/product_brand?post=10376"},{"taxonomy":"product_cat","embeddable":true,"href":"https:\/\/loshaitisescayolevantado.com\/fr\/wp-json\/wp\/v2\/product_cat?post=10376"},{"taxonomy":"product_tag","embeddable":true,"href":"https:\/\/loshaitisescayolevantado.com\/fr\/wp-json\/wp\/v2\/product_tag?post=10376"}],"curies":[{"name":"wp","href":"https:\/\/api.w.org\/{rel}","templated":true}]}}