{"id":10299,"date":"2025-12-18T09:29:59","date_gmt":"2025-12-18T09:29:59","guid":{"rendered":"https:\/\/loshaitisescayolevantado.com\/?post_type=product&#038;p=10299"},"modified":"2026-02-09T06:02:30","modified_gmt":"2026-02-09T06:02:30","slug":"de-barahona-visite-de-la-mine-de-larimar","status":"publish","type":"product","link":"https:\/\/loshaitisescayolevantado.com\/fr\/tours\/de-barahona-visite-de-la-mine-de-larimar\/","title":{"rendered":"Depuis Barahona : Visite de la mine de Larimar"},"content":{"rendered":"<p>Apr\u00e8s votre prise en charge \u00e0 votre h\u00f4tel dans la r\u00e9gion de Barahona, vous emprunterez la spectaculaire route c\u00f4ti\u00e8re qui m\u00e8ne \u00e0 Bahoruco. Bien cach\u00e9e dans les montagnes, vous visiterez la seule mine de Larimar au monde, la pierre bleue exclusive de la R\u00e9publique dominicaine. D\u00e9couverte en 1974, cette pierre est r\u00e9sistante aux rayures et tr\u00e8s facile \u00e0 polir. Elle est utilis\u00e9e pour fabriquer des bijoux d'une beaut\u00e9 unique. Une fois arriv\u00e9 \u00e0 la mine, vous ferez le tour de la zone et aurez l'occasion de parler aux mineurs avant de vous rafra\u00eechir dans les eaux d'une piscine naturelle avant de retourner \u00e0 votre h\u00e9bergement \u00e0 Barahona.<\/p>","protected":false},"excerpt":{"rendered":"<p>Visitez la seule mine de larimar au monde. Rencontrez les mineurs et apprenez-en plus sur l'extraction de cette pierre bleue si particuli\u00e8re.<\/p>","protected":false},"featured_media":10686,"template":"","meta":[],"product_brand":[],"product_cat":[97],"product_tag":[101,102],"class_list":{"0":"post-10299","1":"product","2":"type-product","3":"status-publish","4":"has-post-thumbnail","6":"product_cat-dominican-republic","7":"product_tag-excursion","8":"product_tag-tour","10":"first","11":"instock","12":"shipping-taxable","13":"product-type-external"},"_links":{"self":[{"href":"https:\/\/loshaitisescayolevantado.com\/fr\/wp-json\/wp\/v2\/product\/10299","targetHints":{"allow":["GET"]}}],"collection":[{"href":"https:\/\/loshaitisescayolevantado.com\/fr\/wp-json\/wp\/v2\/product"}],"about":[{"href":"https:\/\/loshaitisescayolevantado.com\/fr\/wp-json\/wp\/v2\/types\/product"}],"wp:featuredmedia":[{"embeddable":true,"href":"https:\/\/loshaitisescayolevantado.com\/fr\/wp-json\/wp\/v2\/media\/10686"}],"wp:attachment":[{"href":"https:\/\/loshaitisescayolevantado.com\/fr\/wp-json\/wp\/v2\/media?parent=10299"}],"wp:term":[{"taxonomy":"product_brand","embeddable":true,"href":"https:\/\/loshaitisescayolevantado.com\/fr\/wp-json\/wp\/v2\/product_brand?post=10299"},{"taxonomy":"product_cat","embeddable":true,"href":"https:\/\/loshaitisescayolevantado.com\/fr\/wp-json\/wp\/v2\/product_cat?post=10299"},{"taxonomy":"product_tag","embeddable":true,"href":"https:\/\/loshaitisescayolevantado.com\/fr\/wp-json\/wp\/v2\/product_tag?post=10299"}],"curies":[{"name":"wp","href":"https:\/\/api.w.org\/{rel}","templated":true}]}}