{"id":17247,"date":"2025-12-18T14:28:52","date_gmt":"2025-12-18T14:28:52","guid":{"rendered":"https:\/\/loshaitisescayolevantado.com\/?post_type=product&#038;p=17247"},"modified":"2026-01-09T14:29:29","modified_gmt":"2026-01-09T14:29:29","slug":"sabana-de-la-mar-los-haitises-caminata-guiada-y-kayak","status":"publish","type":"product","link":"https:\/\/loshaitisescayolevantado.com\/es\/recorridos\/sabana-de-la-mar-los-haitises-caminata-guiada-y-kayak\/","title":{"rendered":"Sabana de la Mar: Los Haitises Senderismo Guiado y Kayak"},"content":{"rendered":"<p>Este sendero de senderismo + tour de kayak comienza desde el puerto de Ca\u00f1o Hondo\/Sabana de La Mar. Caminaremos aproximadamente 3 horas por el Bosque H\u00famedo en el Parque Nacional Los Haitises. Aprender\u00e1s sobre las plantas medicinales de esta zona, ver\u00e1s el bosque lluvioso de hoja ancha primario y secundario de las monta\u00f1as del Parque Nacional Los Haitises y, al mismo tiempo, llegar\u00e1s al manantial del r\u00edo Jivales del cual provienen las aguas de las pozas naturales del Eco-lodge Ca\u00f1o Hondo. (Tambi\u00e9n tenemos una opci\u00f3n de solo senderismo en el Bosque Lluvioso para los amantes del trekking).<\/p>\n<p>Luego tomamos el equipo necesario para su seguridad (chalecos salvavidas, etc.), kayaks y navegamos a trav\u00e9s de manglares. Ver\u00e1 manglares llenos de aves, colinas de exuberante vegetaci\u00f3n. A trav\u00e9s de los manglares llegaremos a la Bah\u00eda de San Lorenzo abierta, desde donde podr\u00e1 fotografiar el escarpado paisaje forestal. El nombre del parque nacional proviene de sus habitantes originales, los indios ta\u00ednos. En su idioma, \u201cHaitises\u201d se traduce como tierras altas o colinas, una referencia a las empinadas formaciones geol\u00f3gicas de piedra caliza de la costa. El kayak dura 2 horas.<\/p>\n<p>En caso de que te guste este viaje corto, tenemos una segunda opci\u00f3n: Solo Kayak en Los Haitises de 4 o 2 horas.<\/p>\n<p>El tour finaliza en el punto de inicio en el Parque Nacional Los Haitises. Recomendamos este viaje temprano en la ma\u00f1ana para ver manat\u00edes, crust\u00e1ceos y delfines.<\/p>","protected":false},"excerpt":{"rendered":"<div data-track=\"overview\" data-v-83a2b402=\"\">\n<section id=\"activity-overview\" class=\"activity-overview\" data-component=\"overview\" data-v-83a2b402=\"\" data-v-f3236c42=\"\">\n<p class=\"activity-overview__content\" data-test-id=\"activity-overview-content\" data-v-f3236c42=\"\">Realiza una caminata esc\u00e9nica por el bosque h\u00famedo en el Parque Nacional Los Haitises en una excursi\u00f3n guiada desde Sabana de la Mar. Aprende sobre las plantas medicinales locales y navega en kayak por los manglares.<\/p>\n<\/section>\n<\/div>\n<div data-track=\"key-details\" data-v-83a2b402=\"\"><\/div>","protected":false},"featured_media":17306,"template":"","meta":[],"product_brand":[],"product_cat":[97,103],"product_tag":[101,102],"class_list":{"0":"post-17247","1":"product","2":"type-product","3":"status-publish","4":"has-post-thumbnail","6":"product_cat-dominican-republic","7":"product_cat-los-haitises","8":"product_tag-excursion","9":"product_tag-tour","11":"first","12":"instock","13":"shipping-taxable","14":"product-type-external"},"_links":{"self":[{"href":"https:\/\/loshaitisescayolevantado.com\/es\/wp-json\/wp\/v2\/product\/17247","targetHints":{"allow":["GET"]}}],"collection":[{"href":"https:\/\/loshaitisescayolevantado.com\/es\/wp-json\/wp\/v2\/product"}],"about":[{"href":"https:\/\/loshaitisescayolevantado.com\/es\/wp-json\/wp\/v2\/types\/product"}],"wp:featuredmedia":[{"embeddable":true,"href":"https:\/\/loshaitisescayolevantado.com\/es\/wp-json\/wp\/v2\/media\/17306"}],"wp:attachment":[{"href":"https:\/\/loshaitisescayolevantado.com\/es\/wp-json\/wp\/v2\/media?parent=17247"}],"wp:term":[{"taxonomy":"product_brand","embeddable":true,"href":"https:\/\/loshaitisescayolevantado.com\/es\/wp-json\/wp\/v2\/product_brand?post=17247"},{"taxonomy":"product_cat","embeddable":true,"href":"https:\/\/loshaitisescayolevantado.com\/es\/wp-json\/wp\/v2\/product_cat?post=17247"},{"taxonomy":"product_tag","embeddable":true,"href":"https:\/\/loshaitisescayolevantado.com\/es\/wp-json\/wp\/v2\/product_tag?post=17247"}],"curies":[{"name":"wp","href":"https:\/\/api.w.org\/{rel}","templated":true}]}}