{"id":16941,"date":"2025-12-18T14:15:07","date_gmt":"2025-12-18T14:15:07","guid":{"rendered":"https:\/\/loshaitisescayolevantado.com\/?post_type=product&#038;p=16941"},"modified":"2026-01-09T13:11:35","modified_gmt":"2026-01-09T13:11:35","slug":"jornada-cultural-altos-de-chavon-experiencias-higuey","status":"publish","type":"product","link":"https:\/\/loshaitisescayolevantado.com\/es\/tours\/jornada-cultural-altos-de-chavon-experiencias-higuey\/","title":{"rendered":"Altos de Chav\u00f3n: Jornada Cultural Experiencias Higuey"},"content":{"rendered":"<p>llegaremos a la ciudad de piedra y museo de alto de chavon, ciudad construida sobre una magnifica vista del rio chavon, alli iremos a su anfiteatro con una vista espectacular, y visitaremos su pasaremos de casa de campo a la ciudad de higuey donde visitaremos la basilica de la altagracia madre de todos los dominicanos, despues haremos un recorrido por el mercado local tomando contacto con la cultura dominicana, despues daremos un paseo hasta el rio anamuya donde almorzaremos un almuerzo dominicano sobre el rio y en nuestra ultima parada es en una casa tipica para degustar y aprender como se hace el chocolate y el cafe con una familia local, un dia espectacular Leer menos<\/p>","protected":false},"excerpt":{"rendered":"<div data-track=\"overview\" data-v-83a2b402=\"\">\n<section id=\"activity-overview\" class=\"activity-overview\" data-component=\"overview\" data-v-83a2b402=\"\" data-v-f3236c42=\"\">\n<p class=\"activity-overview__content\" data-test-id=\"activity-overview-content\" data-v-f3236c42=\"\">Esta excursi\u00f3n es recomendable para salir de la rutina del d\u00eda y tener una combinaci\u00f3n perfecta de cultura y contacto local viajando al pasado entre campos de ca\u00f1a de az\u00facar para pasar un d\u00eda s\u00faper emocionante.<\/p>\n<\/section>\n<\/div>\n<div data-track=\"key-details\" data-v-83a2b402=\"\"><\/div>","protected":false},"featured_media":16992,"template":"","meta":[],"product_brand":[],"product_cat":[97],"product_tag":[101,102],"class_list":{"0":"post-16941","1":"product","2":"type-product","3":"status-publish","4":"has-post-thumbnail","6":"product_cat-dominican-republic","7":"product_tag-excursion","8":"product_tag-tour","10":"first","11":"instock","12":"shipping-taxable","13":"product-type-external"},"_links":{"self":[{"href":"https:\/\/loshaitisescayolevantado.com\/es\/wp-json\/wp\/v2\/product\/16941","targetHints":{"allow":["GET"]}}],"collection":[{"href":"https:\/\/loshaitisescayolevantado.com\/es\/wp-json\/wp\/v2\/product"}],"about":[{"href":"https:\/\/loshaitisescayolevantado.com\/es\/wp-json\/wp\/v2\/types\/product"}],"wp:featuredmedia":[{"embeddable":true,"href":"https:\/\/loshaitisescayolevantado.com\/es\/wp-json\/wp\/v2\/media\/16992"}],"wp:attachment":[{"href":"https:\/\/loshaitisescayolevantado.com\/es\/wp-json\/wp\/v2\/media?parent=16941"}],"wp:term":[{"taxonomy":"product_brand","embeddable":true,"href":"https:\/\/loshaitisescayolevantado.com\/es\/wp-json\/wp\/v2\/product_brand?post=16941"},{"taxonomy":"product_cat","embeddable":true,"href":"https:\/\/loshaitisescayolevantado.com\/es\/wp-json\/wp\/v2\/product_cat?post=16941"},{"taxonomy":"product_tag","embeddable":true,"href":"https:\/\/loshaitisescayolevantado.com\/es\/wp-json\/wp\/v2\/product_tag?post=16941"}],"curies":[{"name":"wp","href":"https:\/\/api.w.org\/{rel}","templated":true}]}}