{"id":16924,"date":"2025-12-18T14:13:37","date_gmt":"2025-12-18T14:13:37","guid":{"rendered":"https:\/\/loshaitisescayolevantado.com\/?post_type=product&#038;p=16924"},"modified":"2026-01-09T13:10:27","modified_gmt":"2026-01-09T13:10:27","slug":"sabana-de-la-mar-privado-los-haitises-senderismo-y-kayak","status":"publish","type":"product","link":"https:\/\/loshaitisescayolevantado.com\/es\/recorridos\/sabana-de-la-mar-privado-los-haitises-senderismo-y-kayak\/","title":{"rendered":"Sabana de la Mar: Privado Los Haitises Senderismo y Kayak"},"content":{"rendered":"<div class=\"wpb-content-wrapper\"><div class=\"vc_row wpb_row st bg-holder\"><div class='container'><div class='row'>\n\t<div class=\"wpb_column column_container col-md-12\"><div class=\"vc_column-inner wpb_wrapper\">\n\t\t\t\n\t<div class=\"wpb_text_column wpb_content_element\" >\n\t\t<div class=\"wpb_wrapper\">\n\t\t\t<p>This Hiking Trail + Kayaking Tour start from Ca\u00f1o Hondo \/ Sabana de La Mar ports. We will hike around 3 hours along the Humid Forest in the Los Haitises National Park. You will learn about the medicinal plants of this area, see the broadleaf rain forest primary and secondary Los Haitises National Park mountains and at the same time reach the spring of the Jivales River from which the waters of the natural pools of Eco-lodge Ca\u00f1o Hondo. (We have also an option of only hiking in the Rain forest for Trekking lovers)<\/p>\n<p>Luego tomamos el equipo necesario para su seguridad (chalecos salvavidas, etc.), kayaks y navegamos a trav\u00e9s de manglares. Ver\u00e1 manglares llenos de aves, colinas de exuberante vegetaci\u00f3n. A trav\u00e9s de los manglares llegaremos a la Bah\u00eda de San Lorenzo abierta, desde donde podr\u00e1 fotografiar el escarpado paisaje forestal. El nombre del parque nacional proviene de sus habitantes originales, los indios ta\u00ednos. En su idioma, \u201cHaitises\u201d se traduce como tierras altas o colinas, una referencia a las empinadas formaciones geol\u00f3gicas de piedra caliza de la costa. El kayak dura 2 horas.<\/p>\n<p>En caso de que te guste este viaje corto, tenemos una segunda opci\u00f3n: Solo Kayak en Los Haitises de 4 o 2 horas.<\/p>\n<p>The Tour finishes at the starting point in Los Haitises National Park. We Recommend this trip early in the morning to see Manatees, crustaceans, birds and dolphins.<\/p>\n\n\t\t<\/div>\n\t<\/div>\n<div class=\"vc_empty_space\"   style=\"height: 32px\"><span class=\"vc_empty_space_inner\"><\/span><\/div><\/div>\n\t<\/div> \n<\/div><!--End .row--><\/div><!--End .container--><\/div><div class=\"vc_row wpb_row st bg-holder\"><div class='container'><div class='row'>\n\t<div class=\"wpb_column column_container col-md-12\"><div class=\"vc_column-inner wpb_wrapper\">\n\t\t\t\n\t<div class=\"wpb_text_column wpb_content_element\" >\n\t\t<div class=\"wpb_wrapper\">\n\t\t\t<h2 class=\"collection-header_title\" data-test-id=\"collection-title\" data-v-9c8cb860=\"\">Based on your search in Los Haitises, Sabana de la mar:<\/h2>\n\n\t\t<\/div>\n\t<\/div>\n<div class=\"vc_empty_space\"   style=\"height: 32px\"><span class=\"vc_empty_space_inner\"><\/span><\/div><div class=\"woocommerce columns-4\"><ul class=\"products columns-4\">\n<li class=\"product type-product post-15730 status-publish first instock product_cat-dominican-republic product_tag-excursion product_tag-tour has-post-thumbnail shipping-taxable product-type-external\">\r\n\t<a href=\"https:\/\/loshaitisescayolevantado.com\/es\/recorridos\/excursion-a-la-isla-saona-con-todo-incluido-desde-punta-cana-o-bayahibe\/\" class=\"woocommerce-LoopProduct-link woocommerce-loop-product__link\"><img loading=\"lazy\" decoding=\"async\" width=\"300\" height=\"300\" src=\"https:\/\/loshaitisescayolevantado.com\/wp-content\/uploads\/2025\/12\/99-24-300x300.png\" class=\"attachment-woocommerce_thumbnail size-woocommerce_thumbnail\" alt=\"Cano Hondo Pozas Naturales y excursi\u00f3n en barco a Los Haitises\" srcset=\"https:\/\/loshaitisescayolevantado.com\/wp-content\/uploads\/2025\/12\/99-24-300x300.png 300w, https:\/\/loshaitisescayolevantado.com\/wp-content\/uploads\/2025\/12\/99-24-1536x1536.png 1536w, https:\/\/loshaitisescayolevantado.com\/wp-content\/uploads\/2025\/12\/99-24-2048x2048.png 2048w, https:\/\/loshaitisescayolevantado.com\/wp-content\/uploads\/2025\/12\/99-24-100x100.png 100w, https:\/\/loshaitisescayolevantado.com\/wp-content\/uploads\/2025\/12\/99-24-266x266.png 266w\" sizes=\"auto, (max-width: 300px) 100vw, 300px\" \/><h2 class=\"woocommerce-loop-product__title\">Cano Hondo Pozas Naturales y excursi\u00f3n en barco a Los Haitises<\/h2>\n\t<span class=\"price\"><span class=\"woocs_price_code\" data-currency=\"\" data-redraw-id=\"69f4f835d1a48\"  data-product-id=\"15730\"><span class=\"woocommerce-Price-amount amount\"><bdi>67.00<span class=\"woocommerce-Price-currencySymbol\">&#36;<\/span><\/bdi><\/span><\/span><\/span>\n<\/a><a href=\"https:\/\/tourreservationlink.com\/en\/booking\/cano-hondo-natural-pools-and-los-haitises-boat-tour\" aria-describedby=\"woocommerce_loop_add_to_cart_link_describedby_15730\" data-quantity=\"1\" class=\"button product_type_external\" data-product_id=\"15730\" data-product_sku=\"\" aria-label=\"COMPRAR ENTRADA\" rel=\"nofollow noopener\" target=\"_blank\">COMPRAR ENTRADA<\/a>\t<span id=\"woocommerce_loop_add_to_cart_link_describedby_15730\" class=\"screen-reader-text\">\n\t\t\t<\/span>\n<\/li>\r\n<li class=\"product type-product post-17357 status-publish instock product_cat-dominican-republic product_tag-excursion product_tag-tour has-post-thumbnail shipping-taxable product-type-external\">\r\n\t<a href=\"https:\/\/loshaitisescayolevantado.com\/es\/recorridos\/catamaran-excursion-de-un-dia-snorkeling-vela-excursion-compartida\/\" class=\"woocommerce-LoopProduct-link woocommerce-loop-product__link\"><img loading=\"lazy\" decoding=\"async\" width=\"300\" height=\"300\" src=\"https:\/\/loshaitisescayolevantado.com\/wp-content\/uploads\/2025\/12\/99-216-300x300.jpg\" class=\"attachment-woocommerce_thumbnail size-woocommerce_thumbnail\" alt=\"Santo Domingo: Los Haitises e Isla de Cayo Levantado\" srcset=\"https:\/\/loshaitisescayolevantado.com\/wp-content\/uploads\/2025\/12\/99-216-300x300.jpg 300w, https:\/\/loshaitisescayolevantado.com\/wp-content\/uploads\/2025\/12\/99-216-1536x1536.jpg 1536w, https:\/\/loshaitisescayolevantado.com\/wp-content\/uploads\/2025\/12\/99-216-2048x2048.jpg 2048w, https:\/\/loshaitisescayolevantado.com\/wp-content\/uploads\/2025\/12\/99-216-100x100.jpg 100w, https:\/\/loshaitisescayolevantado.com\/wp-content\/uploads\/2025\/12\/99-216-266x266.jpg 266w\" sizes=\"auto, (max-width: 300px) 100vw, 300px\" \/><h2 class=\"woocommerce-loop-product__title\">Santo Domingo: Los Haitises e Isla de Cayo Levantado<\/h2>\n\t<span class=\"price\"><span class=\"woocs_price_code\" data-currency=\"\" data-redraw-id=\"69f4f835d276d\"  data-product-id=\"17357\"><span class=\"woocommerce-Price-amount amount\"><bdi>175.00<span class=\"woocommerce-Price-currencySymbol\">&#36;<\/span><\/bdi><\/span><\/span><\/span>\n<\/a><a href=\"https:\/\/tourreservationlink.com\/en\/booking\/santo-domingo-los-haitises-and-cayo-levantado-island\" aria-describedby=\"woocommerce_loop_add_to_cart_link_describedby_17357\" data-quantity=\"1\" class=\"button product_type_external\" data-product_id=\"17357\" data-product_sku=\"\" aria-label=\"COMPRAR ENTRADA\" rel=\"nofollow noopener\" target=\"_blank\">COMPRAR ENTRADA<\/a>\t<span id=\"woocommerce_loop_add_to_cart_link_describedby_17357\" class=\"screen-reader-text\">\n\t\t\t<\/span>\n<\/li>\r\n<\/ul>\n<\/div><div class=\"vc_empty_space\"   style=\"height: 32px\"><span class=\"vc_empty_space_inner\"><\/span><\/div><\/div>\n\t<\/div> \n<\/div><!--End .row--><\/div><!--End .container--><\/div>\n<\/div>","protected":false},"excerpt":{"rendered":"<div data-track=\"overview\" data-v-83a2b402=\"\">\n<section id=\"activity-overview\" class=\"activity-overview\" data-component=\"overview\" data-v-83a2b402=\"\" data-v-f3236c42=\"\">\n<p class=\"activity-overview__content\" data-test-id=\"activity-overview-content\" data-v-f3236c42=\"\">Explore a scenic trek along the humid forest in the Los Haitises National Park on a guided excursion. Learn about the local medicinal plants and kayak through the mangrove swamps.<\/p>\n<\/section>\n<\/div>\n<div data-track=\"key-details\" data-v-83a2b402=\"\"><\/div>","protected":false},"featured_media":16975,"template":"","meta":[],"product_brand":[],"product_cat":[97,103],"product_tag":[101,102],"class_list":{"0":"post-16924","1":"product","2":"type-product","3":"status-publish","4":"has-post-thumbnail","6":"product_cat-dominican-republic","7":"product_cat-los-haitises","8":"product_tag-excursion","9":"product_tag-tour","11":"first","12":"instock","13":"shipping-taxable","14":"product-type-external"},"_links":{"self":[{"href":"https:\/\/loshaitisescayolevantado.com\/es\/wp-json\/wp\/v2\/product\/16924","targetHints":{"allow":["GET"]}}],"collection":[{"href":"https:\/\/loshaitisescayolevantado.com\/es\/wp-json\/wp\/v2\/product"}],"about":[{"href":"https:\/\/loshaitisescayolevantado.com\/es\/wp-json\/wp\/v2\/types\/product"}],"wp:featuredmedia":[{"embeddable":true,"href":"https:\/\/loshaitisescayolevantado.com\/es\/wp-json\/wp\/v2\/media\/16975"}],"wp:attachment":[{"href":"https:\/\/loshaitisescayolevantado.com\/es\/wp-json\/wp\/v2\/media?parent=16924"}],"wp:term":[{"taxonomy":"product_brand","embeddable":true,"href":"https:\/\/loshaitisescayolevantado.com\/es\/wp-json\/wp\/v2\/product_brand?post=16924"},{"taxonomy":"product_cat","embeddable":true,"href":"https:\/\/loshaitisescayolevantado.com\/es\/wp-json\/wp\/v2\/product_cat?post=16924"},{"taxonomy":"product_tag","embeddable":true,"href":"https:\/\/loshaitisescayolevantado.com\/es\/wp-json\/wp\/v2\/product_tag?post=16924"}],"curies":[{"name":"wp","href":"https:\/\/api.w.org\/{rel}","templated":true}]}}