{"id":16470,"date":"2025-12-18T13:52:23","date_gmt":"2025-12-18T13:52:23","guid":{"rendered":"https:\/\/loshaitisescayolevantado.com\/?post_type=product&#038;p=16470"},"modified":"2026-01-09T05:56:06","modified_gmt":"2026-01-09T05:56:06","slug":"boca-chica-los-haitises-caminata-guiada-y-kayak","status":"publish","type":"product","link":"https:\/\/loshaitisescayolevantado.com\/es\/recorridos\/boca-chica-los-haitises-caminata-guiada-y-kayak\/","title":{"rendered":"Boca Chica : Los Haitises Caminata Guiada y Kayak"},"content":{"rendered":"<p>Boca Chica : Los Haitises Caminata Guiada y Kayak<\/p>\n<p>Travel from Boca Chica to Sabana de la mar. This Hiking Trail + Kayaking Tour start from Ca\u00f1o Hondo\/Sabana de La Mar port. We will hike around 3 hours along the Humid Forest in the Los Haitises National Park. You will learn about the medicinal plants of this area, see the broadleaf rain forest primary and secondary Los Haitises National Park mountains and at the same time reach the spring of the Jivales River from which the waters of the natural pools of Eco-lodge Ca\u00f1o Hondo. (We have also an option of only hiking in the Rain forest for Trekking lovers)<\/p>\n<p>Luego tomamos el equipo necesario para su seguridad (chalecos salvavidas, etc.), kayaks y navegamos a trav\u00e9s de manglares. Ver\u00e1 manglares llenos de aves, colinas de exuberante vegetaci\u00f3n. A trav\u00e9s de los manglares llegaremos a la Bah\u00eda de San Lorenzo abierta, desde donde podr\u00e1 fotografiar el escarpado paisaje forestal. El nombre del parque nacional proviene de sus habitantes originales, los indios ta\u00ednos. En su idioma, \u201cHaitises\u201d se traduce como tierras altas o colinas, una referencia a las empinadas formaciones geol\u00f3gicas de piedra caliza de la costa. El kayak dura 2 horas.<\/p>\n<p>In case you will like this trip short we have a second option: Only Guided Kayaking in Los Haitises 4 or 2 hours.<\/p>\n<div class=\"toggle-content__content toggle-content__content--expanded toggle-content__content--packable\" data-v-59485d64=\"\">\n<div data-test-id=\"activity-full-description-text\" data-v-5835c99c=\"\">El tour finaliza en el punto de inicio en el Parque Nacional Los Haitises. Recomendamos este viaje temprano en la ma\u00f1ana para ver manat\u00edes, crust\u00e1ceos y delfines.<\/div>\n<\/div>\n<div class=\"toggle-content__label-placeholder\" data-v-59485d64=\"\"><\/div>","protected":false},"excerpt":{"rendered":"<div data-track=\"overview\" data-v-83a2b402=\"\">\n<section id=\"activity-overview\" class=\"activity-overview\" data-component=\"overview\" data-v-83a2b402=\"\" data-v-f3236c42=\"\">\n<p class=\"activity-overview__content\" data-test-id=\"activity-overview-content\" data-v-f3236c42=\"\">Take a scenic trek along the humid forest in the Los Haitises National Park on a guided excursion from Boca Chica. Learn about the local medicinal plants and kayak through the mangrove swamps.<\/p>\n<\/section>\n<\/div>\n<div data-track=\"key-details\" data-v-83a2b402=\"\"><\/div>","protected":false},"featured_media":16477,"template":"","meta":[],"product_brand":[],"product_cat":[217],"product_tag":[101,167,102],"class_list":{"0":"post-16470","1":"product","2":"type-product","3":"status-publish","4":"has-post-thumbnail","6":"product_cat-boca-chica","7":"product_tag-excursion","8":"product_tag-los-haitises","9":"product_tag-tour","11":"first","12":"instock","13":"shipping-taxable","14":"product-type-external"},"_links":{"self":[{"href":"https:\/\/loshaitisescayolevantado.com\/es\/wp-json\/wp\/v2\/product\/16470","targetHints":{"allow":["GET"]}}],"collection":[{"href":"https:\/\/loshaitisescayolevantado.com\/es\/wp-json\/wp\/v2\/product"}],"about":[{"href":"https:\/\/loshaitisescayolevantado.com\/es\/wp-json\/wp\/v2\/types\/product"}],"wp:featuredmedia":[{"embeddable":true,"href":"https:\/\/loshaitisescayolevantado.com\/es\/wp-json\/wp\/v2\/media\/16477"}],"wp:attachment":[{"href":"https:\/\/loshaitisescayolevantado.com\/es\/wp-json\/wp\/v2\/media?parent=16470"}],"wp:term":[{"taxonomy":"product_brand","embeddable":true,"href":"https:\/\/loshaitisescayolevantado.com\/es\/wp-json\/wp\/v2\/product_brand?post=16470"},{"taxonomy":"product_cat","embeddable":true,"href":"https:\/\/loshaitisescayolevantado.com\/es\/wp-json\/wp\/v2\/product_cat?post=16470"},{"taxonomy":"product_tag","embeddable":true,"href":"https:\/\/loshaitisescayolevantado.com\/es\/wp-json\/wp\/v2\/product_tag?post=16470"}],"curies":[{"name":"wp","href":"https:\/\/api.w.org\/{rel}","templated":true}]}}