{"id":15166,"date":"2025-12-18T12:50:40","date_gmt":"2025-12-18T12:50:40","guid":{"rendered":"https:\/\/loshaitisescayolevantado.com\/?post_type=product&#038;p=15166"},"modified":"2026-02-12T04:15:02","modified_gmt":"2026-02-12T04:15:02","slug":"desde-punta-cana-excursion-de-un-dia-a-la-isla-saona-con-almuerzo-buffet","status":"publish","type":"product","link":"https:\/\/loshaitisescayolevantado.com\/es\/recorridos\/desde-punta-cana-excursion-de-un-dia-a-la-isla-saona-con-almuerzo-buffet\/","title":{"rendered":"Desde Punta Cana: Excursi\u00f3n a la Isla Saona con Almuerzo Buffet"},"content":{"rendered":"<p>Excursi\u00f3n de un d\u00eda a la Isla Saona con almuerzo buffet desde Punta Cana<\/p>\n<p>Emb\u00e1rcate en una aventura inolvidable con una deliciosa excursi\u00f3n de un d\u00eda a la Isla Saona, comenzando con un c\u00f3modo servicio de recogida en tu hotel o en el punto de encuentro designado en Punta Cana. Una vez a bordo, te llevaremos a un lugar cercano donde podr\u00e1s tomar un caf\u00e9 o un bocadillo en el minimarket antes de comenzar nuestro viaje a Bayahibe y la Excursi\u00f3n de un D\u00eda con Almuerzo Buffet.<\/p>\n<p>Mientras viajas, marav\u00edllate con los paisajes esc\u00e9nicos que te rodean, caracterizados por una exuberante vegetaci\u00f3n y vistas de la costa caribe\u00f1a. Al llegar a Bayahibe, abordar\u00e1s un c\u00f3modo transporte de excursi\u00f3n que te llevar\u00e1 al coraz\u00f3n del Parque Nacional del Este. Esta \u00e1rea protegida es famosa por su impresionante belleza natural, que presenta vibrantes manglares, coloridos arrecifes de coral y playas v\u00edrgenes como Palmilla. Aqu\u00ed encontrar\u00e1s arena amarilla suave y polvorienta complementada por palmeras arracacha que se mecen, creando un para\u00edso pintoresco.<\/p>\n<p>Tras un pintoresco paseo, llegar\u00e1 a la Isla Saona, donde le espera un mundo de ocio. Pase el d\u00eda relaj\u00e1ndose en las costas arenosas o explore las maravillas naturales de la isla. Date un refrescante ba\u00f1o en una de las famosas piscinas naturales de la isla, donde las tranquilas y poco profundas aguas del mar Caribe son perfectas para pasear y refrescarse. El sereno entorno garantiza que las aguas sean suaves, llegando solo hasta las rodillas, lo que la convierte en un lugar ideal para familias y para aquellos que buscan relajarse.<\/p>\n<p>A medida que se acerca el mediod\u00eda, disfrute de un delicioso almuerzo buffet preparado directamente en la playa, que incluye una variedad de platos locales y sabores frescos que satisfar\u00e1n su apetito. Con el sonido de las olas de fondo, disfrute de su comida en este entorno id\u00edlico.<\/p>\n<p>Despu\u00e9s del almuerzo, disfruta de una variedad de emocionantes actividades para quemar energ\u00eda. Participa en animadas sesiones de baile, date un ba\u00f1o en las aguas cristalinas o coge equipo de snorkel para explorar la vibrante vida marina justo debajo de la superficie. Ya sea que est\u00e9s descansando en la playa, bailando con amigos o descubriendo las maravillas submarinas, este viaje de un d\u00eda estar\u00e1 lleno de diversi\u00f3n y experiencias memorables y Viaje de un d\u00eda con almuerzo buffet.<\/p>\n<p>Al finalizar el d\u00eda, volver\u00e1s a <a href=\"https:\/\/bookingadventures.tours\/booking.php?slug=Punta_Cana_Catamaran_Boat_to_Saona_Island_with_Buffet_Lunch\" target=\"_blank\" rel=\"noopener\">Punta Cana<\/a>, trayendo contigo maravillosos recuerdos de tu aventura en la Isla Saona.<\/p>","protected":false},"excerpt":{"rendered":"<div data-track=\"overview\" data-v-83a2b402=\"\">\n<section id=\"activity-overview\" class=\"activity-overview\" data-component=\"overview\" data-v-83a2b402=\"\" data-v-f3236c42=\"\">\n<p class=\"activity-overview__content\" data-test-id=\"activity-overview-content\" data-v-f3236c42=\"\">Disfruta de una excursi\u00f3n de un d\u00eda a la Isla Saona desde Punta Cana. Rel\u00e1jate en las playas de arena blanca, pasea por piscinas naturales, nada en las aguas cristalinas del mar Caribe y disfruta de un delicioso almuerzo buffet.<\/p>\n<\/section>\n<\/div>\n<div data-track=\"key-details\" data-v-83a2b402=\"\"><\/div>","protected":false},"featured_media":15385,"template":"","meta":[],"product_brand":[],"product_cat":[97,98],"product_tag":[101,102],"class_list":{"0":"post-15166","1":"product","2":"type-product","3":"status-publish","4":"has-post-thumbnail","6":"product_cat-dominican-republic","7":"product_cat-saona-island","8":"product_tag-excursion","9":"product_tag-tour","11":"first","12":"instock","13":"sale","14":"shipping-taxable","15":"product-type-external"},"_links":{"self":[{"href":"https:\/\/loshaitisescayolevantado.com\/es\/wp-json\/wp\/v2\/product\/15166","targetHints":{"allow":["GET"]}}],"collection":[{"href":"https:\/\/loshaitisescayolevantado.com\/es\/wp-json\/wp\/v2\/product"}],"about":[{"href":"https:\/\/loshaitisescayolevantado.com\/es\/wp-json\/wp\/v2\/types\/product"}],"wp:featuredmedia":[{"embeddable":true,"href":"https:\/\/loshaitisescayolevantado.com\/es\/wp-json\/wp\/v2\/media\/15385"}],"wp:attachment":[{"href":"https:\/\/loshaitisescayolevantado.com\/es\/wp-json\/wp\/v2\/media?parent=15166"}],"wp:term":[{"taxonomy":"product_brand","embeddable":true,"href":"https:\/\/loshaitisescayolevantado.com\/es\/wp-json\/wp\/v2\/product_brand?post=15166"},{"taxonomy":"product_cat","embeddable":true,"href":"https:\/\/loshaitisescayolevantado.com\/es\/wp-json\/wp\/v2\/product_cat?post=15166"},{"taxonomy":"product_tag","embeddable":true,"href":"https:\/\/loshaitisescayolevantado.com\/es\/wp-json\/wp\/v2\/product_tag?post=15166"}],"curies":[{"name":"wp","href":"https:\/\/api.w.org\/{rel}","templated":true}]}}