{"id":15013,"date":"2025-12-18T12:43:46","date_gmt":"2025-12-18T12:43:46","guid":{"rendered":"https:\/\/loshaitisescayolevantado.com\/?post_type=product&#038;p=15013"},"modified":"2026-02-12T03:11:25","modified_gmt":"2026-02-12T03:11:25","slug":"bicicleta-electrica-en-puerto-plata","status":"publish","type":"product","link":"https:\/\/loshaitisescayolevantado.com\/es\/recorridos\/bicicleta-electrica-en-puerto-plata\/","title":{"rendered":"Bicicleta el\u00e9ctrica en Puerto plata"},"content":{"rendered":"<p>Explora el centro de Puerto Plata en bicicleta el\u00e9ctrica al atardecer. Visita este maravilloso pueblo, descubre el barrio de los pescadores y admira la puesta de sol mientras paseas por el malec\u00f3n con este alquiler de bicicletas el\u00e9ctricas.<\/p>\n<p>Descubre Puerto Plata, admira el paseo mar\u00edtimo y visita el maravilloso pueblo de San Felipe, el barrio junto al mar y la Puntilla del Malec\u00f3n del Moral con este alquiler de E-bike.<\/p>\n<p>Recoge tu bicicleta el\u00e9ctrica con tu casco protector y comienza tu aventura autoguiada. Recorre todo el paseo mar\u00edtimo de la Isla gracias a su potente y silencioso motor el\u00e9ctrico de \u00faltima generaci\u00f3n y sus ruedas Big Foot.<\/p>\n<p>Mientras paseas en bicicleta, admira la flora y fauna de la Costa de la Luz. Observa la vida activa de la ciudadela y la gente que llama hogar a esta zona.<\/p>\n<div class=\"toggle-content__content toggle-content__content--expanded toggle-content__content--packable\" data-v-59485d64=\"\">\n<div data-test-id=\"activity-full-description-text\" data-v-5835c99c=\"\">Explora la ciudad victoriana de Ayamonte y haz una parada en el punto de encuentro de los pescadores. Disfruta de una hermosa vista del atardecer en tu regreso.<\/div>\n<\/div>\n<div class=\"toggle-content__label-placeholder\" data-v-59485d64=\"\"><\/div>","protected":false},"excerpt":{"rendered":"<div data-track=\"overview\" data-v-83a2b402=\"\">\n<section id=\"activity-overview\" class=\"activity-overview\" data-component=\"overview\" data-v-83a2b402=\"\" data-v-f3236c42=\"\">\n<p class=\"activity-overview__content\" data-test-id=\"activity-overview-content\" data-v-f3236c42=\"\">Explora Puerto Plata en bicicleta el\u00e9ctrica al atardecer. Visita este maravilloso pueblo, descubre el barrio de los pescadores y admira este paseo autoguiado por el malec\u00f3n con este alquiler de bicicletas el\u00e9ctricas.<\/p>\n<\/section>\n<\/div>\n<div data-track=\"key-details\" data-v-83a2b402=\"\"><\/div>","protected":false},"featured_media":15214,"template":"","meta":[],"product_brand":[],"product_cat":[97],"product_tag":[101,102],"class_list":{"0":"post-15013","1":"product","2":"type-product","3":"status-publish","4":"has-post-thumbnail","6":"product_cat-dominican-republic","7":"product_tag-excursion","8":"product_tag-tour","10":"first","11":"instock","12":"sale","13":"shipping-taxable","14":"product-type-external"},"_links":{"self":[{"href":"https:\/\/loshaitisescayolevantado.com\/es\/wp-json\/wp\/v2\/product\/15013","targetHints":{"allow":["GET"]}}],"collection":[{"href":"https:\/\/loshaitisescayolevantado.com\/es\/wp-json\/wp\/v2\/product"}],"about":[{"href":"https:\/\/loshaitisescayolevantado.com\/es\/wp-json\/wp\/v2\/types\/product"}],"wp:featuredmedia":[{"embeddable":true,"href":"https:\/\/loshaitisescayolevantado.com\/es\/wp-json\/wp\/v2\/media\/15214"}],"wp:attachment":[{"href":"https:\/\/loshaitisescayolevantado.com\/es\/wp-json\/wp\/v2\/media?parent=15013"}],"wp:term":[{"taxonomy":"product_brand","embeddable":true,"href":"https:\/\/loshaitisescayolevantado.com\/es\/wp-json\/wp\/v2\/product_brand?post=15013"},{"taxonomy":"product_cat","embeddable":true,"href":"https:\/\/loshaitisescayolevantado.com\/es\/wp-json\/wp\/v2\/product_cat?post=15013"},{"taxonomy":"product_tag","embeddable":true,"href":"https:\/\/loshaitisescayolevantado.com\/es\/wp-json\/wp\/v2\/product_tag?post=15013"}],"curies":[{"name":"wp","href":"https:\/\/api.w.org\/{rel}","templated":true}]}}