{"id":14299,"date":"2025-12-18T12:10:15","date_gmt":"2025-12-18T12:10:15","guid":{"rendered":"https:\/\/loshaitisescayolevantado.com\/?post_type=product&#038;p=14299"},"modified":"2026-04-12T12:18:39","modified_gmt":"2026-04-12T12:18:39","slug":"punta-cana-experiencia-en-scooter-submarino-con-scubadoo","status":"publish","type":"product","link":"https:\/\/loshaitisescayolevantado.com\/es\/recorridos\/punta-cana-experiencia-en-scooter-submarino-con-scubadoo\/","title":{"rendered":"Punta Cana: Experimenta un Scooter Submarino con ScubaDoo"},"content":{"rendered":"<p>Durante tu aventura con ScubaDoo, tendr\u00e1s la oportunidad de ver una variedad de vida marina, incluyendo peces de colores, corales e incluso naufragios. Los gu\u00edas son expertos y te llevar\u00e1n a los mejores lugares para una m\u00e1xima visibilidad y avistamientos de vida marina. No importa si el cliente no tiene conocimientos previos de buceo o Scooter, ya que la interfaz de nuestro Scuba doo o Scuba bike est\u00e1 dise\u00f1ada para que la manejen ni\u00f1os desde los 10 a\u00f1os hasta adultos mayores de 70 a\u00f1os.<\/p>\n<p>Los clientes pueden usar gafas o gafas graduadas, ya que esto no les impide realizar el recorrido, no hay l\u00edmite de peso ni de altura.<\/p>\n<p>Scuba doo Punta Cana ha sido desarrollado para proporcionar un f\u00e1cil acceso al buceo permitiendo navegar c\u00f3modamente entre los arrecifes y los peces, con una vista panor\u00e1mica de 180 grados mientras que el aire de flujo libre en el casco crea un ambiente libre de agua para la cabeza y los hombros.<\/p>\n<p>El aire se repone constantemente de los tanques de ox\u00edgeno para buceo, lo que te permite respirar con normalidad durante tu viaje, contiene ox\u00edgeno suficiente para 3 recorridos y la Scuba-bike tiene una bater\u00eda para aproximadamente 1 hora y media y adem\u00e1s cumple con todos los requisitos de licencias y seguridad.<\/p>\n<p>En nuestro Scubadoo, solo te sientas y conduces a una profundidad de 3 metros (9 pies) acompa\u00f1ado por buzos profesionales (dive-master)<\/p>\n<div class=\"toggle-content__content toggle-content__content--expanded toggle-content__content--packable\" data-v-59485d64=\"\">\n<div data-test-id=\"activity-full-description-text\" data-v-5835c99c=\"\">En general, ScubaDoo Punta Cana es una actividad imprescindible para cualquiera que visite la Rep\u00fablica Dominicana. La combinaci\u00f3n de hermosos paisajes, diversa vida marina y la experiencia \u00fanica de bucear con un DOO la convierten en una aventura inolvidable.<\/div>\n<\/div>\n<div class=\"toggle-content__label-placeholder\" data-v-59485d64=\"\"><\/div>","protected":false},"excerpt":{"rendered":"<div data-track=\"overview\" data-v-83a2b402=\"\">\n<section id=\"activity-overview\" class=\"activity-overview\" data-component=\"overview\" data-v-83a2b402=\"\" data-v-f3236c42=\"\">\n<p class=\"activity-overview__content\" data-test-id=\"activity-overview-content\" data-v-f3236c42=\"\">Aventura de buceo que te lleva a algunas de las \u00e1reas m\u00e1s bellas y v\u00edrgenes del Mar Caribe a bordo de una de nuestras Motos de Buceo y disfruta del buceo Scuba Doo como un verdadero buzo.<\/p>\n<\/section>\n<\/div>\n<div data-track=\"key-details\" data-v-83a2b402=\"\"><\/div>","protected":false},"featured_media":14542,"template":"","meta":[],"product_brand":[],"product_cat":[97],"product_tag":[101,102],"class_list":{"0":"post-14299","1":"product","2":"type-product","3":"status-publish","4":"has-post-thumbnail","6":"product_cat-dominican-republic","7":"product_tag-excursion","8":"product_tag-tour","10":"first","11":"instock","12":"shipping-taxable","13":"product-type-external"},"_links":{"self":[{"href":"https:\/\/loshaitisescayolevantado.com\/es\/wp-json\/wp\/v2\/product\/14299","targetHints":{"allow":["GET"]}}],"collection":[{"href":"https:\/\/loshaitisescayolevantado.com\/es\/wp-json\/wp\/v2\/product"}],"about":[{"href":"https:\/\/loshaitisescayolevantado.com\/es\/wp-json\/wp\/v2\/types\/product"}],"wp:featuredmedia":[{"embeddable":true,"href":"https:\/\/loshaitisescayolevantado.com\/es\/wp-json\/wp\/v2\/media\/14542"}],"wp:attachment":[{"href":"https:\/\/loshaitisescayolevantado.com\/es\/wp-json\/wp\/v2\/media?parent=14299"}],"wp:term":[{"taxonomy":"product_brand","embeddable":true,"href":"https:\/\/loshaitisescayolevantado.com\/es\/wp-json\/wp\/v2\/product_brand?post=14299"},{"taxonomy":"product_cat","embeddable":true,"href":"https:\/\/loshaitisescayolevantado.com\/es\/wp-json\/wp\/v2\/product_cat?post=14299"},{"taxonomy":"product_tag","embeddable":true,"href":"https:\/\/loshaitisescayolevantado.com\/es\/wp-json\/wp\/v2\/product_tag?post=14299"}],"curies":[{"name":"wp","href":"https:\/\/api.w.org\/{rel}","templated":true}]}}