{"id":13990,"date":"2025-12-18T11:57:38","date_gmt":"2025-12-18T11:57:38","guid":{"rendered":"https:\/\/loshaitisescayolevantado.com\/?post_type=product&#038;p=13990"},"modified":"2026-02-11T11:23:50","modified_gmt":"2026-02-11T11:23:50","slug":"memorable-experiencia-nocturna-en-punta-canas-top-club","status":"publish","type":"product","link":"https:\/\/loshaitisescayolevantado.com\/es\/recorridos\/memorable-experiencia-nocturna-en-punta-canas-top-club\/","title":{"rendered":"Memorable experiencia nocturna en el mejor club de Punta Cana"},"content":{"rendered":"<p>Esta experiencia inolvidable de 5 horas es lo que necesitas para disfrutar realmente de la vida nocturna de Punta Cana.<\/p>\n<p>\u00danete a nosotros para una noche de fiesta y visita uno de los mejores clubes nocturnos de Punta Cana. Te recogeremos en tu Hotel\/Resort o Airbnb a las 11:00 PM y desde all\u00ed, recorreremos las hermosas calles de Punta Cana mientras reproducimos la m\u00fasica m\u00e1s animada para que entres en modo de fiesta (se ofrecer\u00e1n chupitos de bienvenida).<\/p>\n<p>Una vez que lleguemos a la discoteca, una mesa reservada nos estar\u00e1 esperando. Se ofrecer\u00e1 el siguiente paquete:<\/p>\n<p>-1 botella de Ron, Whisky o Vodka<\/p>\n<p>-Jugos o refrescos para mezclar<\/p>\n<p>-1 narguile<\/p>\n<p>Esta experiencia \u00fanica est\u00e1 disponible los jueves, viernes, s\u00e1bados y domingos para un grupo de m\u00ednimo 3 personas y se incluye el transporte de ida y vuelta a tu alojamiento. Los DJs del local son incre\u00edbles y tocan una mezcla de m\u00fasica latina, Afrobeats y Dembow.<\/p>\n<p>Tenga la seguridad, somos canadienses viviendo en Punta Cana. Estar\u00e1 en EXCELENTES manos \ud83d\ude0e<\/p>\n<p>\u00bfEst\u00e1s listo para festejar como un animal? \u00a1Vamos a empezar esta fiesta!<\/p>","protected":false},"excerpt":{"rendered":"<div data-track=\"overview\" data-v-83a2b402=\"\">\n<section id=\"activity-overview\" class=\"activity-overview\" data-component=\"overview\" data-v-83a2b402=\"\" data-v-f3236c42=\"\">\n<p class=\"activity-overview__content\" data-test-id=\"activity-overview-content\" data-v-f3236c42=\"\">Una experiencia inolvidable de 5 horas en la vida nocturna de Punta Cana. El paquete incluye transporte de ida y vuelta, una mesa reservada con una botella de alcohol, mezcladores y una hookah.<\/p>\n<\/section>\n<\/div>\n<div data-track=\"key-details\" data-v-83a2b402=\"\"><\/div>","protected":false},"featured_media":14197,"template":"","meta":[],"product_brand":[],"product_cat":[97],"product_tag":[101,102],"class_list":{"0":"post-13990","1":"product","2":"type-product","3":"status-publish","4":"has-post-thumbnail","6":"product_cat-dominican-republic","7":"product_tag-excursion","8":"product_tag-tour","10":"first","11":"instock","12":"shipping-taxable","13":"product-type-external"},"_links":{"self":[{"href":"https:\/\/loshaitisescayolevantado.com\/es\/wp-json\/wp\/v2\/product\/13990","targetHints":{"allow":["GET"]}}],"collection":[{"href":"https:\/\/loshaitisescayolevantado.com\/es\/wp-json\/wp\/v2\/product"}],"about":[{"href":"https:\/\/loshaitisescayolevantado.com\/es\/wp-json\/wp\/v2\/types\/product"}],"wp:featuredmedia":[{"embeddable":true,"href":"https:\/\/loshaitisescayolevantado.com\/es\/wp-json\/wp\/v2\/media\/14197"}],"wp:attachment":[{"href":"https:\/\/loshaitisescayolevantado.com\/es\/wp-json\/wp\/v2\/media?parent=13990"}],"wp:term":[{"taxonomy":"product_brand","embeddable":true,"href":"https:\/\/loshaitisescayolevantado.com\/es\/wp-json\/wp\/v2\/product_brand?post=13990"},{"taxonomy":"product_cat","embeddable":true,"href":"https:\/\/loshaitisescayolevantado.com\/es\/wp-json\/wp\/v2\/product_cat?post=13990"},{"taxonomy":"product_tag","embeddable":true,"href":"https:\/\/loshaitisescayolevantado.com\/es\/wp-json\/wp\/v2\/product_tag?post=13990"}],"curies":[{"name":"wp","href":"https:\/\/api.w.org\/{rel}","templated":true}]}}