{"id":13615,"date":"2025-12-18T11:40:17","date_gmt":"2025-12-18T11:40:17","guid":{"rendered":"https:\/\/loshaitisescayolevantado.com\/?post_type=product&#038;p=13615"},"modified":"2026-01-07T11:58:27","modified_gmt":"2026-01-07T11:58:27","slug":"las-terrenas-tour-privado-en-atv-por-el-sendero-del-cafe-en-samana","status":"publish","type":"product","link":"https:\/\/loshaitisescayolevantado.com\/es\/recorridos\/las-terrenas-tour-privado-en-atv-por-el-sendero-del-cafe-en-samana\/","title":{"rendered":"Las Terrenas: Tour Privado en ATV por el Sendero del Caf\u00e9 en Saman\u00e1"},"content":{"rendered":"<p>El tour te llevar\u00e1 por caminos rurales bordeados de campos de cacao y caf\u00e9, vistas espectaculares de la bah\u00eda de Saman\u00e1, y fincas locales. Haremos una parada en una finca de monta\u00f1a cl\u00e1sica, compartiendo un tiempo con una familia de agricultores. Podr\u00e1s ver algunos de los productos que producen y visitar su finca, aprendiendo sobre agricultura org\u00e1nica y plantas.<\/p>\n<p>Ser\u00e1s testigo de la diferencia entre Las Terrenas, un destino de playa bullicioso, y el campo, con su aire puro y su ritmo de vida pausado.<\/p>\n<p>Si quieres, los agricultores te mostrar\u00e1n c\u00f3mo se elabora el caf\u00e9 o el cacao, desde el \u00e1rbol hasta tu mesa. Luego podr\u00e1s disfrutar de una taza de caf\u00e9 o chocolate caliente.<\/p>\n<p>No se preocupe, si no habla espa\u00f1ol, nuestro gu\u00eda local le traducir\u00e1 todo.<\/p>\n<p>La pr\u00f3xima parada es una peque\u00f1a playa en la bah\u00eda de Saman\u00e1 donde podr\u00e1s darte un chapuz\u00f3n y refrescarte un rato. De camino, pasaremos por muchos campos, fincas y miradores.<\/p>\n<div class=\"toggle-content__content toggle-content__content--expanded toggle-content__content--packable\" data-v-59485d64=\"\">\n<div data-test-id=\"activity-full-description-text\" data-v-5835c99c=\"\">La mayor parte del recorrido discurre por caminos de tierra; es muy divertido conducir el quad por all\u00ed, subiendo y bajando, sorteando baches y hoyos. Si no te sientes del todo c\u00f3modo conduciendo un quad o si la velocidad no es lo tuyo, no te preocupes: puedes conducir despacio (\u00a1y as\u00ed tendr\u00e1s m\u00e1s tiempo para disfrutar del paisaje!) o ir de copiloto con alguien, ya que la mayor\u00eda de los quads tienen capacidad para dos personas. Conducir un quad es bastante sencillo e, incluso si es tu primera vez, le coger\u00e1s el truco bastante r\u00e1pido.<\/div>\n<\/div>\n<div class=\"toggle-content__label-placeholder\" data-v-59485d64=\"\"><\/div>","protected":false},"excerpt":{"rendered":"<div data-track=\"overview\" data-v-83a2b402=\"\">\n<section id=\"activity-overview\" class=\"activity-overview\" data-component=\"overview\" data-v-83a2b402=\"\" data-v-f3236c42=\"\">\n<p class=\"activity-overview__content\" data-test-id=\"activity-overview-content\" data-v-f3236c42=\"\">Conoce la cultura dominicana y la influencia del caf\u00e9 en un tour privado en ATV desde Las Terrenas. Sigue a tu gu\u00eda por caminos rurales, a trav\u00e9s de campos de cacao y caf\u00e9, y hasta una granja de monta\u00f1a.<\/p>\n<\/section>\n<\/div>\n<div data-track=\"key-details\" data-v-83a2b402=\"\"><\/div>","protected":false},"featured_media":13911,"template":"","meta":[],"product_brand":[],"product_cat":[97],"product_tag":[101,102],"class_list":{"0":"post-13615","1":"product","2":"type-product","3":"status-publish","4":"has-post-thumbnail","6":"product_cat-dominican-republic","7":"product_tag-excursion","8":"product_tag-tour","10":"first","11":"instock","12":"shipping-taxable","13":"product-type-external"},"_links":{"self":[{"href":"https:\/\/loshaitisescayolevantado.com\/es\/wp-json\/wp\/v2\/product\/13615","targetHints":{"allow":["GET"]}}],"collection":[{"href":"https:\/\/loshaitisescayolevantado.com\/es\/wp-json\/wp\/v2\/product"}],"about":[{"href":"https:\/\/loshaitisescayolevantado.com\/es\/wp-json\/wp\/v2\/types\/product"}],"wp:featuredmedia":[{"embeddable":true,"href":"https:\/\/loshaitisescayolevantado.com\/es\/wp-json\/wp\/v2\/media\/13911"}],"wp:attachment":[{"href":"https:\/\/loshaitisescayolevantado.com\/es\/wp-json\/wp\/v2\/media?parent=13615"}],"wp:term":[{"taxonomy":"product_brand","embeddable":true,"href":"https:\/\/loshaitisescayolevantado.com\/es\/wp-json\/wp\/v2\/product_brand?post=13615"},{"taxonomy":"product_cat","embeddable":true,"href":"https:\/\/loshaitisescayolevantado.com\/es\/wp-json\/wp\/v2\/product_cat?post=13615"},{"taxonomy":"product_tag","embeddable":true,"href":"https:\/\/loshaitisescayolevantado.com\/es\/wp-json\/wp\/v2\/product_tag?post=13615"}],"curies":[{"name":"wp","href":"https:\/\/api.w.org\/{rel}","templated":true}]}}