{"id":12959,"date":"2025-12-18T11:13:19","date_gmt":"2025-12-18T11:13:19","guid":{"rendered":"https:\/\/loshaitisescayolevantado.com\/?post_type=product&#038;p=12959"},"modified":"2026-02-11T03:59:09","modified_gmt":"2026-02-11T03:59:09","slug":"samana-cayo-levantado-y-cascada-el-limon-de-punta-cana","status":"publish","type":"product","link":"https:\/\/loshaitisescayolevantado.com\/es\/tours\/samana-cayo-levantado-y-cascada-el-limon-de-punta-cana\/","title":{"rendered":"Saman\u00e1 Cayo Levantado y Cascada El Lim\u00f3n Desde Punta Cana"},"content":{"rendered":"<p>Despu\u00e9s de la recogida en su hotel en Santo Domingo o Punta Cana a las 6:00 a.m. Conduciremos al puerto de Saman\u00e1, abordaremos un catamar\u00e1n y nos pondremos un chaleco salvavidas para entrar en la bah\u00eda de Saman\u00e1.<\/p>\n<p>Durante el viaje, disfrutaremos de una de las experiencias m\u00e1s emocionantes que se pueden vivir en el norte de la Rep\u00fablica Dominicana. \u00bfAdivinas cu\u00e1l es? \u00a1Avistamiento de ballenas! Haremos una parada en medio del mar mientras esperamos que las ballenas jorobadas salgan a la superficie.<\/p>\n<p>\u00bfSabes por qu\u00e9 este rinc\u00f3n del Caribe es uno de los lugares ideales para realizar esta actividad? Cada a\u00f1o, entre enero y marzo, unas 3.000 ballenas jorobadas se reproducen en estas c\u00e1lidas aguas. \u00a1Te quedar\u00e1s sin palabras!<\/p>\n<p>A continuaci\u00f3n, continuaremos con la ruta en direcci\u00f3n a Cayo Levantado, un peque\u00f1o islote que parece sacado de un sue\u00f1o. Una vez all\u00ed, desembarcaremos y te dejaremos cinco horas de tiempo libre para que te relajes en una de sus paradis\u00edacas playas. Agua cristalina, arena blanca, \u00bfqu\u00e9 m\u00e1s se puede pedir?<\/p>\n<p>Y tras disfrutar de un almuerzo buffet en la playa, regresaremos al catamar\u00e1n. Estaremos de vuelta en el punto de partida entre las 17:45 y las 18:00.<\/p>","protected":false},"excerpt":{"rendered":"<div data-track=\"overview\" data-v-83a2b402=\"\">\n<section id=\"activity-overview\" class=\"activity-overview\" data-component=\"overview\" data-v-83a2b402=\"\" data-v-f3236c42=\"\">\n<p class=\"activity-overview__content\" data-test-id=\"activity-overview-content\" data-v-f3236c42=\"\">La observaci\u00f3n de ballenas jorobadas es una de las grandes atracciones tur\u00edsticas de Saman\u00e1. Ahora puedes disfrutarla en este tour y relajarte en las playas de Cayo Levantado.<\/p>\n<\/section>\n<\/div>\n<div data-track=\"key-details\" data-v-83a2b402=\"\"><\/div>","protected":false},"featured_media":13202,"template":"","meta":[],"product_brand":[],"product_cat":[97],"product_tag":[101,102],"class_list":{"0":"post-12959","1":"product","2":"type-product","3":"status-publish","4":"has-post-thumbnail","6":"product_cat-dominican-republic","7":"product_tag-excursion","8":"product_tag-tour","10":"first","11":"instock","12":"shipping-taxable","13":"product-type-external"},"_links":{"self":[{"href":"https:\/\/loshaitisescayolevantado.com\/es\/wp-json\/wp\/v2\/product\/12959","targetHints":{"allow":["GET"]}}],"collection":[{"href":"https:\/\/loshaitisescayolevantado.com\/es\/wp-json\/wp\/v2\/product"}],"about":[{"href":"https:\/\/loshaitisescayolevantado.com\/es\/wp-json\/wp\/v2\/types\/product"}],"wp:featuredmedia":[{"embeddable":true,"href":"https:\/\/loshaitisescayolevantado.com\/es\/wp-json\/wp\/v2\/media\/13202"}],"wp:attachment":[{"href":"https:\/\/loshaitisescayolevantado.com\/es\/wp-json\/wp\/v2\/media?parent=12959"}],"wp:term":[{"taxonomy":"product_brand","embeddable":true,"href":"https:\/\/loshaitisescayolevantado.com\/es\/wp-json\/wp\/v2\/product_brand?post=12959"},{"taxonomy":"product_cat","embeddable":true,"href":"https:\/\/loshaitisescayolevantado.com\/es\/wp-json\/wp\/v2\/product_cat?post=12959"},{"taxonomy":"product_tag","embeddable":true,"href":"https:\/\/loshaitisescayolevantado.com\/es\/wp-json\/wp\/v2\/product_tag?post=12959"}],"curies":[{"name":"wp","href":"https:\/\/api.w.org\/{rel}","templated":true}]}}