{"id":11263,"date":"2025-12-18T10:06:05","date_gmt":"2025-12-18T10:06:05","guid":{"rendered":"https:\/\/loshaitisescayolevantado.com\/?post_type=product&#038;p=11263"},"modified":"2026-01-05T17:05:40","modified_gmt":"2026-01-05T17:05:40","slug":"punta-cana-los-haitises-senderismo-kayak-manglares","status":"publish","type":"product","link":"https:\/\/loshaitisescayolevantado.com\/es\/recorridos\/punta-cana-los-haitises-senderismo-kayak-manglares\/","title":{"rendered":"Punta Cana: Los Haitises Caminata y Kayak Manglares"},"content":{"rendered":"<h2>Punta Cana: Caminata y Kayak por los Manglares de Los Haitises<\/h2>\n<p>Esta Ruta de Senderismo + Tour en Kayak comienza en Punta Cana con traslado desde los hoteles. Despu\u00e9s llegamos al parque donde caminaremos alrededor de 2 horas por el Bosque H\u00famedo en el Parque Nacional Los Haitises. Aprender\u00e1s sobre las plantas medicinales de esta zona, ver\u00e1s el bosque de hoja ancha primario y secundario de las monta\u00f1as del Parque Nacional Los Haitises.<\/p>\n<p>Luego tomamos el equipo necesario para su seguridad (chalecos salvavidas, etc.), kayaks y nos adentramos en manglares. Ver\u00e1 manglares llenos de aves y colinas de exuberante vegetaci\u00f3n. A trav\u00e9s de los manglares, llegaremos a la abierta Bah\u00eda de San Lorenzo, desde donde podr\u00e1 fotografiar el escarpado paisaje forestal.<\/p>\n<p>Almuerzo con lugare\u00f1os para regresar a tu hotel en Punta Cana<\/p>","protected":false},"excerpt":{"rendered":"<div data-track=\"overview\" data-v-83a2b402=\"\">\n<section id=\"activity-overview\" class=\"activity-overview\" data-component=\"overview\" data-v-83a2b402=\"\" data-v-f3236c42=\"\">\n<p class=\"activity-overview__content\" data-test-id=\"activity-overview-content\" data-v-f3236c42=\"\">\u00a1Explora Los Haitises saliendo desde Punta Cana! Transporte c\u00f3modo en autob\u00fas, kayak en Los Haitises y senderismo en la selva tropical en un viaje de un d\u00eda.<\/p>\n<\/section>\n<\/div>\n<div data-track=\"key-details\" data-v-83a2b402=\"\"><\/div>","protected":false},"featured_media":11555,"template":"","meta":[],"product_brand":[],"product_cat":[97],"product_tag":[101,102],"class_list":{"0":"post-11263","1":"product","2":"type-product","3":"status-publish","4":"has-post-thumbnail","6":"product_cat-dominican-republic","7":"product_tag-excursion","8":"product_tag-tour","10":"first","11":"instock","12":"sale","13":"shipping-taxable","14":"product-type-external"},"_links":{"self":[{"href":"https:\/\/loshaitisescayolevantado.com\/es\/wp-json\/wp\/v2\/product\/11263","targetHints":{"allow":["GET"]}}],"collection":[{"href":"https:\/\/loshaitisescayolevantado.com\/es\/wp-json\/wp\/v2\/product"}],"about":[{"href":"https:\/\/loshaitisescayolevantado.com\/es\/wp-json\/wp\/v2\/types\/product"}],"wp:featuredmedia":[{"embeddable":true,"href":"https:\/\/loshaitisescayolevantado.com\/es\/wp-json\/wp\/v2\/media\/11555"}],"wp:attachment":[{"href":"https:\/\/loshaitisescayolevantado.com\/es\/wp-json\/wp\/v2\/media?parent=11263"}],"wp:term":[{"taxonomy":"product_brand","embeddable":true,"href":"https:\/\/loshaitisescayolevantado.com\/es\/wp-json\/wp\/v2\/product_brand?post=11263"},{"taxonomy":"product_cat","embeddable":true,"href":"https:\/\/loshaitisescayolevantado.com\/es\/wp-json\/wp\/v2\/product_cat?post=11263"},{"taxonomy":"product_tag","embeddable":true,"href":"https:\/\/loshaitisescayolevantado.com\/es\/wp-json\/wp\/v2\/product_tag?post=11263"}],"curies":[{"name":"wp","href":"https:\/\/api.w.org\/{rel}","templated":true}]}}