{"id":11110,"date":"2025-12-18T09:59:33","date_gmt":"2025-12-18T09:59:33","guid":{"rendered":"https:\/\/loshaitisescayolevantado.com\/?post_type=product&#038;p=11110"},"modified":"2026-02-14T07:12:06","modified_gmt":"2026-02-14T07:12:06","slug":"santo-domingo-samana-cascada-el-limon-y-cayo-levantado","status":"publish","type":"product","link":"https:\/\/loshaitisescayolevantado.com\/es\/recorridos\/santo-domingo-samana-cascada-el-limon-y-cayo-levantado\/","title":{"rendered":"Santo Domingo: Saman\u00e1, Cascada El Lim\u00f3n y Cayo Levantado"},"content":{"rendered":"<p>Saman\u00e1 se presenta como un ed\u00e9n para quienes aprecian la naturaleza y buscan emociones en la aventura. Aqu\u00ed encontrar\u00e1 majestuosas monta\u00f1as verdes, hermosas playas, as\u00ed como encantadores pueblos pintorescos que le permitir\u00e1n sumergirse en la autenticidad local, explorando la rica vida y cultura tradicional dominicana.<\/p>\n<p>Esta experiencia en Saman\u00e1 es un d\u00eda completo dedicado a descubrir otro de los incre\u00edbles destinos que Rep\u00fablica Dominicana tiene reservados para sus visitantes.<\/p>\n<p>Visitaremos el Salto del Lim\u00f3n, donde disfrutaremos de un paseo sereno, ya sea a lomo de mula o de caballo, a trav\u00e9s de un exuberante bosque tropical h\u00famedo. Durante este trayecto, tendremos la oportunidad de sumergirnos en el exuberante paisaje rural, rodeados de densa vegetaci\u00f3n de cultivos tropicales.<\/p>\n<p>La Catarata Lim\u00f3n est\u00e1 formada por tres saltos a trav\u00e9s de los cuales el agua se desliza por una pared s\u00f3lida de tonalidad verdosa, resultado de la presencia de numerosas plantas helechos y el alto nivel de humedad caracter\u00edstico de la regi\u00f3n. La cascada culmina en una poza natural alimentada por aguas frescas y cristalinas, ofreciendo a los visitantes la oportunidad de disfrutar de un ba\u00f1o completamente relajante.<\/p>\n<div class=\"toggle-content__content toggle-content__content--expanded toggle-content__content--packable\" data-v-59485d64=\"\">\n<div data-test-id=\"activity-full-description-text\" data-v-5835c99c=\"\">Despu\u00e9s de aproximadamente 40 minutos en la Cascada, regresamos a la Granja y nos dirigimos al Restaurante para disfrutar de un aut\u00e9ntico Almuerzo T\u00edpico Dominicano. Una vez terminada la comida, nos dirigimos a Cayo Levantado o Isla Bacard\u00ed, donde podremos deleitarnos con sus arenas blancas y aguas cristalinas, o simplemente relajarnos bajo la sombra de sus cocoteros. Adem\u00e1s, tendr\u00e1 la oportunidad de adquirir souvenirs de artesan\u00eda local como testimonio de su visita. Despu\u00e9s de 1 hora y 30 minutos, nos dirigimos a Las Ca\u00f1itas para continuar nuestra exploraci\u00f3n.<\/div>\n<\/div>\n<div class=\"toggle-content__label-placeholder\" data-v-59485d64=\"\"><\/div>","protected":false},"excerpt":{"rendered":"<div data-track=\"overview\" data-v-83a2b402=\"\">\n<section id=\"activity-overview\" class=\"activity-overview\" data-component=\"overview\" data-v-83a2b402=\"\" data-v-f3236c42=\"\">\n<p class=\"activity-overview__content\" data-test-id=\"activity-overview-content\" data-v-f3236c42=\"\">Descubre Saman\u00e1, emprende un paseo a caballo hasta la impresionante cascada El Lim\u00f3n, rel\u00e1jate bajo el sol y en las aguas de Cayo Levantado.<\/p>\n<\/section>\n<\/div>\n<div data-track=\"key-details\" data-v-83a2b402=\"\"><\/div>","protected":false},"featured_media":11328,"template":"","meta":[],"product_brand":[],"product_cat":[97],"product_tag":[101,102],"class_list":{"0":"post-11110","1":"product","2":"type-product","3":"status-publish","4":"has-post-thumbnail","6":"product_cat-dominican-republic","7":"product_tag-excursion","8":"product_tag-tour","10":"first","11":"instock","12":"shipping-taxable","13":"product-type-external"},"_links":{"self":[{"href":"https:\/\/loshaitisescayolevantado.com\/es\/wp-json\/wp\/v2\/product\/11110","targetHints":{"allow":["GET"]}}],"collection":[{"href":"https:\/\/loshaitisescayolevantado.com\/es\/wp-json\/wp\/v2\/product"}],"about":[{"href":"https:\/\/loshaitisescayolevantado.com\/es\/wp-json\/wp\/v2\/types\/product"}],"wp:featuredmedia":[{"embeddable":true,"href":"https:\/\/loshaitisescayolevantado.com\/es\/wp-json\/wp\/v2\/media\/11328"}],"wp:attachment":[{"href":"https:\/\/loshaitisescayolevantado.com\/es\/wp-json\/wp\/v2\/media?parent=11110"}],"wp:term":[{"taxonomy":"product_brand","embeddable":true,"href":"https:\/\/loshaitisescayolevantado.com\/es\/wp-json\/wp\/v2\/product_brand?post=11110"},{"taxonomy":"product_cat","embeddable":true,"href":"https:\/\/loshaitisescayolevantado.com\/es\/wp-json\/wp\/v2\/product_cat?post=11110"},{"taxonomy":"product_tag","embeddable":true,"href":"https:\/\/loshaitisescayolevantado.com\/es\/wp-json\/wp\/v2\/product_tag?post=11110"}],"curies":[{"name":"wp","href":"https:\/\/api.w.org\/{rel}","templated":true}]}}