{"id":10313,"date":"2025-12-18T09:31:02","date_gmt":"2025-12-18T09:31:02","guid":{"rendered":"https:\/\/loshaitisescayolevantado.com\/?post_type=product&#038;p=10313"},"modified":"2026-02-09T04:29:51","modified_gmt":"2026-02-09T04:29:51","slug":"las-maravillas-cueva-altos-de-chavon","status":"publish","type":"product","link":"https:\/\/loshaitisescayolevantado.com\/es\/tours\/las-maravillas-cueva-altos-de-chavon\/","title":{"rendered":"Cueva de las Maravillas y Altos de Chav\u00f3n"},"content":{"rendered":"<p>No te pierdas esta incre\u00edble excursi\u00f3n cultural y educativa para toda la familia, donde rescatamos la fascinante historia de Altos de Chav\u00f3n y nuestra historia ind\u00edgena dentro de la Cueva de las Maravillas, conociendo la hermosa historia de nuestros ancestros ind\u00edgenas. En La Romana, Rep\u00fablica Dominicana, visitar\u00e1s Altos de Chav\u00f3n, una antigua villa de estilo mediterr\u00e1neo construida sobre un acantilado sobre el r\u00edo Chav\u00f3n. Almorzaremos en Voal\u00e1 Caf\u00e9 March\u00e9, un elegante restaurante dirigido por nuestra reconocida chef dominicana Gabriela Reginato, como parte de un recorrido exclusivo. Descubrir\u00e1s incre\u00edbles obras de arte en el Museo Arqueol\u00f3gico Regional Altos de Chav\u00f3n. Tambi\u00e9n aprender\u00e1s sobre el famoso anfiteatro, por donde han pasado diferentes artistas, como Frank Sinatra. No dudes en participar en esta incre\u00edble experiencia cultural.<\/p>","protected":false},"excerpt":{"rendered":"<div data-track=\"overview\" data-v-83a2b402=\"\">\n<section id=\"activity-overview\" class=\"activity-overview\" data-component=\"overview\" data-v-83a2b402=\"\" data-v-f3236c42=\"\">\n<p class=\"activity-overview__content\" data-test-id=\"activity-overview-content\" data-v-f3236c42=\"\">cueva de 100.000 a\u00f1os con pinturas de indios ta\u00ednos y Altos de Chav\u00f3n, una maravilla arquitect\u00f3nica, r\u00e9plica de una aldea mediterr\u00e1nea del siglo XVI<\/p>\n<\/section>\n<\/div>\n<div data-track=\"key-details\" data-v-83a2b402=\"\"><\/div>","protected":false},"featured_media":10703,"template":"","meta":[],"product_brand":[],"product_cat":[97],"product_tag":[101,102],"class_list":{"0":"post-10313","1":"product","2":"type-product","3":"status-publish","4":"has-post-thumbnail","6":"product_cat-dominican-republic","7":"product_tag-excursion","8":"product_tag-tour","10":"first","11":"instock","12":"shipping-taxable","13":"product-type-external"},"_links":{"self":[{"href":"https:\/\/loshaitisescayolevantado.com\/es\/wp-json\/wp\/v2\/product\/10313","targetHints":{"allow":["GET"]}}],"collection":[{"href":"https:\/\/loshaitisescayolevantado.com\/es\/wp-json\/wp\/v2\/product"}],"about":[{"href":"https:\/\/loshaitisescayolevantado.com\/es\/wp-json\/wp\/v2\/types\/product"}],"wp:featuredmedia":[{"embeddable":true,"href":"https:\/\/loshaitisescayolevantado.com\/es\/wp-json\/wp\/v2\/media\/10703"}],"wp:attachment":[{"href":"https:\/\/loshaitisescayolevantado.com\/es\/wp-json\/wp\/v2\/media?parent=10313"}],"wp:term":[{"taxonomy":"product_brand","embeddable":true,"href":"https:\/\/loshaitisescayolevantado.com\/es\/wp-json\/wp\/v2\/product_brand?post=10313"},{"taxonomy":"product_cat","embeddable":true,"href":"https:\/\/loshaitisescayolevantado.com\/es\/wp-json\/wp\/v2\/product_cat?post=10313"},{"taxonomy":"product_tag","embeddable":true,"href":"https:\/\/loshaitisescayolevantado.com\/es\/wp-json\/wp\/v2\/product_tag?post=10313"}],"curies":[{"name":"wp","href":"https:\/\/api.w.org\/{rel}","templated":true}]}}