{"id":10279,"date":"2025-12-18T09:29:13","date_gmt":"2025-12-18T09:29:13","guid":{"rendered":"https:\/\/loshaitisescayolevantado.com\/?post_type=product&#038;p=10279"},"modified":"2026-02-09T04:25:13","modified_gmt":"2026-02-09T04:25:13","slug":"buggy-en-punta-cana-river-cave-macao-beach","status":"publish","type":"product","link":"https:\/\/loshaitisescayolevantado.com\/es\/tours\/buggy-en-punta-cana-river-cave-macao-beach\/","title":{"rendered":"Buggy En Punta Cana, Cueva Del R\u00edo, Playa De Macao"},"content":{"rendered":"<p><strong>Buggy En Punta Cana, Cueva Del R\u00edo, Playa De Macao<\/strong><\/p>\n<p>Emprende una emocionante aventura de medio d\u00eda en Punta Cana que promete una experiencia inolvidable. Nuestro tour te llevar\u00e1 por el coraz\u00f3n de Punta Cana, ofreciendo una mezcla perfecta de emoci\u00f3n, belleza natural y exploraci\u00f3n cultural. Prep\u00e1rate para un itinerario lleno de acci\u00f3n que incluye:<\/p>\n<p>1. Visita a Playa Macao: Sum\u00e9rgete en la impresionante belleza de Playa Macao, una de las costas m\u00e1s espectaculares de Punta Cana. Siente la suave arena entre tus dedos y admira las cautivadoras vistas de las aguas azul turquesa.<\/p>\n<p>2. Degustaciones Locales: Disfruta de un viaje sensorial mientras pruebas los sabores de la Rep\u00fablica Dominicana. Saborea los ricos aromas del caf\u00e9 local, del\u00e9itate con la dulzura del chocolate aut\u00e9ntico y disfruta del sabor distintivo del ron producido localmente.<\/p>\n<p>3. Excursi\u00f3n en Buggy: Experimenta la emoci\u00f3n de conducir por terrenos escarpados y salpicar a trav\u00e9s del barro en una emocionante excursi\u00f3n en buggy. Siente la adrenalina mientras navegas por los diversos paisajes de Punta Cana.<\/p>\n<p>4. Exploraci\u00f3n de Cuevas Subterr\u00e1neas de Agua: Avent\u00farate en las profundidades de una cueva subterr\u00e1nea de agua y descubre las maravillas ocultas del paisaje natural de la Rep\u00fablica Dominicana. Marav\u00edllate con las formaciones encantadoras y sum\u00e9rgete en la serena belleza de este entorno \u00fanico.<\/p>\n<p>Por favor, ten en cuenta que cualquier art\u00edculo, foto o video que decidas comprar durante la excursi\u00f3n no es responsabilidad de nuestra empresa, ya que son ofrecidos por vendedores independientes. Queremos que tengas una experiencia memorable y agradable, as\u00ed que si\u00e9ntete libre de hacer cualquier compra a tu discreci\u00f3n.<\/p>","protected":false},"excerpt":{"rendered":"<div data-track=\"overview\" data-v-83a2b402=\"\">\n<section id=\"activity-overview\" class=\"activity-overview\" data-component=\"overview\" data-v-83a2b402=\"\" data-v-f3236c42=\"\">\n<p class=\"activity-overview__content\" data-test-id=\"activity-overview-content\" data-v-f3236c42=\"\">La excursi\u00f3n en buggy es una de las m\u00e1s populares en Punta Cana, esta experiencia es una aventura inolvidable<\/p>\n<\/section>\n<\/div>\n<div data-track=\"key-details\" data-v-83a2b402=\"\"><\/div>","protected":false},"featured_media":10668,"template":"","meta":[],"product_brand":[],"product_cat":[97],"product_tag":[101,102],"class_list":{"0":"post-10279","1":"product","2":"type-product","3":"status-publish","4":"has-post-thumbnail","6":"product_cat-dominican-republic","7":"product_tag-excursion","8":"product_tag-tour","10":"first","11":"instock","12":"sale","13":"shipping-taxable","14":"product-type-external"},"_links":{"self":[{"href":"https:\/\/loshaitisescayolevantado.com\/es\/wp-json\/wp\/v2\/product\/10279","targetHints":{"allow":["GET"]}}],"collection":[{"href":"https:\/\/loshaitisescayolevantado.com\/es\/wp-json\/wp\/v2\/product"}],"about":[{"href":"https:\/\/loshaitisescayolevantado.com\/es\/wp-json\/wp\/v2\/types\/product"}],"wp:featuredmedia":[{"embeddable":true,"href":"https:\/\/loshaitisescayolevantado.com\/es\/wp-json\/wp\/v2\/media\/10668"}],"wp:attachment":[{"href":"https:\/\/loshaitisescayolevantado.com\/es\/wp-json\/wp\/v2\/media?parent=10279"}],"wp:term":[{"taxonomy":"product_brand","embeddable":true,"href":"https:\/\/loshaitisescayolevantado.com\/es\/wp-json\/wp\/v2\/product_brand?post=10279"},{"taxonomy":"product_cat","embeddable":true,"href":"https:\/\/loshaitisescayolevantado.com\/es\/wp-json\/wp\/v2\/product_cat?post=10279"},{"taxonomy":"product_tag","embeddable":true,"href":"https:\/\/loshaitisescayolevantado.com\/es\/wp-json\/wp\/v2\/product_tag?post=10279"}],"curies":[{"name":"wp","href":"https:\/\/api.w.org\/{rel}","templated":true}]}}