{"id":10232,"date":"2025-12-18T09:27:42","date_gmt":"2025-12-18T09:27:42","guid":{"rendered":"https:\/\/loshaitisescayolevantado.com\/?post_type=product&#038;p=10232"},"modified":"2026-01-05T04:34:58","modified_gmt":"2026-01-05T04:34:58","slug":"entrada-al-parque-acuatico-el-dorado-punta-cana-con-traslados-al-hotel","status":"publish","type":"product","link":"https:\/\/loshaitisescayolevantado.com\/es\/recorridos\/entrada-al-parque-acuatico-el-dorado-punta-cana-con-traslados-al-hotel\/","title":{"rendered":"Punta Cana: Entrada al Parque Acu\u00e1tico El Dorado con Traslados al Hotel"},"content":{"rendered":"<p><strong>Punta Cana: Entrada al Parque Acu\u00e1tico El Dorado con Traslados al Hotel<\/strong><\/p>\n<p>Comienza con una recogida sin contratiempos en tu alojamiento en Punta Cana, La Romana, Uvero Alto o B\u00e1varo y rel\u00e1jate en el traslado al parque acu\u00e1tico El Dorado, que lleva el nombre del legendario mito de El Dorado y est\u00e1 enclavado en la exuberante vegetaci\u00f3n de los tr\u00f3picos.<\/p>\n<p>Accede a m\u00e1s de 20 atracciones divididas en 4 zonas, que ofrecen emocionantes aventuras dise\u00f1adas para todos los gustos y edades. Atr\u00e9vete a vivir la adrenalina del riesgo, desaf\u00eda la gravedad, navega por el R\u00edo Lagrimas y encuentra el Templo del Agua antes de adentrarte en la C\u00e1mara del Tesoro.<\/p>\n<p>Flota en un espectacular r\u00edo lento, haz snorkel entre las rocas calizas en un ca\u00f1\u00f3n con equipo de snorkel y rel\u00e1jate con acceso a tumbonas, hamacas y sombrillas. Mantente conectado con acceso gratuito a wi-fi en el parque.<\/p>\n<p>Dir\u00edgete a la zona de adrenalina, donde hay atracciones dirigidas al p\u00fablico m\u00e1s valiente como toboganes acu\u00e1ticos y el embudo vertical multijalador. En la zona familiar, tanto grandes como peque\u00f1os podr\u00e1n disfrutar de divertidas experiencias como el tobog\u00e1n de alfombra de carreras.<\/p>\n<p>Haz sonre\u00edr a los ni\u00f1os en la zona infantil que alberga una r\u00e9plica de los toboganes m\u00e1s extremos, su r\u00edo lento y un incre\u00edble \u00c1rbol de la Vida. Compra deliciosos bocadillos, comidas y bebidas mientras est\u00e9s en el parque. Regresa a tu alojamiento en autob\u00fas despu\u00e9s de un d\u00eda de diversi\u00f3n bajo el sol.<\/p>\n<div id=\"gtx-trans\" style=\"position: absolute;left: 79px;top: 48px\">\n<div class=\"gtx-trans-icon\"><\/div>\n<\/div>","protected":false},"excerpt":{"rendered":"<div data-track=\"overview\" data-v-83a2b402=\"\">\n<section id=\"activity-overview\" class=\"activity-overview\" data-component=\"overview\" data-v-83a2b402=\"\" data-v-f3236c42=\"\">\n<p class=\"activity-overview__content\" data-test-id=\"activity-overview-content\" data-v-f3236c42=\"\">Rel\u00e1jate en un r\u00edo lento, en la piscina de olas o en la playa privada y divi\u00e9rtete en emocionantes toboganes que desaf\u00edan la gravedad con este ticket para El Dorado Waterpark, que incluye traslados desde Punta Cana.<\/p>\n<\/section>\n<\/div>\n<div data-track=\"key-details\" data-v-83a2b402=\"\"><\/div>","protected":false},"featured_media":10636,"template":"","meta":[],"product_brand":[],"product_cat":[97],"product_tag":[101,102],"class_list":{"0":"post-10232","1":"product","2":"type-product","3":"status-publish","4":"has-post-thumbnail","6":"product_cat-dominican-republic","7":"product_tag-excursion","8":"product_tag-tour","10":"first","11":"instock","12":"sale","13":"shipping-taxable","14":"product-type-external"},"_links":{"self":[{"href":"https:\/\/loshaitisescayolevantado.com\/es\/wp-json\/wp\/v2\/product\/10232","targetHints":{"allow":["GET"]}}],"collection":[{"href":"https:\/\/loshaitisescayolevantado.com\/es\/wp-json\/wp\/v2\/product"}],"about":[{"href":"https:\/\/loshaitisescayolevantado.com\/es\/wp-json\/wp\/v2\/types\/product"}],"wp:featuredmedia":[{"embeddable":true,"href":"https:\/\/loshaitisescayolevantado.com\/es\/wp-json\/wp\/v2\/media\/10636"}],"wp:attachment":[{"href":"https:\/\/loshaitisescayolevantado.com\/es\/wp-json\/wp\/v2\/media?parent=10232"}],"wp:term":[{"taxonomy":"product_brand","embeddable":true,"href":"https:\/\/loshaitisescayolevantado.com\/es\/wp-json\/wp\/v2\/product_brand?post=10232"},{"taxonomy":"product_cat","embeddable":true,"href":"https:\/\/loshaitisescayolevantado.com\/es\/wp-json\/wp\/v2\/product_cat?post=10232"},{"taxonomy":"product_tag","embeddable":true,"href":"https:\/\/loshaitisescayolevantado.com\/es\/wp-json\/wp\/v2\/product_tag?post=10232"}],"curies":[{"name":"wp","href":"https:\/\/api.w.org\/{rel}","templated":true}]}}