{"id":10195,"date":"2025-12-18T09:26:35","date_gmt":"2025-12-18T09:26:35","guid":{"rendered":"https:\/\/loshaitisescayolevantado.com\/?post_type=product&#038;p=10195"},"modified":"2026-02-09T04:23:24","modified_gmt":"2026-02-09T04:23:24","slug":"punta-cana-medio-dia-en-atv-o-buggy-y-a-caballo","status":"publish","type":"product","link":"https:\/\/loshaitisescayolevantado.com\/es\/tours\/punta-cana-medio-dia-en-atv-o-buggy-y-a-caballo\/","title":{"rendered":"Punta Cana: Medio d\u00eda en quad o buggy y a caballo"},"content":{"rendered":"<p><strong>Punta Cana: Medio d\u00eda en quad o buggy y a caballo<\/strong><\/p>\n<p>Los buggies ATV han sido dise\u00f1ados para que la gente se sienta como en casa, como alguien que visita la granja de sus abuelos. Una c\u00e1lida bienvenida con agricultores dominicanos, gente feliz siempre con una sonrisa, donde se puede conocer la vida en el campo.<\/p>\n<p>Te recogemos en tu hotel o lugar seleccionado para trasladarte a nuestro rancho, donde te reunir\u00e1s con nuestra super base de salida y operaciones. Nos tomaremos 15 minutos para que te cambies de ropa y una charla breve sobre seguridad y la excursi\u00f3n.<\/p>\n<p>Emb\u00e1rquese en una emocionante aventura llena de adrenalina mientras recorremos el campo y sus majestuosas monta\u00f1as a bordo de nuestros Cowboy Buggies. hacia nuestra primera playa en Macao.<\/p>\n<p>Parada refrescante en Macao Beach, una oportunidad perfecta para darse un chapuz\u00f3n, un paseo relajado y m\u00e1s. Toma tus fotos y puedes comprar de todo, desde comida t\u00edpica hasta agua de coco.<\/p>\n<p>Nuestra segunda parada nos lleva a una encantadora casa t\u00edpica, donde podr\u00e1 deleitar sus sentidos con degustaciones de caf\u00e9, chocolate, vainilla y puros artesanales.<\/p>\n<p>La emoci\u00f3n contin\u00faa con una tercera parada en un cautivador cenote de aguas azules cristalinas, que ofrece una experiencia de ba\u00f1o revitalizante.<\/p>\n<p>Finalmente, concluimos nuestra escapada en el rancho, donde el transporte espera para llevarte de regreso a tu hotel de forma segura.<\/p>\n<div id=\"gtx-trans\" style=\"position: absolute; left: 297px; top: 0px;\">\n<div class=\"gtx-trans-icon\"><\/div>\n<\/div>","protected":false},"excerpt":{"rendered":"<div data-track=\"overview\" data-v-83a2b402=\"\">\n<section id=\"activity-overview\" class=\"activity-overview\" data-component=\"overview\" data-v-83a2b402=\"\" data-v-f3236c42=\"\">\n<p class=\"activity-overview__content\" data-test-id=\"activity-overview-content\" data-v-f3236c42=\"\">Playa Macao, buggies, un cenote azul, chocolate, caf\u00e9, puros y paseos a caballo, todo en un lugar \u00fanico, cuidando cada detalle, hacen de esta una experiencia especial.<\/p>\n<\/section>\n<\/div>\n<div data-track=\"key-details\" data-v-83a2b402=\"\"><\/div>","protected":false},"featured_media":10603,"template":"","meta":[],"product_brand":[],"product_cat":[97],"product_tag":[101,102],"class_list":{"0":"post-10195","1":"product","2":"type-product","3":"status-publish","4":"has-post-thumbnail","6":"product_cat-dominican-republic","7":"product_tag-excursion","8":"product_tag-tour","10":"first","11":"instock","12":"sale","13":"shipping-taxable","14":"product-type-external"},"_links":{"self":[{"href":"https:\/\/loshaitisescayolevantado.com\/es\/wp-json\/wp\/v2\/product\/10195","targetHints":{"allow":["GET"]}}],"collection":[{"href":"https:\/\/loshaitisescayolevantado.com\/es\/wp-json\/wp\/v2\/product"}],"about":[{"href":"https:\/\/loshaitisescayolevantado.com\/es\/wp-json\/wp\/v2\/types\/product"}],"wp:featuredmedia":[{"embeddable":true,"href":"https:\/\/loshaitisescayolevantado.com\/es\/wp-json\/wp\/v2\/media\/10603"}],"wp:attachment":[{"href":"https:\/\/loshaitisescayolevantado.com\/es\/wp-json\/wp\/v2\/media?parent=10195"}],"wp:term":[{"taxonomy":"product_brand","embeddable":true,"href":"https:\/\/loshaitisescayolevantado.com\/es\/wp-json\/wp\/v2\/product_brand?post=10195"},{"taxonomy":"product_cat","embeddable":true,"href":"https:\/\/loshaitisescayolevantado.com\/es\/wp-json\/wp\/v2\/product_cat?post=10195"},{"taxonomy":"product_tag","embeddable":true,"href":"https:\/\/loshaitisescayolevantado.com\/es\/wp-json\/wp\/v2\/product_tag?post=10195"}],"curies":[{"name":"wp","href":"https:\/\/api.w.org\/{rel}","templated":true}]}}