{"id":10193,"date":"2025-12-18T09:26:35","date_gmt":"2025-12-18T09:26:35","guid":{"rendered":"https:\/\/loshaitisescayolevantado.com\/?post_type=product&#038;p=10193"},"modified":"2026-01-05T04:30:45","modified_gmt":"2026-01-05T04:30:45","slug":"punta-cana-aventura-tirolesa-telesilla-buggy-paseo-a-caballo","status":"publish","type":"product","link":"https:\/\/loshaitisescayolevantado.com\/es\/tours\/punta-cana-aventura-tirolesa-telesilla-buggy-paseo-a-caballo\/","title":{"rendered":"Punta Cana: Aventura en tirolina, telesilla, buggy y caballo"},"content":{"rendered":"<h1 class=\"activity__title js-title\" data-track=\"activity-title\" data-test-id=\"activity-title\" data-v-c050e4d7=\"\"><span style=\"font-size: 12pt\">Punta Cana: Aventura en tirolina, telesilla, buggy y caballo<\/span><\/h1>\n<p>Visite el Parque de La Hacienda y disfrute de una recogida en su hotel. Sobrevuele la selva en veloces tirolinas, disfrute de un safari por Punta Cana y sienta la emoci\u00f3n de un salto r\u00e1pido.<\/p>\n<p>Desl\u00edcese por la selva con tirolinas de 2 kil\u00f3metros de longitud que alcanzan una velocidad de hasta 70 km\/h y una altura de hasta 160 m, disfrute de la selva salvaje a gran velocidad desde tirolinas, con un salto de ca\u00edda libre de 20 metros de altura.<\/p>\n<p>Conduce buggies por las carreteras extremas de un circuito privado, que garantiza la mejor seguridad con una experiencia extrema para que tanto ni\u00f1os como adultos disfruten al m\u00e1ximo.<\/p>\n<p>B\u00e1\u00f1ese en el r\u00edo de aguas cristalinas y cabalgue por en medio de la selva con caballos tranquilos y \u00e1giles para disfrutar de la vida salvaje.<\/p>\n<p>Suba al \u00fanico telesilla de la Rep\u00fablica Dominicana que le har\u00e1 disfrutar de las mejores vistas del parque y, por \u00faltimo, descubra la cultura del pa\u00eds con un safari. Aprenda sobre la cultura dominicana y local. Deguste mamajuana y caf\u00e9 reci\u00e9n hecho y un abundante buf\u00e9 tradicional.<\/p>\n<p>Para los m\u00e1s peque\u00f1os, La Hacienda Park es ideal para familias. Los ni\u00f1os pueden disfrutar de su tiempo en el club infantil, donde estar\u00e1n supervisados por un gran equipo y tendr\u00e1n un mont\u00f3n de actividades divertidas mientras esperan a que los mayores terminen sus actividades.<\/p>\n<p>Elija la opci\u00f3n Privada VIP para disfrutar de un traslado privado desde su hotel, acceso a La Hacienda, los servicios de un gu\u00eda y un fot\u00f3grafo, bebidas y aperitivos, un almuerzo buf\u00e9 y fotograf\u00edas digitales de su estancia en La Hacienda. La Opci\u00f3n Est\u00e1ndar incluye traslado en grupo, almuerzo buffet y acceso a La Hacienda.<\/p>","protected":false},"excerpt":{"rendered":"<div data-track=\"overview\" data-v-83a2b402=\"\">\n<section id=\"activity-overview\" class=\"activity-overview\" data-component=\"overview\" data-v-83a2b402=\"\" data-v-f3236c42=\"\">\n<p class=\"activity-overview__content\" data-test-id=\"activity-overview-content\" data-v-f3236c42=\"\">Descubra el emocionante Parque La Hacienda en Punta Cana con una entrada reservada con antelaci\u00f3n. Conduce un buggy por carreteras extremas, sum\u00e9rgete en un r\u00edo natural, monta a caballo por la selva y desl\u00edzate por la tirolina.<\/p>\n<\/section>\n<\/div>\n<div data-track=\"key-details\" data-v-83a2b402=\"\"><\/div>","protected":false},"featured_media":10576,"template":"","meta":[],"product_brand":[],"product_cat":[97],"product_tag":[101,102],"class_list":{"0":"post-10193","1":"product","2":"type-product","3":"status-publish","4":"has-post-thumbnail","6":"product_cat-dominican-republic","7":"product_tag-excursion","8":"product_tag-tour","10":"first","11":"instock","12":"sale","13":"shipping-taxable","14":"product-type-external"},"_links":{"self":[{"href":"https:\/\/loshaitisescayolevantado.com\/es\/wp-json\/wp\/v2\/product\/10193","targetHints":{"allow":["GET"]}}],"collection":[{"href":"https:\/\/loshaitisescayolevantado.com\/es\/wp-json\/wp\/v2\/product"}],"about":[{"href":"https:\/\/loshaitisescayolevantado.com\/es\/wp-json\/wp\/v2\/types\/product"}],"wp:featuredmedia":[{"embeddable":true,"href":"https:\/\/loshaitisescayolevantado.com\/es\/wp-json\/wp\/v2\/media\/10576"}],"wp:attachment":[{"href":"https:\/\/loshaitisescayolevantado.com\/es\/wp-json\/wp\/v2\/media?parent=10193"}],"wp:term":[{"taxonomy":"product_brand","embeddable":true,"href":"https:\/\/loshaitisescayolevantado.com\/es\/wp-json\/wp\/v2\/product_brand?post=10193"},{"taxonomy":"product_cat","embeddable":true,"href":"https:\/\/loshaitisescayolevantado.com\/es\/wp-json\/wp\/v2\/product_cat?post=10193"},{"taxonomy":"product_tag","embeddable":true,"href":"https:\/\/loshaitisescayolevantado.com\/es\/wp-json\/wp\/v2\/product_tag?post=10193"}],"curies":[{"name":"wp","href":"https:\/\/api.w.org\/{rel}","templated":true}]}}