{"id":10192,"date":"2025-12-18T09:26:35","date_gmt":"2025-12-18T09:26:35","guid":{"rendered":"https:\/\/loshaitisescayolevantado.com\/?post_type=product&#038;p=10192"},"modified":"2026-01-05T04:29:53","modified_gmt":"2026-01-05T04:29:53","slug":"recorrido-por-los-puntos-destacados-de-la-ciudad-de-puerto-plata-con-almuerzo-en-mount-isabel","status":"publish","type":"product","link":"https:\/\/loshaitisescayolevantado.com\/es\/tours\/recorrido-por-los-puntos-destacados-de-la-ciudad-de-puerto-plata-con-almuerzo-en-mount-isabel\/","title":{"rendered":"Puerto Plata: Lo m\u00e1s destacado de la ciudad con el Monte Isabel y almuerzo"},"content":{"rendered":"<p>Puerto Plata: Lo m\u00e1s destacado de la ciudad con el Monte Isabel y almuerzo<\/p>\n<p>\u00a1Explora Puerto Plata en esta versi\u00f3n completa del tour por la ciudad! Pasar\u00e1s con nosotros entre 6 y 7 horas, descubriendo la verdadera Rep\u00fablica Dominicana. Nuestros gu\u00edas hablan ingl\u00e9s, alem\u00e1n, franc\u00e9s, polaco y espa\u00f1ol.<\/p>\n<p>Experimenta el viaje a la cima del famoso Monte Isabel de Torres y disfruta de la vista panor\u00e1mica de la costa y la ciudad de Puerto Plata. Da un agradable paseo por el ex\u00f3tico Parque Nacional de Isabela de Torres. Disfruta de la vibrante naturaleza en un jard\u00edn bot\u00e1nico.<\/p>\n<p>Luego descubre la ciudad colonial: Parque de la Independencia con la Catedral de San Felipe y coloridas casas antiguas de madera a su alrededor, la famosa Calle de los Paraguas y la Calle Rosa Do\u00f1a Blanca. \u00a1Prueba coco fresco de un vendedor ambulante! Ten tiempo libre para tomar una taza de caf\u00e9 dominicano o una cerveza fr\u00eda. Puedes encontrar algunos recuerdos aqu\u00ed si lo deseas. Explora la Fortaleza de San Felipe a lo largo de la bah\u00eda del puerto y echa un vistazo a los barcos de pesca en el paseo mar\u00edtimo del Malec\u00f3n.<\/p>\n<p>Por la tarde tendr\u00e1s un almuerzo dominicano t\u00edpico: pescado o carne con arroz y habichuelas. Se llama \u201cbandera dominicana\u201d. Si eres vegetariano o vegano te prepararemos algo diferente. Las bebidas no alcoh\u00f3licas durante la comida est\u00e1n incluidas.<\/p>\n<p>Despu\u00e9s de la comida, visitar\u00e1s la f\u00e1brica Macorix House of Rum, donde podr\u00e1s degustar muchos tipos de ron y licores de ca\u00f1a de az\u00facar. Sentir\u00e1s las vibras caribe\u00f1as \ud83d\ude42<\/p>\n<p>La Rep\u00fablica Dominicana es conocida como el mayor productor mundial de cacao org\u00e1nico. Visitar\u00e1s la f\u00e1brica de chocolate org\u00e1nico en Puerto Plata donde podr\u00e1s degustarlo.<\/p>\n<p>Finalmente, podemos pasar por el supermercado un rato, para que puedas hacer algunas compras dominicanas: ron, caf\u00e9, cacao, etc., todo a precios locales asequibles.<\/p>\n<p>Al final del recorrido, te sorprender\u00e1 cu\u00e1nto se puede hacer en el Tour por la Ciudad de Puerto Plata \ud83d\ude42 \u00a1Ser\u00e1 un d\u00eda que te dejar\u00e1 grandes recuerdos de Rep\u00fablica Dominicana! No hay tiempo que perder, disfr\u00fatalo todo.<\/p>","protected":false},"excerpt":{"rendered":"<div data-track=\"overview\" data-v-83a2b402=\"\">\n<section id=\"activity-overview\" class=\"activity-overview\" data-component=\"overview\" data-v-83a2b402=\"\" data-v-f3236c42=\"\">\n<p class=\"activity-overview__content\" data-test-id=\"activity-overview-content\" data-v-f3236c42=\"\">Explora Puerto Plata en este tour por los puntos destacados de la ciudad, disfruta de un paseo hasta la cima del Monte Isabel, obt\u00e9n una vista panor\u00e1mica de la costa y recorre el ex\u00f3tico Parque Nacional, antes de disfrutar de un almuerzo t\u00edpico.<\/p>\n<\/section>\n<\/div>\n<div data-track=\"key-details\" data-v-83a2b402=\"\"><\/div>","protected":false},"featured_media":10568,"template":"","meta":[],"product_brand":[],"product_cat":[97],"product_tag":[101,102],"class_list":{"0":"post-10192","1":"product","2":"type-product","3":"status-publish","4":"has-post-thumbnail","6":"product_cat-dominican-republic","7":"product_tag-excursion","8":"product_tag-tour","10":"first","11":"instock","12":"sale","13":"shipping-taxable","14":"product-type-external"},"_links":{"self":[{"href":"https:\/\/loshaitisescayolevantado.com\/es\/wp-json\/wp\/v2\/product\/10192","targetHints":{"allow":["GET"]}}],"collection":[{"href":"https:\/\/loshaitisescayolevantado.com\/es\/wp-json\/wp\/v2\/product"}],"about":[{"href":"https:\/\/loshaitisescayolevantado.com\/es\/wp-json\/wp\/v2\/types\/product"}],"wp:featuredmedia":[{"embeddable":true,"href":"https:\/\/loshaitisescayolevantado.com\/es\/wp-json\/wp\/v2\/media\/10568"}],"wp:attachment":[{"href":"https:\/\/loshaitisescayolevantado.com\/es\/wp-json\/wp\/v2\/media?parent=10192"}],"wp:term":[{"taxonomy":"product_brand","embeddable":true,"href":"https:\/\/loshaitisescayolevantado.com\/es\/wp-json\/wp\/v2\/product_brand?post=10192"},{"taxonomy":"product_cat","embeddable":true,"href":"https:\/\/loshaitisescayolevantado.com\/es\/wp-json\/wp\/v2\/product_cat?post=10192"},{"taxonomy":"product_tag","embeddable":true,"href":"https:\/\/loshaitisescayolevantado.com\/es\/wp-json\/wp\/v2\/product_tag?post=10192"}],"curies":[{"name":"wp","href":"https:\/\/api.w.org\/{rel}","templated":true}]}}