{"id":14654,"date":"2025-12-18T12:27:55","date_gmt":"2025-12-18T12:27:55","guid":{"rendered":"https:\/\/loshaitisescayolevantado.com\/?post_type=product&#038;p=14654"},"modified":"2026-02-11T13:12:20","modified_gmt":"2026-02-11T13:12:20","slug":"partyboot-im-katamaran-trinity-schnorcheln-privatstrand","status":"publish","type":"product","link":"https:\/\/loshaitisescayolevantado.com\/de\/touren\/partyboot-im-katamaran-trinity-schnorcheln-privatstrand\/","title":{"rendered":"Partyboot im Katamaran Trinity| Schnorcheln| Privatstrand"},"content":{"rendered":"<p>Willkommen zum Spa\u00df<\/p>\n<p>Wenn Sie eine gro\u00dfartige Zeit in Punta Cana mit guter Atmosph\u00e4re, guter Musik und unterhaltsamen Menschen verbringen m\u00f6chten, dann sind Sie bei uns genau richtig; wir sind mehr als bereit, Ihren Urlaub zum besten Ihres Lebens zu machen. Buchen Sie mit uns diesen Ausflug auf einem unserer Katamarane, wo Sie die wundersch\u00f6nen privaten Str\u00e4nde von Bavaro genie\u00dfen k\u00f6nnen, eine Reise, die Sie entlang der K\u00fcste f\u00fchrt, w\u00e4hrend Sie die beste Unterhaltung von unserem Personal genie\u00dfen.<\/p>\n<p>Ich lade Sie ein, dieses Abenteuer zu erleben. Die durchzuf\u00fchrenden Aktivit\u00e4ten sind die folgenden: Zuerst holen wir unsere Kunden an ihrem Zielort ab und bringen sie zum Strand, wo unser Boot wartet. Dort wird unser Team warten und w\u00e4hrend der Vorbereitung k\u00f6nnen Sie bereits Freunde finden, bevor Sie an Bord gehen.<\/p>\n<p>2. Nach dem Betreten unseres Katamarans bereiten Sie sich auf einen unvergesslichen Tag mit guter Musik und offener Bar vor. Unser Team ist bereit, Ihnen das beste Erlebnis zu bieten.<\/p>\n<p>3. Bevor wir die Bar \u00f6ffnen, machen wir einen Halt zum Schnorcheln, ein Erlebnis, das Sie sich immer wieder ins Ged\u00e4chtnis rufen werden. Unsere Guides werden daf\u00fcr sorgen, dass Sie auf Estes vorbereitet sind, um die Sch\u00f6nheit des Ozeans in diesen wundervollen, kristallklaren Gew\u00e4ssern zu genie\u00dfen.<\/p>\n<p>4.: und wenn wir wieder an Bord sind, \u00f6ffnen wir unsere Bar und hier k\u00f6nnen Sie alles genie\u00dfen, was wir f\u00fcr Sie bereithalten (Tanz, Getr\u00e4nke, Snacks), aber mit all dem Spa\u00df, den Sie sich vorstellen k\u00f6nnen.<\/p>\n<p>5. Unser n\u00e4chster Halt ist am Naturpool, einem Paradies, das zu sch\u00f6n ist, mit Blick auf Palmen und wo man ein reichhaltiges Bad nehmen und neue Freunde finden kann. Ich versichere Ihnen, dass Sie diesen Ort nicht vergessen werden.<\/p>\n<p>Nachdem alles eingesammelt wurde, gehen wir zum Ausgangspunkt zur\u00fcck und bringen jeden Kunden zu seinem Ziel.<\/p>\n<p>Auge: Manchmal machen wir einen technischen Stopp, um die Delfine zu sehen, aber das ist nicht immer der Fall.<\/p>","protected":false},"excerpt":{"rendered":"<div data-track=\"overview\" data-v-83a2b402=\"\">\n<section id=\"activity-overview\" class=\"activity-overview\" data-component=\"overview\" data-v-83a2b402=\"\" data-v-f3236c42=\"\">\n<p class=\"activity-overview__content\" data-test-id=\"activity-overview-content\" data-v-f3236c42=\"\">Genie\u00dfen Sie das Segelerlebnis im kristallklaren Wasser der wundersch\u00f6nen Privatstr\u00e4nde von Bavaro auf einem luxuri\u00f6sen Katamaran, wo Unterhaltung Teil des Abenteuers ist und wo Sie schnorcheln k\u00f6nnen.<\/p>\n<\/section>\n<\/div>\n<div data-track=\"key-details\" data-v-83a2b402=\"\"><\/div>","protected":false},"featured_media":14884,"template":"","meta":[],"product_brand":[],"product_cat":[97],"product_tag":[101,102],"class_list":{"0":"post-14654","1":"product","2":"type-product","3":"status-publish","4":"has-post-thumbnail","6":"product_cat-dominican-republic","7":"product_tag-excursion","8":"product_tag-tour","10":"first","11":"instock","12":"shipping-taxable","13":"product-type-external"},"_links":{"self":[{"href":"https:\/\/loshaitisescayolevantado.com\/de\/wp-json\/wp\/v2\/product\/14654","targetHints":{"allow":["GET"]}}],"collection":[{"href":"https:\/\/loshaitisescayolevantado.com\/de\/wp-json\/wp\/v2\/product"}],"about":[{"href":"https:\/\/loshaitisescayolevantado.com\/de\/wp-json\/wp\/v2\/types\/product"}],"wp:featuredmedia":[{"embeddable":true,"href":"https:\/\/loshaitisescayolevantado.com\/de\/wp-json\/wp\/v2\/media\/14884"}],"wp:attachment":[{"href":"https:\/\/loshaitisescayolevantado.com\/de\/wp-json\/wp\/v2\/media?parent=14654"}],"wp:term":[{"taxonomy":"product_brand","embeddable":true,"href":"https:\/\/loshaitisescayolevantado.com\/de\/wp-json\/wp\/v2\/product_brand?post=14654"},{"taxonomy":"product_cat","embeddable":true,"href":"https:\/\/loshaitisescayolevantado.com\/de\/wp-json\/wp\/v2\/product_cat?post=14654"},{"taxonomy":"product_tag","embeddable":true,"href":"https:\/\/loshaitisescayolevantado.com\/de\/wp-json\/wp\/v2\/product_tag?post=14654"}],"curies":[{"name":"wp","href":"https:\/\/api.w.org\/{rel}","templated":true}]}}