{"id":14322,"date":"2025-12-18T12:11:20","date_gmt":"2025-12-18T12:11:20","guid":{"rendered":"https:\/\/loshaitisescayolevantado.com\/?post_type=product&#038;p=14322"},"modified":"2026-02-11T04:40:52","modified_gmt":"2026-02-11T04:40:52","slug":"-278","status":"publish","type":"product","link":"https:\/\/loshaitisescayolevantado.com\/de\/touren\/-278\/","title":{"rendered":"Privater Transfer vom Flughafen Punta Cana zum Dreams Onyx"},"content":{"rendered":"<div class=\"toggle-content__content toggle-content__content--expanded toggle-content__content--packable\" data-v-59485d64=\"\">\n<div data-test-id=\"activity-full-description-text\" data-v-5835c99c=\"\">Punta Cana Transfer ist ein f\u00fchrender Anbieter von privaten Transporten in ganz Punta Cana. Als Unternehmen verf\u00fcgen wir \u00fcber mehr als 4 Jahre Erfahrung und \u00fcber 1000 5-Sterne-Bewertungen auf TripAdvisor. Genie\u00dfen Sie die Leichtigkeit, vor, w\u00e4hrend und nach Ihrer Reise von Ihrem eigenen Kundendienstmitarbeiter betreut zu werden. Keine Tickets, keine E-Mails, auf die man warten muss, und keine langen Warteschlangen, die gesamte Kommunikation erfolgt sofort und per SMS. Ihr Fahrer erwartet Sie bei Ihrer Ankunft mit einem Schild und bringt Sie direkt zu Ihrem Resort, ohne unerw\u00fcnschte Stopps oder \u00dcberraschungen. Buchen Sie Ihre Fahrt und fahren Sie direkt vom Flughafen Punta Cana zu Dreams Onyx oder von Dreams Onyx zum Flughafen Punta Cana, um Ihren Flug zu erreichen.<\/div>\n<\/div>\n<div class=\"toggle-content__label-placeholder\" data-v-59485d64=\"\"><\/div>","protected":false},"excerpt":{"rendered":"<div data-track=\"overview\" data-v-83a2b402=\"\">\n<section id=\"activity-overview\" class=\"activity-overview\" data-component=\"overview\" data-v-83a2b402=\"\" data-v-f3236c42=\"\">\n<p class=\"activity-overview__content\" data-test-id=\"activity-overview-content\" data-v-f3236c42=\"\">\u00dcberspringen Sie die Wartezeit und fahren Sie direkt ins Paradies! Sobald Sie ankommen, steht Ihr Fahrer am Ausgang des Terminals mit einem Schild, auf dem Ihr Name steht, bereit, um Sie direkt zu Ihrem Resort zu chauffieren.<\/p>\n<\/section>\n<\/div>\n<div data-track=\"key-details\" data-v-83a2b402=\"\"><\/div>","protected":false},"featured_media":13315,"template":"","meta":[],"product_brand":[],"product_cat":[97],"product_tag":[101,102],"class_list":{"0":"post-14322","1":"product","2":"type-product","3":"status-publish","4":"has-post-thumbnail","6":"product_cat-dominican-republic","7":"product_tag-excursion","8":"product_tag-tour","10":"first","11":"instock","12":"shipping-taxable","13":"product-type-external"},"_links":{"self":[{"href":"https:\/\/loshaitisescayolevantado.com\/de\/wp-json\/wp\/v2\/product\/14322","targetHints":{"allow":["GET"]}}],"collection":[{"href":"https:\/\/loshaitisescayolevantado.com\/de\/wp-json\/wp\/v2\/product"}],"about":[{"href":"https:\/\/loshaitisescayolevantado.com\/de\/wp-json\/wp\/v2\/types\/product"}],"wp:featuredmedia":[{"embeddable":true,"href":"https:\/\/loshaitisescayolevantado.com\/de\/wp-json\/wp\/v2\/media\/13315"}],"wp:attachment":[{"href":"https:\/\/loshaitisescayolevantado.com\/de\/wp-json\/wp\/v2\/media?parent=14322"}],"wp:term":[{"taxonomy":"product_brand","embeddable":true,"href":"https:\/\/loshaitisescayolevantado.com\/de\/wp-json\/wp\/v2\/product_brand?post=14322"},{"taxonomy":"product_cat","embeddable":true,"href":"https:\/\/loshaitisescayolevantado.com\/de\/wp-json\/wp\/v2\/product_cat?post=14322"},{"taxonomy":"product_tag","embeddable":true,"href":"https:\/\/loshaitisescayolevantado.com\/de\/wp-json\/wp\/v2\/product_tag?post=14322"}],"curies":[{"name":"wp","href":"https:\/\/api.w.org\/{rel}","templated":true}]}}