{"id":14259,"date":"2025-12-18T12:08:14","date_gmt":"2025-12-18T12:08:14","guid":{"rendered":"https:\/\/loshaitisescayolevantado.com\/?post_type=product&#038;p=14259"},"modified":"2026-02-11T04:05:48","modified_gmt":"2026-02-11T04:05:48","slug":"-270","status":"publish","type":"product","link":"https:\/\/loshaitisescayolevantado.com\/de\/touren\/-270\/","title":{"rendered":"Partyboot Katamaran Trinity| Schnorcheln| Privatstrand"},"content":{"rendered":"<p>Willkommen zum Spa\u00df<\/p>\n<p>If you are looking to have a great time in puntacana with a good atmosphere, Good music and people ready to entertain you because here we are; more than ready to make Your vacation the best of Your life.<\/p>\n<p>Book with us this excursion in one of our catamarans where you can enjoy the beautiful private beaches of bavaro, a trip that will take you throughout the coastal area while enjoying the best entertainment of our staff.<\/p>\n<p>I invite you to live this Adventure.<\/p>\n<p>The activities to be carried out are the following:<\/p>\n<p>The first thing is that we proceed to pick up our clients at their destination and they are taken to the beach where our boat is waiting. There will be waiting for our team and in what comes out The tour can be making friends before boarding.<\/p>\n<p>2. Nach dem Betreten unseres Katamarans bereiten Sie sich auf einen unvergesslichen Tag mit guter Musik und offener Bar vor. Unser Team ist bereit, Ihnen das beste Erlebnis zu bieten.<\/p>\n<p>3. Bevor wir die Bar \u00f6ffnen, machen wir einen Halt zum Schnorcheln, ein Erlebnis, das Sie sich immer wieder ins Ged\u00e4chtnis rufen werden. Unsere Guides werden daf\u00fcr sorgen, dass Sie auf Estes vorbereitet sind, um die Sch\u00f6nheit des Ozeans in diesen wundervollen, kristallklaren Gew\u00e4ssern zu genie\u00dfen.<\/p>\n<p>4.: und wenn wir wieder an Bord sind, \u00f6ffnen wir unsere Bar und hier k\u00f6nnen Sie alles genie\u00dfen, was wir f\u00fcr Sie bereithalten (Tanz, Getr\u00e4nke, Snacks), aber mit all dem Spa\u00df, den Sie sich vorstellen k\u00f6nnen.<\/p>\n<p>5. Unser n\u00e4chster Halt ist am Naturpool, einem Paradies, das zu sch\u00f6n ist, mit Blick auf Palmen und wo man ein reichhaltiges Bad nehmen und neue Freunde finden kann. Ich versichere Ihnen, dass Sie diesen Ort nicht vergessen werden.<\/p>\n<p>Nachdem alles eingesammelt wurde, gehen wir zum Ausgangspunkt zur\u00fcck und bringen jeden Kunden zu seinem Ziel.<\/p>\n<p>Auge: Manchmal machen wir einen technischen Stopp, um die Delfine zu sehen, aber das ist nicht immer der Fall.<\/p>","protected":false},"excerpt":{"rendered":"<div data-track=\"overview\" data-v-83a2b402=\"\">\n<section id=\"activity-overview\" class=\"activity-overview\" data-component=\"overview\" data-v-83a2b402=\"\" data-v-f3236c42=\"\">\n<p class=\"activity-overview__content\" data-test-id=\"activity-overview-content\" data-v-f3236c42=\"\">Genie\u00dfen Sie die Erfahrung des Segelns in den kristallklaren Gew\u00e4ssern der wundersch\u00f6nen Privatstr\u00e4nde von Bavaro in einem luxuri\u00f6sen Katamaran, wo Unterhaltung Teil des Abenteuers ist! Kommen Sie mit uns und Sie werden es nicht bereuen<\/p>\n<\/section>\n<\/div>\n<div data-track=\"key-details\" data-v-83a2b402=\"\"><\/div>","protected":false},"featured_media":13267,"template":"","meta":[],"product_brand":[],"product_cat":[97],"product_tag":[101,102],"class_list":{"0":"post-14259","1":"product","2":"type-product","3":"status-publish","4":"has-post-thumbnail","6":"product_cat-dominican-republic","7":"product_tag-excursion","8":"product_tag-tour","10":"first","11":"instock","12":"shipping-taxable","13":"product-type-external"},"_links":{"self":[{"href":"https:\/\/loshaitisescayolevantado.com\/de\/wp-json\/wp\/v2\/product\/14259","targetHints":{"allow":["GET"]}}],"collection":[{"href":"https:\/\/loshaitisescayolevantado.com\/de\/wp-json\/wp\/v2\/product"}],"about":[{"href":"https:\/\/loshaitisescayolevantado.com\/de\/wp-json\/wp\/v2\/types\/product"}],"wp:featuredmedia":[{"embeddable":true,"href":"https:\/\/loshaitisescayolevantado.com\/de\/wp-json\/wp\/v2\/media\/13267"}],"wp:attachment":[{"href":"https:\/\/loshaitisescayolevantado.com\/de\/wp-json\/wp\/v2\/media?parent=14259"}],"wp:term":[{"taxonomy":"product_brand","embeddable":true,"href":"https:\/\/loshaitisescayolevantado.com\/de\/wp-json\/wp\/v2\/product_brand?post=14259"},{"taxonomy":"product_cat","embeddable":true,"href":"https:\/\/loshaitisescayolevantado.com\/de\/wp-json\/wp\/v2\/product_cat?post=14259"},{"taxonomy":"product_tag","embeddable":true,"href":"https:\/\/loshaitisescayolevantado.com\/de\/wp-json\/wp\/v2\/product_tag?post=14259"}],"curies":[{"name":"wp","href":"https:\/\/api.w.org\/{rel}","templated":true}]}}