{"id":14030,"date":"2025-12-18T11:59:08","date_gmt":"2025-12-18T11:59:08","guid":{"rendered":"https:\/\/loshaitisescayolevantado.com\/?post_type=product&#038;p=14030"},"modified":"2026-01-07T12:27:55","modified_gmt":"2026-01-07T12:27:55","slug":"-243","status":"publish","type":"product","link":"https:\/\/loshaitisescayolevantado.com\/de\/touren\/-243\/","title":{"rendered":"Private Puerto Plata Food Tour und Strand Chillout"},"content":{"rendered":"<p>Entspannen Sie sich auf dieser privaten Tour, die den Besuch von Puerto Plata und die besten dominikanischen Aromen mit entspannter Strandzeit kombiniert.<\/p>\n<p>Beginnen Sie Ihren Tag mit einem Sonnenbad am Strand, frischem Kokoswasser und einer Rumverkostung. Wir werden Ihnen die Unterschiede zwischen den verschiedenen Schnapssorten vorstellen.<\/p>\n<p>Genie\u00dfen Sie anschlie\u00dfend eine k\u00f6stliche Meeresfr\u00fcchte-Paella zum Mittagessen in einem \u00f6rtlichen Fischrestaurant. R\u00fcsten Sie auf Hummer oder Krabben auf, wenn Sie sich schick f\u00fchlen!<\/p>\n<p>Erkunden Sie Puerto Platas charmante Altstadt, einschlie\u00dflich der ber\u00fchmten Pink Street und Umbrella Street. G\u00f6nnen Sie sich den besten dominikanischen Kaffee und hausgemachtes Eis auf dem Hauptplatz.<\/p>\n<p>G\u00f6nnen Sie sich k\u00f6stliche Bio-Kakaoleckereien in einer Schokoladenfabrik.<\/p>\n<p>Entdecken Sie einen weiteren Strand und genie\u00dfen Sie eine echte Pi\u00f1a Colada, serviert in einer Ananas! Weitere Cocktails stehen ebenfalls zu Ihrer Verf\u00fcgung.<\/p>\n<p>Beenden Sie Ihr kulinarisches Abenteuer in Puerto Plata mit einem typischen Streetfood-Gericht: einer herzhaften Empanada gef\u00fcllt mit K\u00e4se, Fleisch oder Ei.<\/p>\n<div class=\"toggle-content__content toggle-content__content--expanded toggle-content__content--packable\" data-v-59485d64=\"\">\n<div data-test-id=\"activity-full-description-text\" data-v-5835c99c=\"\">Lernen Sie unsere Stadt und K\u00fcste kennen und genie\u00dfen Sie dabei k\u00f6stliche Speisen und Getr\u00e4nke aus hochwertigem Rum.<\/div>\n<\/div>\n<div class=\"toggle-content__label-placeholder\" data-v-59485d64=\"\"><\/div>","protected":false},"excerpt":{"rendered":"<div data-track=\"overview\" data-v-83a2b402=\"\">\n<section id=\"activity-overview\" class=\"activity-overview\" data-component=\"overview\" data-v-83a2b402=\"\" data-v-f3236c42=\"\">\n<p class=\"activity-overview__content\" data-test-id=\"activity-overview-content\" data-v-f3236c42=\"\">Erkunden Sie die Kolonialstadt Puerto Plata, entspannen Sie an den umliegenden Str\u00e4nden, speisen Sie in einem Fischrestaurant, kosten Sie dominikanische Spezialit\u00e4ten und probieren Sie den ikonischen Rum! Besuchen Sie, entspannen Sie und genie\u00dfen Sie die Gastronomie \ud83d\ude42<\/p>\n<\/section>\n<\/div>\n<div data-track=\"key-details\" data-v-83a2b402=\"\"><\/div>","protected":false},"featured_media":14230,"template":"","meta":[],"product_brand":[],"product_cat":[97],"product_tag":[101,102],"class_list":{"0":"post-14030","1":"product","2":"type-product","3":"status-publish","4":"has-post-thumbnail","6":"product_cat-dominican-republic","7":"product_tag-excursion","8":"product_tag-tour","10":"first","11":"instock","12":"shipping-taxable","13":"product-type-external"},"_links":{"self":[{"href":"https:\/\/loshaitisescayolevantado.com\/de\/wp-json\/wp\/v2\/product\/14030","targetHints":{"allow":["GET"]}}],"collection":[{"href":"https:\/\/loshaitisescayolevantado.com\/de\/wp-json\/wp\/v2\/product"}],"about":[{"href":"https:\/\/loshaitisescayolevantado.com\/de\/wp-json\/wp\/v2\/types\/product"}],"wp:featuredmedia":[{"embeddable":true,"href":"https:\/\/loshaitisescayolevantado.com\/de\/wp-json\/wp\/v2\/media\/14230"}],"wp:attachment":[{"href":"https:\/\/loshaitisescayolevantado.com\/de\/wp-json\/wp\/v2\/media?parent=14030"}],"wp:term":[{"taxonomy":"product_brand","embeddable":true,"href":"https:\/\/loshaitisescayolevantado.com\/de\/wp-json\/wp\/v2\/product_brand?post=14030"},{"taxonomy":"product_cat","embeddable":true,"href":"https:\/\/loshaitisescayolevantado.com\/de\/wp-json\/wp\/v2\/product_cat?post=14030"},{"taxonomy":"product_tag","embeddable":true,"href":"https:\/\/loshaitisescayolevantado.com\/de\/wp-json\/wp\/v2\/product_tag?post=14030"}],"curies":[{"name":"wp","href":"https:\/\/api.w.org\/{rel}","templated":true}]}}