{"id":13783,"date":"2025-12-18T11:47:45","date_gmt":"2025-12-18T11:47:45","guid":{"rendered":"https:\/\/loshaitisescayolevantado.com\/?post_type=product&#038;p=13783"},"modified":"2026-01-07T12:13:35","modified_gmt":"2026-01-07T12:13:35","slug":"punta-cana-sonnenuntergang-reiten-in-macao-strand-und-wald-3","status":"publish","type":"product","link":"https:\/\/loshaitisescayolevantado.com\/de\/touren\/punta-cana-sonnenuntergang-reiten-in-macao-strand-und-wald-3\/","title":{"rendered":"Punta Cana: Affenland Halbtagessafari und Plantage"},"content":{"rendered":"<p><strong>Punta Cana: Affenland Halbtagessafari und Plantage<\/strong><\/p>\n<p>Visit the coconut house or \u201cCasa del Coco\u201d to learn how coconut oil is produced and taste exotic Caribbean fruits, roasted coffee, and cacao.<\/p>\n<p>Interact near friendly squirrel monkeys for the next 45 minutes. These charming and intelligent monkeys have been trained by a Canadian couple with over 35 years of experience working with animals, including 12 years at the Toronto Zoo teaching monkeys how to interact with humans.<\/p>\n<p>The tour is based on 5 acres of beautiful land that monkeys have made their home. They will descend from the trees to sit on your shoulder and eat from your hands. They also love to pose for the cameras, especially for selfies.<\/p>","protected":false},"excerpt":{"rendered":"<div data-track=\"overview\" data-v-83a2b402=\"\">\n<section id=\"activity-overview\" class=\"activity-overview\" data-component=\"overview\" data-v-83a2b402=\"\" data-v-f3236c42=\"\">\n<div data-track=\"overview\" data-v-83a2b402=\"\">\n<section id=\"activity-overview\" class=\"activity-overview\" data-component=\"overview\" data-v-83a2b402=\"\" data-v-f3236c42=\"\">\n<p class=\"activity-overview__content\" data-test-id=\"activity-overview-content\" data-v-f3236c42=\"\">Nehmen Sie an einer gef\u00fchrten Tour teil, bei der Sie im Affenland mit den sch\u00f6nen und freundlichen Totenkopf\u00e4ffchen interagieren k\u00f6nnen, und besuchen Sie ein typisch dominikanisches Haus, wo Sie mehr \u00fcber die Kultur und die Lebensweise des Landes erfahren.<\/p>\n<\/section>\n<\/div>\n<div data-track=\"key-details\" data-v-83a2b402=\"\"><\/div>\n<\/section>\n<\/div>\n<div data-track=\"key-details\" data-v-83a2b402=\"\"><\/div>","protected":false},"featured_media":14036,"template":"","meta":[],"product_brand":[],"product_cat":[97],"product_tag":[101,102],"class_list":{"0":"post-13783","1":"product","2":"type-product","3":"status-publish","4":"has-post-thumbnail","6":"product_cat-dominican-republic","7":"product_tag-excursion","8":"product_tag-tour","10":"first","11":"instock","12":"shipping-taxable","13":"product-type-external"},"_links":{"self":[{"href":"https:\/\/loshaitisescayolevantado.com\/de\/wp-json\/wp\/v2\/product\/13783","targetHints":{"allow":["GET"]}}],"collection":[{"href":"https:\/\/loshaitisescayolevantado.com\/de\/wp-json\/wp\/v2\/product"}],"about":[{"href":"https:\/\/loshaitisescayolevantado.com\/de\/wp-json\/wp\/v2\/types\/product"}],"wp:featuredmedia":[{"embeddable":true,"href":"https:\/\/loshaitisescayolevantado.com\/de\/wp-json\/wp\/v2\/media\/14036"}],"wp:attachment":[{"href":"https:\/\/loshaitisescayolevantado.com\/de\/wp-json\/wp\/v2\/media?parent=13783"}],"wp:term":[{"taxonomy":"product_brand","embeddable":true,"href":"https:\/\/loshaitisescayolevantado.com\/de\/wp-json\/wp\/v2\/product_brand?post=13783"},{"taxonomy":"product_cat","embeddable":true,"href":"https:\/\/loshaitisescayolevantado.com\/de\/wp-json\/wp\/v2\/product_cat?post=13783"},{"taxonomy":"product_tag","embeddable":true,"href":"https:\/\/loshaitisescayolevantado.com\/de\/wp-json\/wp\/v2\/product_tag?post=13783"}],"curies":[{"name":"wp","href":"https:\/\/api.w.org\/{rel}","templated":true}]}}