{"id":11475,"date":"2025-12-18T10:13:59","date_gmt":"2025-12-18T10:13:59","guid":{"rendered":"https:\/\/loshaitisescayolevantado.com\/?post_type=product&#038;p=11475"},"modified":"2026-01-06T10:41:21","modified_gmt":"2026-01-06T10:41:21","slug":"-58","status":"publish","type":"product","link":"https:\/\/loshaitisescayolevantado.com\/de\/tours\/-58\/","title":{"rendered":"Von Punta Cana: Saona Island Ganztagesausflug mit Mittagessen"},"content":{"rendered":"<p>Saona Insel Tagesausflug mit Mittagessen von Punta Cana<\/p>\n<p>Begeben Sie sich auf ein unvergessliches Abenteuer, denn wir holen Sie von Ihrem Hotel in Punta Cana ab. Unser freundliches Team wird Sie begr\u00fc\u00dfen und Ihnen einen bequemen Transport nach Bayahibe bieten, wo unsere Reise zur spektakul\u00e4ren Insel Saona beginnt.<\/p>\n<p>Nach unserer Ankunft in Bayahibe steigen wir in ein schnelles und ger\u00e4umiges Schnellboot um, das eine aufregende Fahrt \u00fcber das t\u00fcrkisfarbene Wasser der Karibik verspricht. Genie\u00dfen Sie w\u00e4hrend der Fahrt die wundersch\u00f6ne K\u00fcstenlandschaft und sp\u00fcren Sie die erfrischende Meeresbrise in Ihrem Gesicht.<\/p>\n<p>Unser erster denkw\u00fcrdiger Stopp ist der idyllische Natural Pool, auch bekannt als Blaue Lagune, wo wir etwa 45 Minuten verweilen werden. Dieser einzigartige Ort verf\u00fcgt \u00fcber flaches Wasser mit einer maximalen Tiefe von nur 1 Meter, was eine ruhige Umgebung schafft, die sich ideal zum Schwimmen und Entspannen eignet. Hier k\u00f6nnen Sie das Seestern-Schutzgebiet erkunden, wo Sie diese faszinierenden Kreaturen in ihrem nat\u00fcrlichen Lebensraum beobachten und einige erstaunliche Fotos machen k\u00f6nnen.<\/p>\n<p>Nachdem wir die ruhige Sch\u00f6nheit des Natural Pools genossen haben, setzen wir unsere Reise zur Insel Saona fort. Bei der Ankunft haben Sie etwa 2 Stunden und 45 Minuten Freizeit, um die atemberaubenden Str\u00e4nde der Insel, die \u00fcppigen Palmen und die lebendige lokale Kultur zu entdecken. Sie k\u00f6nnen nach Belieben sonnenbaden, schwimmen oder entlang der unber\u00fchrten K\u00fcsten spazieren.<\/p>\n<p>Um 13:00 Uhr versammeln wir uns zu einem k\u00f6stlichen Buffet-Mittagessen, das eine breite Palette von Optionen bietet, darunter eine Auswahl an Fleischspezialit\u00e4ten, frische Meeresfr\u00fcchte und verschiedene Beilagen f\u00fcr unterschiedliche Ern\u00e4hrungsbed\u00fcrfnisse. Genie\u00dfen Sie Ihre Mahlzeit inmitten der sch\u00f6nen Umgebung.<\/p>\n<p>Nach dem Mittagessen machen wir uns bereit f\u00fcr etwas Spa\u00df! Gegen 14:40 Uhr besteigen wir einen charmanten Katamaran f\u00fcr unsere R\u00fcckfahrt nach Bayahibe. An Bord des Katamarans herrscht eine lebhafte Atmosph\u00e4re, erf\u00fcllt von Musik und Unterhaltung. Schlie\u00dfen Sie sich unserem energiegeladenen Team an, das Sie etwa 1 Stunde und 30 Minuten lang zu Tanz und Feierlichkeiten anleitet und sicherstellt, dass Ihre R\u00fcckreise genauso angenehm wird wie die Aktivit\u00e4ten des Tages.<\/p>\n<p>Da unser Abenteuer zu Ende geht, wartet Ihr Transportmittel, um Sie zur\u00fcck zu Ihrem Hotel in Punta Cana zu bringen. Dieser ganzt\u00e4gige Ausflug zur Insel Saona ist t\u00e4glich verf\u00fcgbar und dauert ungef\u00e4hr 10 Stunden. Er bietet eine unglaubliche Mischung aus Entspannung und Aufregung, die Ihnen bleibende Erinnerungen bescheren wird. Verpassen Sie nicht diese unglaubliche Erfahrung!<\/p>","protected":false},"excerpt":{"rendered":"<div data-track=\"overview\" data-v-83a2b402=\"\">\n<section id=\"activity-overview\" class=\"activity-overview\" data-component=\"overview\" data-v-83a2b402=\"\" data-v-f3236c42=\"\">\n<p class=\"activity-overview__content\" data-test-id=\"activity-overview-content\" data-v-f3236c42=\"\">Erkunden Sie die unber\u00fchrte Insel Saona bei dieser Tagestour von Punta Cana. Entspannen Sie im kristallklaren t\u00fcrkisfarbenen Wasser am Naturpool (Blaue Lagune), feiern Sie auf einem Katamaran und genie\u00dfen Sie ein k\u00f6stliches Essen.<\/p>\n<\/section>\n<\/div>\n<div data-track=\"key-details\" data-v-83a2b402=\"\"><\/div>","protected":false},"featured_media":11765,"template":"","meta":[],"product_brand":[],"product_cat":[97,98],"product_tag":[101,102],"class_list":{"0":"post-11475","1":"product","2":"type-product","3":"status-publish","4":"has-post-thumbnail","6":"product_cat-dominican-republic","7":"product_cat-saona-island","8":"product_tag-excursion","9":"product_tag-tour","11":"first","12":"instock","13":"sale","14":"shipping-taxable","15":"product-type-external"},"_links":{"self":[{"href":"https:\/\/loshaitisescayolevantado.com\/de\/wp-json\/wp\/v2\/product\/11475","targetHints":{"allow":["GET"]}}],"collection":[{"href":"https:\/\/loshaitisescayolevantado.com\/de\/wp-json\/wp\/v2\/product"}],"about":[{"href":"https:\/\/loshaitisescayolevantado.com\/de\/wp-json\/wp\/v2\/types\/product"}],"wp:featuredmedia":[{"embeddable":true,"href":"https:\/\/loshaitisescayolevantado.com\/de\/wp-json\/wp\/v2\/media\/11765"}],"wp:attachment":[{"href":"https:\/\/loshaitisescayolevantado.com\/de\/wp-json\/wp\/v2\/media?parent=11475"}],"wp:term":[{"taxonomy":"product_brand","embeddable":true,"href":"https:\/\/loshaitisescayolevantado.com\/de\/wp-json\/wp\/v2\/product_brand?post=11475"},{"taxonomy":"product_cat","embeddable":true,"href":"https:\/\/loshaitisescayolevantado.com\/de\/wp-json\/wp\/v2\/product_cat?post=11475"},{"taxonomy":"product_tag","embeddable":true,"href":"https:\/\/loshaitisescayolevantado.com\/de\/wp-json\/wp\/v2\/product_tag?post=11475"}],"curies":[{"name":"wp","href":"https:\/\/api.w.org\/{rel}","templated":true}]}}