{"id":11146,"date":"2025-12-18T10:01:08","date_gmt":"2025-12-18T10:01:08","guid":{"rendered":"https:\/\/loshaitisescayolevantado.com\/?post_type=product&#038;p=11146"},"modified":"2026-01-05T16:48:16","modified_gmt":"2026-01-05T16:48:16","slug":"private-stadtfuhrung-in-puerto-plata","status":"publish","type":"product","link":"https:\/\/loshaitisescayolevantado.com\/de\/tours\/private-stadtfuhrung-in-puerto-plata\/","title":{"rendered":"Halbt\u00e4gige private Stadtrundfahrt in Puerto Plata"},"content":{"rendered":"<h4 class=\"product_title entry-title\">Halbt\u00e4gige private Stadtrundfahrt in Puerto Plata<\/h4>\n<p>Macorix House of Rum, Dieser Stopp dauert ca. 30 Minuten. Hier sehen wir, wie Rum, ein wichtiges Exportgut der Dominikanischen Republik, hergestellt wird. Die G\u00e4ste sehen hautnah, wie verschiedene Rumsorten hergestellt und abgef\u00fcllt werden.<\/p>\n<p>2. Parque Central Independencia, Dieser Halt dauert etwa 30 Minuten. Hier besuchen wir den ber\u00fchmten Zentralpark und die alte Kathedrale San Felipe, die vor 1863 erbaut wurde. Der Zentralpark von Puerto Plata ist zu einem perfekten Ort geworden, um vollst\u00e4ndig in die dominikanische Kultur und Traditionen einzutauchen, da der Park einer der lebhaftesten und unterhaltsamsten Bereiche der Stadt ist.<\/p>\n<p>3. Del Oro Schokoladenfabrik, Dieser Stopp dauert ungef\u00e4hr 30 Minuten. Hier sehen wir, wie Schokolade vom Kakaobaum bis zum Endprodukt der k\u00f6stlichen s\u00fc\u00dfen Schokolade hergestellt wird. Die G\u00e4ste k\u00f6nnen auch alle verschiedenen Formen von Schokolade probieren, die Frucht, die getrocknete Bohne, die Butter und schlie\u00dflich die verschiedenen Arten von Schokolade.<\/p>\n<p>4. Fortaleza San Felipe, Dieser Halt dauert etwa 30 Minuten. Diese alte Festung aus dem Jahr 1577 war der Ort, an dem die ersten Kolonisatoren der Dominikanischen Republik viele K\u00e4mpfer f\u00fcr die Unabh\u00e4ngigkeit der DR gefangen hielten.<\/p>\n<p>5. Monte Isabel de Torres, Dieser Stopp dauert ca. 1 Stunde 30 Minuten. Hier fahren Sie mit der Seilbahn auf den 20. h\u00f6chsten Gipfel der Dominikanischen Republik. Sie werden die wundersch\u00f6ne silberne K\u00fcstenlinie von Puerto Plata sehen und oben auf dem Berg botanische G\u00e4rten, malerische Kulissen und die ber\u00fchmte Statue Jesu mit weit offenen Armen erkunden k\u00f6nnen.<\/p>\n<p>6. Paseo de Dona Blanca, Diese Haltestelle dauert etwa 20 Minuten. Der Paseo Dona Blanca in Puerto Plata ist eine einzigartige Gasse, die zum Gedenken an die Ankunft von Frau Bianca Franceschini, einer Pionierin in der Entwicklung der fr\u00fchen Tourismusindustrie in Puerto Plata im sp\u00e4ten 18. Jahrhundert, geschaffen wurde. Diese Gasse im viktorianischen Stil ist komplett in Rosa gestrichen, einschlie\u00dflich W\u00e4nde, Boden, Dekorationselemente, B\u00e4nke und Blumen; eine gro\u00dfartige Kulisse f\u00fcr die Fotografie, die heute Hochzeiten, Geburtstage und andere Fotoshootings anzieht.<\/p>\n<p>7. Umbrella Street, Dieser Halt dauert etwa 20 Minuten. Die Paseo Dona Blanca in Puerto Plata ist eine einzigartige Gasse, die zur Erinnerung an die Ankunft von Frau Bianca Franceschini geschaffen wurde, einer Pionierin in der Entwicklung der fr\u00fchen Tourismusindustrie in Puerto Plata Ende des 18. Jahrhunderts. Diese Gasse im viktorianischen Stil ist komplett in Rosa gestrichen, einschlie\u00dflich W\u00e4nden, Boden, Dekorationen, B\u00e4nken und Blumen; eine gro\u00dfartige Kulisse f\u00fcr Fotos, die heute Hochzeiten, Geburtstage und andere Fotoshootings anzieht.<\/p>\n<p>8. Dominikanisches Bernsteinstudio, Dieser Besuch dauert etwa 20 Minuten. Das Dominikanische Bernsteinstudio befindet sich im Zentrum von Puerto Plata, in einem viktorianischen Haus, wo auf mehreren Etagen einige der beeindruckendsten dominikanischen Bernsteinst\u00fccke ausgestellt sind, darunter Proben mit fossilen Tieren.<\/p>","protected":false},"excerpt":{"rendered":"<div data-track=\"overview\" data-v-83a2b402=\"\">\n<section id=\"activity-overview\" class=\"activity-overview\" data-component=\"overview\" data-v-83a2b402=\"\" data-v-f3236c42=\"\">\n<p class=\"activity-overview__content\" data-test-id=\"activity-overview-content\" data-v-f3236c42=\"\">Erleben Sie die lebendige Kultur und reiche Geschichte von Puerto Plata mit einer privaten Stadtf\u00fchrung, die eine exklusive und pers\u00f6nliche Erkundung dieses faszinierenden Reiseziels bietet.<\/p>\n<\/section>\n<\/div>\n<div data-track=\"key-details\" data-v-83a2b402=\"\"><\/div>","protected":false},"featured_media":11393,"template":"","meta":[],"product_brand":[],"product_cat":[97],"product_tag":[101,102],"class_list":{"0":"post-11146","1":"product","2":"type-product","3":"status-publish","4":"has-post-thumbnail","6":"product_cat-dominican-republic","7":"product_tag-excursion","8":"product_tag-tour","10":"first","11":"instock","12":"sale","13":"shipping-taxable","14":"product-type-external"},"_links":{"self":[{"href":"https:\/\/loshaitisescayolevantado.com\/de\/wp-json\/wp\/v2\/product\/11146","targetHints":{"allow":["GET"]}}],"collection":[{"href":"https:\/\/loshaitisescayolevantado.com\/de\/wp-json\/wp\/v2\/product"}],"about":[{"href":"https:\/\/loshaitisescayolevantado.com\/de\/wp-json\/wp\/v2\/types\/product"}],"wp:featuredmedia":[{"embeddable":true,"href":"https:\/\/loshaitisescayolevantado.com\/de\/wp-json\/wp\/v2\/media\/11393"}],"wp:attachment":[{"href":"https:\/\/loshaitisescayolevantado.com\/de\/wp-json\/wp\/v2\/media?parent=11146"}],"wp:term":[{"taxonomy":"product_brand","embeddable":true,"href":"https:\/\/loshaitisescayolevantado.com\/de\/wp-json\/wp\/v2\/product_brand?post=11146"},{"taxonomy":"product_cat","embeddable":true,"href":"https:\/\/loshaitisescayolevantado.com\/de\/wp-json\/wp\/v2\/product_cat?post=11146"},{"taxonomy":"product_tag","embeddable":true,"href":"https:\/\/loshaitisescayolevantado.com\/de\/wp-json\/wp\/v2\/product_tag?post=11146"}],"curies":[{"name":"wp","href":"https:\/\/api.w.org\/{rel}","templated":true}]}}