{"id":10771,"date":"2025-12-18T09:46:36","date_gmt":"2025-12-18T09:46:36","guid":{"rendered":"https:\/\/loshaitisescayolevantado.com\/?post_type=product&#038;p=10771"},"modified":"2026-01-05T04:36:42","modified_gmt":"2026-01-05T04:36:42","slug":"punta-cana-katamaran-boot-party-mit-unbegrenzten-getranken-3","status":"publish","type":"product","link":"https:\/\/loshaitisescayolevantado.com\/de\/tours\/punta-cana-katamaran-boot-party-mit-unbegrenzten-getranken-3\/","title":{"rendered":"Punta Cana: Katamaran Boot Party mit unbegrenzten Getr\u00e4nken"},"content":{"rendered":"<p><strong>Punta Cana: Katamaran Boot Party mit unbegrenzten Getr\u00e4nken<\/strong><\/p>\n<p>Begeben Sie sich auf ein unvergessliches halbt\u00e4giges Abenteuer mit unserer aufregenden Partybootfahrt entlang der atemberaubenden K\u00fcste von Punta Cana. Ihr sachkundiger F\u00fchrer stattet Sie mit einer hochwertigen Schnorchelausr\u00fcstung aus, damit Sie in die faszinierende Unterwasserwelt der Karibik eintauchen k\u00f6nnen. Anschlie\u00dfend bringen wir Sie zu einem ruhigen Naturpool im Meer, wo Sie sich entspannen und die atemberaubende Umgebung genie\u00dfen k\u00f6nnen.<\/p>\n<p>W\u00e4hrend der Kreuzfahrt haben Sie die M\u00f6glichkeit, an verschiedenen Wasseraktivit\u00e4ten teilzunehmen und die lebhafte und festliche Atmosph\u00e4re an Bord zu genie\u00dfen. Unsere offene Bar wird Sie mit einer gro\u00dfen Auswahl an Getr\u00e4nken erfrischen, w\u00e4hrend Sie tanzen, Kontakte kn\u00fcpfen und unvergessliche Erinnerungen schaffen. Die fr\u00f6hliche Musik, die auf dem R\u00fcckweg zum Dock gespielt wird, wird die lebhafte und energiegeladene Atmosph\u00e4re noch verst\u00e4rken.<\/p>\n<p>Zu den wichtigsten H\u00f6hepunkten Ihrer Tour geh\u00f6ren:<\/p>\n<p>- Schnorcheln in den unber\u00fchrten Gew\u00e4ssern von Punta Cana mit der bereitgestellten Ausr\u00fcstung.<\/p>\n<p>- Feiern an Bord mit kontinuierlicher Musik, Tanz und einer offenen Bar.<\/p>\n<p>- Entspannen Sie sich in einem nat\u00fcrlichen Ozeanpool und erleben Sie ein einzigartiges Wassererlebnis.<\/p>\n<p>- Genie\u00dfen Sie die energiegeladene Atmosph\u00e4re, die sich f\u00fcr jede Veranstaltung eignet, von Partys bis zu Hochzeiten.<\/p>","protected":false},"excerpt":{"rendered":"<div data-track=\"overview\" data-v-83a2b402=\"\">\n<section id=\"activity-overview\" class=\"activity-overview\" data-component=\"overview\" data-v-83a2b402=\"\" data-v-f3236c42=\"\">\n<p class=\"activity-overview__content\" data-test-id=\"activity-overview-content\" data-v-f3236c42=\"\">Begeben Sie sich auf eine halbt\u00e4gige Party-Bootsfahrt entlang der K\u00fcste von Punta Cana mit Schnorcheln, offener Bar, Musik und einem Bad in einem nat\u00fcrlichen Ozeanpool.<\/p>\n<\/section>\n<\/div>\n<div data-track=\"key-details\" data-v-83a2b402=\"\"><\/div>","protected":false},"featured_media":10678,"template":"","meta":[],"product_brand":[],"product_cat":[97],"product_tag":[101,102],"class_list":{"0":"post-10771","1":"product","2":"type-product","3":"status-publish","4":"has-post-thumbnail","6":"product_cat-dominican-republic","7":"product_tag-excursion","8":"product_tag-tour","10":"first","11":"instock","12":"sale","13":"shipping-taxable","14":"product-type-external"},"_links":{"self":[{"href":"https:\/\/loshaitisescayolevantado.com\/de\/wp-json\/wp\/v2\/product\/10771","targetHints":{"allow":["GET"]}}],"collection":[{"href":"https:\/\/loshaitisescayolevantado.com\/de\/wp-json\/wp\/v2\/product"}],"about":[{"href":"https:\/\/loshaitisescayolevantado.com\/de\/wp-json\/wp\/v2\/types\/product"}],"wp:featuredmedia":[{"embeddable":true,"href":"https:\/\/loshaitisescayolevantado.com\/de\/wp-json\/wp\/v2\/media\/10678"}],"wp:attachment":[{"href":"https:\/\/loshaitisescayolevantado.com\/de\/wp-json\/wp\/v2\/media?parent=10771"}],"wp:term":[{"taxonomy":"product_brand","embeddable":true,"href":"https:\/\/loshaitisescayolevantado.com\/de\/wp-json\/wp\/v2\/product_brand?post=10771"},{"taxonomy":"product_cat","embeddable":true,"href":"https:\/\/loshaitisescayolevantado.com\/de\/wp-json\/wp\/v2\/product_cat?post=10771"},{"taxonomy":"product_tag","embeddable":true,"href":"https:\/\/loshaitisescayolevantado.com\/de\/wp-json\/wp\/v2\/product_tag?post=10771"}],"curies":[{"name":"wp","href":"https:\/\/api.w.org\/{rel}","templated":true}]}}