{"id":10216,"date":"2025-12-18T09:27:15","date_gmt":"2025-12-18T09:27:15","guid":{"rendered":"https:\/\/loshaitisescayolevantado.com\/?post_type=product&#038;p=10216"},"modified":"2026-01-05T04:34:02","modified_gmt":"2026-01-05T04:34:02","slug":"punta-cana-dolphin-explorer-schwimmt-und-interaktionen","status":"publish","type":"product","link":"https:\/\/loshaitisescayolevantado.com\/de\/tours\/punta-cana-dolphin-explorer-schwimmt-und-interaktionen\/","title":{"rendered":"Punta Cana: Dolphin Explorer Schwimmen und Interaktionen"},"content":{"rendered":"<p><strong>Punta Cana: Dolphin Explorer Schwimmen und Interaktionen<\/strong><\/p>\n<p>Verbringen Sie Ihre Zeit in der Karibik, schwimmen Sie mit Delfinen in ihrem nat\u00fcrlichen Lebensraum und interagieren Sie mit ihnen. Genie\u00dfen Sie ein einzigartiges und unvergessliches Erlebnis und lernen Sie gleichzeitig etwas \u00fcber die Erhaltung der Artenvielfalt auf dem Land und im Meer.<\/p>\n<p>Alle Optionen dieses interaktiven Delfin-Erlebnisses beinhalten interessante Informationen \u00fcber Delfine, ihre Ern\u00e4hrung, Pflegeprogramme sowie einige Tipps, wie man zum Erhalt ihres nat\u00fcrlichen Lebensraums beitragen kann.<\/p>\n<p>W\u00e4hlen Sie aus den folgenden Optionen:<\/p>\n<p>Explorer Schwimmen<\/p>\n<p>Halten Sie die Hand eines Delphins und lassen Sie sich von ihm zum Schwimmen mitnehmen. Lernen Sie, wie Sie das Kommando geben und beobachten Sie, wie der Delphin \u00fcber Sie hinwegspringt. Dieses Programm beinhaltet 50 Minuten Wasserzeit mit den Delfinen.<\/p>\n<p>Exzellenz Schwimmen<\/p>\n<p>Erleben Sie eine adrenalingeladene Erfahrung, die bisher nur den Trainern vorbehalten war. Erhalten Sie eine pers\u00f6nliche Einf\u00fchrung zu den Delfinen, die mit Ihnen schwimmen werden. Die Trainer werden Sie trainieren und auf den ber\u00fchmten Fu\u00dfsto\u00df vorbereiten, bei dem die Delfine Sie mit voller Geschwindigkeit \u00fcber die Meeresoberfl\u00e4che schieben. Dieses Programm beinhaltet 60 Minuten Wasserzeit mit den Delfinen.<\/p>\n<p>Funtastische Delfin-Begegnung<\/p>\n<p>Lassen Sie sich von den Delfinen mit einem \u201cPec-Shake\u201d begr\u00fc\u00dfen und erleben Sie den Zauber eines Delfinkusses. Lernen Sie Fakten \u00fcber die Anatomie der Delfine sowie n\u00fctzliche Tipps zum Schutz der Tiere. Dieses Programm beinhaltet 40 Minuten Wasserzeit mit den Delfinen.<\/p>","protected":false},"excerpt":{"rendered":"<div data-track=\"overview\" data-v-83a2b402=\"\">\n<section id=\"activity-overview\" class=\"activity-overview\" data-component=\"overview\" data-v-83a2b402=\"\" data-v-f3236c42=\"\">\n<p class=\"activity-overview__content\" data-test-id=\"activity-overview-content\" data-v-f3236c42=\"\">Genie\u00dfen Sie w\u00e4hrend Ihres Aufenthalts in Punta Cana das einzigartige Erlebnis, mit Delfinen zu schwimmen. Erfahren Sie interessante Informationen \u00fcber Delfine und den Schutz der Artenvielfalt auf dem Land und im Meer. Beobachten Sie die Delfine, wenn sie \u00fcber Sie springen und haben Sie die Chance, einen zu k\u00fcssen.<\/p>\n<\/section>\n<\/div>\n<div data-track=\"key-details\" data-v-83a2b402=\"\"><\/div>","protected":false},"featured_media":10624,"template":"","meta":[],"product_brand":[],"product_cat":[97],"product_tag":[101,102],"class_list":{"0":"post-10216","1":"product","2":"type-product","3":"status-publish","4":"has-post-thumbnail","6":"product_cat-dominican-republic","7":"product_tag-excursion","8":"product_tag-tour","10":"first","11":"instock","12":"sale","13":"shipping-taxable","14":"product-type-external"},"_links":{"self":[{"href":"https:\/\/loshaitisescayolevantado.com\/de\/wp-json\/wp\/v2\/product\/10216","targetHints":{"allow":["GET"]}}],"collection":[{"href":"https:\/\/loshaitisescayolevantado.com\/de\/wp-json\/wp\/v2\/product"}],"about":[{"href":"https:\/\/loshaitisescayolevantado.com\/de\/wp-json\/wp\/v2\/types\/product"}],"wp:featuredmedia":[{"embeddable":true,"href":"https:\/\/loshaitisescayolevantado.com\/de\/wp-json\/wp\/v2\/media\/10624"}],"wp:attachment":[{"href":"https:\/\/loshaitisescayolevantado.com\/de\/wp-json\/wp\/v2\/media?parent=10216"}],"wp:term":[{"taxonomy":"product_brand","embeddable":true,"href":"https:\/\/loshaitisescayolevantado.com\/de\/wp-json\/wp\/v2\/product_brand?post=10216"},{"taxonomy":"product_cat","embeddable":true,"href":"https:\/\/loshaitisescayolevantado.com\/de\/wp-json\/wp\/v2\/product_cat?post=10216"},{"taxonomy":"product_tag","embeddable":true,"href":"https:\/\/loshaitisescayolevantado.com\/de\/wp-json\/wp\/v2\/product_tag?post=10216"}],"curies":[{"name":"wp","href":"https:\/\/api.w.org\/{rel}","templated":true}]}}