{"id":17724,"date":"2025-12-18T14:49:23","date_gmt":"2025-12-18T14:49:23","guid":{"rendered":"https:\/\/loshaitisescayolevantado.com\/?post_type=product&#038;p=17724"},"modified":"2026-01-10T15:13:06","modified_gmt":"2026-01-10T15:13:06","slug":"punta-cana-saona-island-celodenni-vylet","status":"publish","type":"product","link":"https:\/\/loshaitisescayolevantado.com\/cs\/tours\/punta-cana-saona-island-celodenni-vylet\/","title":{"rendered":"Punta Cana: Celodenn\u00ed v\u00fdlet na ostrov Saona"},"content":{"rendered":"<h2>Punta Cana: Celodenn\u00ed v\u00fdlet na ostrov Saona<\/h2>\n<p>Ostrov Saona vynik\u00e1 jako nejvyhled\u00e1van\u011bj\u0161\u00ed v\u00fdlet v n\u00e1dhern\u00e9 Dominik\u00e1nsk\u00e9 republice. Tento okouzluj\u00edc\u00ed ostrov, vyhl\u00e1\u0161en\u00fd p\u0159\u00edrodn\u00ed park a chr\u00e1n\u011bn\u00e1 rezervace, se py\u0161n\u00ed nedot\u010den\u00fdmi pl\u00e1\u017eemi a \u00fachvatn\u00fdmi pob\u0159e\u017e\u00edmi zdoben\u00fdmi m\u00e1vaj\u00edc\u00edmi palmami.<\/p>\n<p>N\u00e1v\u0161t\u011bvn\u00edci si mohou odpo\u010dinout na pohodln\u00fdch leh\u00e1tk\u00e1ch, vyh\u0159\u00edvat se na slunci nebo si vychutnat osv\u011b\u017euj\u00edc\u00ed n\u00e1poje z all-inclusive pl\u00e1\u017eov\u00e9ho baru. Pro ty, kte\u0159\u00ed maj\u00ed v\u00edce energie, je k dispozici pl\u00e1\u017eov\u00fd volejbal, kter\u00fd udr\u017e\u00ed tempo. Jak den plyne, n\u00e1\u0161 pl\u00e1\u017eov\u00fd bufet o\u017e\u00edv\u00e1 a nab\u00edz\u00ed lahodnou \u0161k\u00e1lu tradi\u010dn\u00edch dominik\u00e1nsk\u00fdch pokrm\u016f.<\/p>\n<p>Host\u00e9 si mohou vychutnat lahodn\u00e9 pokrmy, jako je \u0161\u0165avnat\u00e9 ku\u0159e, vep\u0159ov\u00e9 maso, vo\u0148av\u00e1 r\u00fd\u017ee, \u010derstv\u00e1 zelenina, slan\u00e9 fazole, k\u0159upav\u00fd sal\u00e1t a sladk\u00e9 tropick\u00e9 ovoce. Alternativn\u011b se m\u016f\u017eete proj\u00edt pod\u00e9l podmaniv\u00e9ho pob\u0159e\u017e\u00ed a pono\u0159it se do p\u0159\u00edrodn\u00ed kr\u00e1sy ostrova.<\/p>\n<div class=\"toggle-content__label-placeholder\" data-v-59485d64=\"\"><\/div>","protected":false},"excerpt":{"rendered":"<div data-track=\"overview\" data-v-83a2b402=\"\">\n<section id=\"activity-overview\" class=\"activity-overview\" data-component=\"overview\" data-v-83a2b402=\"\" data-v-f3236c42=\"\">\n<p class=\"activity-overview__content\" data-test-id=\"activity-overview-content\" data-v-f3236c42=\"\">Vydejte se na jednodenn\u00ed v\u00fdlet z Punta Cany na pl\u00e1\u017ee ostrova Saona lemovan\u00e9 palmami, v\u010detn\u011b hotelov\u00e9ho transferu. Vydejte se na plavbu katamar\u00e1nem se zast\u00e1vkou na koup\u00e1n\u00ed a vychutnejte si tradi\u010dn\u00ed bufetov\u00fd ob\u011bd s n\u00e1poji.<\/p>\n<\/section>\n<\/div>\n<div data-track=\"key-details\" data-v-83a2b402=\"\"><\/div>","protected":false},"featured_media":17923,"template":"","meta":[],"product_brand":[],"product_cat":[97,98],"product_tag":[101,102],"class_list":{"0":"post-17724","1":"product","2":"type-product","3":"status-publish","4":"has-post-thumbnail","6":"product_cat-dominican-republic","7":"product_cat-saona-island","8":"product_tag-excursion","9":"product_tag-tour","11":"first","12":"instock","13":"shipping-taxable","14":"product-type-external"},"_links":{"self":[{"href":"https:\/\/loshaitisescayolevantado.com\/cs\/wp-json\/wp\/v2\/product\/17724","targetHints":{"allow":["GET"]}}],"collection":[{"href":"https:\/\/loshaitisescayolevantado.com\/cs\/wp-json\/wp\/v2\/product"}],"about":[{"href":"https:\/\/loshaitisescayolevantado.com\/cs\/wp-json\/wp\/v2\/types\/product"}],"wp:featuredmedia":[{"embeddable":true,"href":"https:\/\/loshaitisescayolevantado.com\/cs\/wp-json\/wp\/v2\/media\/17923"}],"wp:attachment":[{"href":"https:\/\/loshaitisescayolevantado.com\/cs\/wp-json\/wp\/v2\/media?parent=17724"}],"wp:term":[{"taxonomy":"product_brand","embeddable":true,"href":"https:\/\/loshaitisescayolevantado.com\/cs\/wp-json\/wp\/v2\/product_brand?post=17724"},{"taxonomy":"product_cat","embeddable":true,"href":"https:\/\/loshaitisescayolevantado.com\/cs\/wp-json\/wp\/v2\/product_cat?post=17724"},{"taxonomy":"product_tag","embeddable":true,"href":"https:\/\/loshaitisescayolevantado.com\/cs\/wp-json\/wp\/v2\/product_tag?post=17724"}],"curies":[{"name":"wp","href":"https:\/\/api.w.org\/{rel}","templated":true}]}}