{"id":17723,"date":"2025-12-18T14:49:23","date_gmt":"2025-12-18T14:49:23","guid":{"rendered":"https:\/\/loshaitisescayolevantado.com\/?post_type=product&#038;p=17723"},"modified":"2025-12-18T14:57:52","modified_gmt":"2025-12-18T14:57:52","slug":"puldenni-kulturni-zajezd-do-dominikanske-republiky-v-male-skupine","status":"publish","type":"product","link":"https:\/\/loshaitisescayolevantado.com\/cs\/zajezdy\/puldenni-kulturni-zajezd-do-dominikanske-republiky-v-male-skupine\/","title":{"rendered":"Mal\u00e1 skupina: P\u016fldenn\u00ed kulturn\u00ed v\u00fdlet po Dominik\u00e1nsk\u00e9 republice"},"content":{"rendered":"<p>Tato prohl\u00eddka je skv\u011bl\u00fd zp\u016fsob, jak poznat tradi\u010dn\u00ed tv\u00e1\u0159 Dominik\u00e1nsk\u00e9 republiky.<\/p>\n<p>Mnoho turist\u016f vid\u00ed jen turistickou str\u00e1nku zem\u011b, ale tato prohl\u00eddka ukazuje historii a kulturu zem\u011b.<\/p>\n<p>Za\u010dn\u011bte sv\u016fj den v Hig\u00fcey, jednom z nejpopul\u00e1rn\u011bj\u0161\u00edch m\u011bst v zemi. Tam nav\u0161t\u00edv\u00edte<\/p>\n<p>Bazilika a dominik\u00e1nsk\u00e9 tr\u017ei\u0161t\u011b, kde se l\u00e9pe sezn\u00e1m\u00edte s dominik\u00e1nskou kulturou a spole\u010dnost\u00ed.<\/p>\n<p>Po ob\u011bd\u011b je \u010das vyrazit k \u0159ece Anamuya, kde budete m\u00edt \u010das se vykoupat, u\u017e\u00edt si p\u0159\u00edrodu a dokonce se sklouznout po 30 metr\u016f vysok\u00e9 p\u0159\u00edrodn\u00ed skluzavce do \u0159eky.<\/p>\n<p>Itiner\u00e1\u0159<\/p>\n<p>1. Vyzvednut\u00ed v hotelu: o Vyzvedneme v\u00e1s brzy r\u00e1no ve va\u0161em hotelu v Punta Can\u011b pohodln\u00fdm klimatizovan\u00fdm dopravn\u00edm prost\u0159edkem, kter\u00fd v\u00e1s odveze do Hig\u00fcey a jeho okol\u00ed. 2. N\u00e1v\u0161t\u011bva baziliky Panny Marie Altagracia: o Den zah\u00e1j\u00edme v majest\u00e1tn\u00ed bazilice Panny Marie Altagracia. Obdivujte modern\u00ed architekturu svatyn\u011b a seznamte se s n\u00e1bo\u017eensk\u00fdm a kulturn\u00edm v\u00fdznamem Panny Marie Altagr\u00e1ck\u00e9, patronky Dominik\u00e1nsk\u00e9 republiky. 3. Prohl\u00eddka historick\u00e9ho centra Hig\u00fcey: o Prohl\u00e9dn\u011bte si historick\u00e9 centrum Hig\u00fcey, kde uvid\u00edte katedr\u00e1lu Hig\u00fcey a dal\u0161\u00ed historick\u00e9 pam\u00e1tky a ocen\u00edte kulturn\u00ed bohatstv\u00ed m\u011bsta. 4. N\u00e1v\u0161t\u011bva \u0159eky Anamuya: o Vydejte se k \u0159ece Anamuya, kter\u00e1 je klidn\u00fdm a dokonal\u00fdm m\u00edstem k odpo\u010dinku. Vychutnejte si osv\u011b\u017euj\u00edc\u00ed koup\u00e1n\u00ed v jej\u00edch k\u0159i\u0161\u0165\u00e1lov\u011b \u010dist\u00fdch vod\u00e1ch nebo jednodu\u0161e odpo\u010d\u00edvejte na b\u0159ehu a oce\u0148ujte p\u0159itom p\u0159\u00edrodn\u00ed krajinu. 5. Typick\u00fd dominik\u00e1nsk\u00fd ob\u011bd: o Po n\u00e1v\u0161t\u011bv\u011b \u0159eky si vychutnejte typick\u00fd dominik\u00e1nsk\u00fd ob\u011bd p\u0159ipraven\u00fd z \u010derstv\u00fdch m\u00edstn\u00edch surovin. Ob\u011bd zahrnuje \u0159adu tradi\u010dn\u00edch pokrm\u016f, kter\u00e9 v\u00e1m umo\u017en\u00ed poznat pravou dominik\u00e1nskou kuchyni. 6. Voln\u00fd \u010das na odpo\u010dinek a pr\u016fzkum: o Po ob\u011bd\u011b budete m\u00edt voln\u00fd \u010das na pr\u016fzkum okol\u00ed, odpo\u010dinek a koch\u00e1n\u00ed se p\u0159\u00edrodn\u00edmi kr\u00e1sami oblasti. 7. N\u00e1vrat do Punta Cany: o Nakonec se vr\u00e1t\u00edme do va\u0161eho hotelu v Punta Can\u011b na\u0161\u00ed pohodlnou a bezpe\u010dnou dopravou, \u010d\u00edm\u017e zakon\u010d\u00edme den pln\u00fd kultury, dobrodru\u017estv\u00ed a p\u0159\u00edrody.<\/p>\n<p>Zahrnuje<\/p>\n<p>Zp\u00e1te\u010dn\u00ed doprava z va\u0161eho hotelu v Punta Cana. Profesion\u00e1ln\u00ed pr\u016fvodce.<\/p>\n<p>Vstupn\u00e9 do kulturn\u00edch pam\u00e1tek.<\/p>\n<p>N\u00e1v\u0161t\u011bva \u0159eky Anamuya.<\/p>\n<p>Typick\u00fd dominik\u00e1nsk\u00fd ob\u011bd.<\/p>\n<p>Voln\u00fd \u010das k prozkoum\u00e1n\u00ed a odpo\u010dinku<\/p>","protected":false},"excerpt":{"rendered":"<div data-track=\"overview\" data-v-83a2b402=\"\">\n<section id=\"activity-overview\" class=\"activity-overview\" data-component=\"overview\" data-v-83a2b402=\"\" data-v-f3236c42=\"\">\n<p class=\"activity-overview__content\" data-test-id=\"activity-overview-content\" data-v-f3236c42=\"\">Objevte nejobl\u00edben\u011bj\u0161\u00ed m\u011bsto ve v\u00fdchodn\u00ed \u010d\u00e1sti regionu Higuey, kde \u017eij\u00ed zam\u011bstnanci hotel\u016f. M\u016f\u017eete se sezn\u00e1mit s m\u00edstn\u00edmi obyvateli a poznat jejich kulturu, gastronomii a zvyky.<\/p>\n<\/section>\n<\/div>\n<div data-track=\"key-details\" data-v-83a2b402=\"\"><\/div>","protected":false},"featured_media":17905,"template":"","meta":[],"product_brand":[],"product_cat":[97],"product_tag":[101,102],"class_list":{"0":"post-17723","1":"product","2":"type-product","3":"status-publish","4":"has-post-thumbnail","6":"product_cat-dominican-republic","7":"product_tag-excursion","8":"product_tag-tour","10":"first","11":"instock","12":"shipping-taxable","13":"product-type-external"},"_links":{"self":[{"href":"https:\/\/loshaitisescayolevantado.com\/cs\/wp-json\/wp\/v2\/product\/17723","targetHints":{"allow":["GET"]}}],"collection":[{"href":"https:\/\/loshaitisescayolevantado.com\/cs\/wp-json\/wp\/v2\/product"}],"about":[{"href":"https:\/\/loshaitisescayolevantado.com\/cs\/wp-json\/wp\/v2\/types\/product"}],"wp:featuredmedia":[{"embeddable":true,"href":"https:\/\/loshaitisescayolevantado.com\/cs\/wp-json\/wp\/v2\/media\/17905"}],"wp:attachment":[{"href":"https:\/\/loshaitisescayolevantado.com\/cs\/wp-json\/wp\/v2\/media?parent=17723"}],"wp:term":[{"taxonomy":"product_brand","embeddable":true,"href":"https:\/\/loshaitisescayolevantado.com\/cs\/wp-json\/wp\/v2\/product_brand?post=17723"},{"taxonomy":"product_cat","embeddable":true,"href":"https:\/\/loshaitisescayolevantado.com\/cs\/wp-json\/wp\/v2\/product_cat?post=17723"},{"taxonomy":"product_tag","embeddable":true,"href":"https:\/\/loshaitisescayolevantado.com\/cs\/wp-json\/wp\/v2\/product_tag?post=17723"}],"curies":[{"name":"wp","href":"https:\/\/api.w.org\/{rel}","templated":true}]}}